{"id":66,"date":"2014-09-03T22:53:38","date_gmt":"2014-09-03T21:53:38","guid":{"rendered":"http:\/\/mediumtherapeute.com\/?page_id=66"},"modified":"2026-03-25T18:01:40","modified_gmt":"2026-03-25T17:01:40","slug":"temoignages","status":"publish","type":"page","link":"https:\/\/www.mediumtherapeute.com\/index.php\/temoignages\/","title":{"rendered":"T\u00e9moignages"},"content":{"rendered":"<div id=\"cib-chat-main\" class=\"main\">\n<div class=\"message\">\n<div class=\"content user-select-text\" tabindex=\"0\" aria-description=\"\" aria-label=\"Envoy\u00e9 par Copilot\u00a0: Vos t\u00e9moignages me touchent profond\u00e9ment et sont une v\u00e9ritable source d'inspiration pour moi. Ils repr\u00e9sentent des preuves pr\u00e9cieuses de confiance pour ceux qui d\u00e9couvrent mes services.\n\nSi vous souhaitez partager votre exp\u00e9rience, je vous invite \u00e0 laisser votre t\u00e9moignage en bas de cette page. Pour \u00e9viter les spams, je dois d'abord les valider, donc merci de votre patience si votre message n'appara\u00eet pas imm\u00e9diatement.\n\nMerci encore pour votre confiance et vos mots bienveillants.\"><\/p>\n<div class=\"ac-container ac-adaptiveCard has-image\">\n<div class=\"ac-textBlock\">\n<p>Vos t\u00e9moignages me touchent profond\u00e9ment et sont une v\u00e9ritable source de motivation pour moi. Ils repr\u00e9sentent \u00e9galement des preuves pr\u00e9cieuses de confiance pour ceux qui d\u00e9couvrent mes services.<\/p>\n<p>Si vous souhaitez partager votre exp\u00e9rience, je vous invite \u00e0 laisser votre t\u00e9moignage en bas de cette page. Pour \u00e9viter les spams, je dois d\u2019abord les valider, donc merci de votre patience si votre message n\u2019appara\u00eet pas imm\u00e9diatement.<\/p>\n<p>Merci encore pour votre confiance et vos mots bienveillants.<\/p>\n<\/div>\n<\/div>\n<\/div>\n<\/div>\n<\/div>\n","protected":false},"excerpt":{"rendered":"<p>Vos t\u00e9moignages me touchent profond\u00e9ment et sont une v\u00e9ritable source de motivation pour moi. Ils repr\u00e9sentent \u00e9galement des preuves pr\u00e9cieuses de confiance pour ceux qui d\u00e9couvrent mes services. Si vous souhaitez partager votre exp\u00e9rience, je vous invite \u00e0 laisser votre t\u00e9moignage en bas de cette page. Pour \u00e9viter les spams, je dois d\u2019abord les valider, [&hellip;]<\/p>\n","protected":false},"author":2,"featured_media":1031,"parent":0,"menu_order":0,"comment_status":"open","ping_status":"open","template":"","meta":{"footnotes":""},"class_list":["post-66","page","type-page","status-publish","has-post-thumbnail","hentry"],"yoast_head":"<!-- This site is optimized with the Yoast SEO plugin v27.5 - https:\/\/yoast.com\/product\/yoast-seo-wordpress\/ -->\n<title>T\u00e9moignages - M\u00e9dium-th\u00e9rapeute.com<\/title>\n<meta name=\"description\" content=\"T\u00e9moignages clients : d\u00e9couvrez les retours d\u2019exp\u00e9rience et avis sur l\u2019accompagnement m\u00e9diumnique et th\u00e9rapeutique propos\u00e9 par Peggy Sanchez.\" \/>\n<meta name=\"robots\" content=\"index, follow, max-snippet:-1, max-image-preview:large, max-video-preview:-1\" \/>\n<link rel=\"canonical\" href=\"https:\/\/www.mediumtherapeute.com\/index.php\/temoignages\/\" \/>\n<meta property=\"og:locale\" content=\"fr_FR\" \/>\n<meta property=\"og:type\" content=\"article\" \/>\n<meta property=\"og:title\" content=\"T\u00e9moignages - M\u00e9dium-th\u00e9rapeute.com\" \/>\n<meta property=\"og:description\" content=\"T\u00e9moignages clients : d\u00e9couvrez les retours d\u2019exp\u00e9rience et avis sur l\u2019accompagnement m\u00e9diumnique et th\u00e9rapeutique propos\u00e9 par Peggy Sanchez.\" \/>\n<meta property=\"og:url\" content=\"https:\/\/www.mediumtherapeute.com\/index.php\/temoignages\/\" \/>\n<meta property=\"og:site_name\" content=\"M\u00e9dium-th\u00e9rapeute.com\" \/>\n<meta property=\"article:modified_time\" content=\"2026-03-25T17:01:40+00:00\" \/>\n<meta name=\"twitter:card\" content=\"summary_large_image\" \/>\n<meta name=\"twitter:label1\" content=\"Dur\u00e9e de lecture estim\u00e9e\" \/>\n\t<meta name=\"twitter:data1\" content=\"1 minute\" \/>\n<script type=\"application\/ld+json\" class=\"yoast-schema-graph\">{\"@context\":\"https:\\\/\\\/schema.org\",\"@graph\":[{\"@type\":\"WebPage\",\"@id\":\"https:\\\/\\\/www.mediumtherapeute.com\\\/index.php\\\/temoignages\\\/\",\"url\":\"https:\\\/\\\/www.mediumtherapeute.com\\\/index.php\\\/temoignages\\\/\",\"name\":\"T\u00e9moignages - M\u00e9dium-th\u00e9rapeute.com\",\"isPartOf\":{\"@id\":\"https:\\\/\\\/www.mediumtherapeute.com\\\/#website\"},\"primaryImageOfPage\":{\"@id\":\"https:\\\/\\\/www.mediumtherapeute.com\\\/index.php\\\/temoignages\\\/#primaryimage\"},\"image\":{\"@id\":\"https:\\\/\\\/www.mediumtherapeute.com\\\/index.php\\\/temoignages\\\/#primaryimage\"},\"thumbnailUrl\":\"\",\"datePublished\":\"2014-09-03T21:53:38+00:00\",\"dateModified\":\"2026-03-25T17:01:40+00:00\",\"description\":\"T\u00e9moignages clients : d\u00e9couvrez les retours d\u2019exp\u00e9rience et avis sur l\u2019accompagnement m\u00e9diumnique et th\u00e9rapeutique propos\u00e9 par Peggy Sanchez.\",\"breadcrumb\":{\"@id\":\"https:\\\/\\\/www.mediumtherapeute.com\\\/index.php\\\/temoignages\\\/#breadcrumb\"},\"inLanguage\":\"fr-FR\",\"potentialAction\":[{\"@type\":\"ReadAction\",\"target\":[\"https:\\\/\\\/www.mediumtherapeute.com\\\/index.php\\\/temoignages\\\/\"]}]},{\"@type\":\"ImageObject\",\"inLanguage\":\"fr-FR\",\"@id\":\"https:\\\/\\\/www.mediumtherapeute.com\\\/index.php\\\/temoignages\\\/#primaryimage\",\"url\":\"\",\"contentUrl\":\"\"},{\"@type\":\"BreadcrumbList\",\"@id\":\"https:\\\/\\\/www.mediumtherapeute.com\\\/index.php\\\/temoignages\\\/#breadcrumb\",\"itemListElement\":[{\"@type\":\"ListItem\",\"position\":1,\"name\":\"Accueil\",\"item\":\"https:\\\/\\\/www.mediumtherapeute.com\\\/\"},{\"@type\":\"ListItem\",\"position\":2,\"name\":\"T\u00e9moignages\"}]},{\"@type\":\"WebSite\",\"@id\":\"https:\\\/\\\/www.mediumtherapeute.com\\\/#website\",\"url\":\"https:\\\/\\\/www.mediumtherapeute.com\\\/\",\"name\":\"M\u00e9dium-th\u00e9rapeute.com\",\"description\":\"Medium et formation medium \u00e0 Toulouse\",\"publisher\":{\"@id\":\"https:\\\/\\\/www.mediumtherapeute.com\\\/#\\\/schema\\\/person\\\/05ce1992c529ec27907fb7732bcbc37e\"},\"potentialAction\":[{\"@type\":\"SearchAction\",\"target\":{\"@type\":\"EntryPoint\",\"urlTemplate\":\"https:\\\/\\\/www.mediumtherapeute.com\\\/?s={search_term_string}\"},\"query-input\":{\"@type\":\"PropertyValueSpecification\",\"valueRequired\":true,\"valueName\":\"search_term_string\"}}],\"inLanguage\":\"fr-FR\"},{\"@type\":[\"Person\",\"Organization\"],\"@id\":\"https:\\\/\\\/www.mediumtherapeute.com\\\/#\\\/schema\\\/person\\\/05ce1992c529ec27907fb7732bcbc37e\",\"name\":\"pegase\",\"image\":{\"@type\":\"ImageObject\",\"inLanguage\":\"fr-FR\",\"@id\":\"https:\\\/\\\/www.mediumtherapeute.com\\\/wp-content\\\/uploads\\\/2024\\\/04\\\/LOGO-TB.jpg\",\"url\":\"https:\\\/\\\/www.mediumtherapeute.com\\\/wp-content\\\/uploads\\\/2024\\\/04\\\/LOGO-TB.jpg\",\"contentUrl\":\"https:\\\/\\\/www.mediumtherapeute.com\\\/wp-content\\\/uploads\\\/2024\\\/04\\\/LOGO-TB.jpg\",\"width\":571,\"height\":606,\"caption\":\"pegase\"},\"logo\":{\"@id\":\"https:\\\/\\\/www.mediumtherapeute.com\\\/wp-content\\\/uploads\\\/2024\\\/04\\\/LOGO-TB.jpg\"}}]}<\/script>\n<!-- \/ Yoast SEO plugin. -->","yoast_head_json":{"title":"T\u00e9moignages - M\u00e9dium-th\u00e9rapeute.com","description":"T\u00e9moignages clients : d\u00e9couvrez les retours d\u2019exp\u00e9rience et avis sur l\u2019accompagnement m\u00e9diumnique et th\u00e9rapeutique propos\u00e9 par Peggy Sanchez.","robots":{"index":"index","follow":"follow","max-snippet":"max-snippet:-1","max-image-preview":"max-image-preview:large","max-video-preview":"max-video-preview:-1"},"canonical":"https:\/\/www.mediumtherapeute.com\/index.php\/temoignages\/","og_locale":"fr_FR","og_type":"article","og_title":"T\u00e9moignages - M\u00e9dium-th\u00e9rapeute.com","og_description":"T\u00e9moignages clients : d\u00e9couvrez les retours d\u2019exp\u00e9rience et avis sur l\u2019accompagnement m\u00e9diumnique et th\u00e9rapeutique propos\u00e9 par Peggy Sanchez.","og_url":"https:\/\/www.mediumtherapeute.com\/index.php\/temoignages\/","og_site_name":"M\u00e9dium-th\u00e9rapeute.com","article_modified_time":"2026-03-25T17:01:40+00:00","twitter_card":"summary_large_image","twitter_misc":{"Dur\u00e9e de lecture estim\u00e9e":"1 minute"},"schema":{"@context":"https:\/\/schema.org","@graph":[{"@type":"WebPage","@id":"https:\/\/www.mediumtherapeute.com\/index.php\/temoignages\/","url":"https:\/\/www.mediumtherapeute.com\/index.php\/temoignages\/","name":"T\u00e9moignages - M\u00e9dium-th\u00e9rapeute.com","isPartOf":{"@id":"https:\/\/www.mediumtherapeute.com\/#website"},"primaryImageOfPage":{"@id":"https:\/\/www.mediumtherapeute.com\/index.php\/temoignages\/#primaryimage"},"image":{"@id":"https:\/\/www.mediumtherapeute.com\/index.php\/temoignages\/#primaryimage"},"thumbnailUrl":"","datePublished":"2014-09-03T21:53:38+00:00","dateModified":"2026-03-25T17:01:40+00:00","description":"T\u00e9moignages clients : d\u00e9couvrez les retours d\u2019exp\u00e9rience et avis sur l\u2019accompagnement m\u00e9diumnique et th\u00e9rapeutique propos\u00e9 par Peggy Sanchez.","breadcrumb":{"@id":"https:\/\/www.mediumtherapeute.com\/index.php\/temoignages\/#breadcrumb"},"inLanguage":"fr-FR","potentialAction":[{"@type":"ReadAction","target":["https:\/\/www.mediumtherapeute.com\/index.php\/temoignages\/"]}]},{"@type":"ImageObject","inLanguage":"fr-FR","@id":"https:\/\/www.mediumtherapeute.com\/index.php\/temoignages\/#primaryimage","url":"","contentUrl":""},{"@type":"BreadcrumbList","@id":"https:\/\/www.mediumtherapeute.com\/index.php\/temoignages\/#breadcrumb","itemListElement":[{"@type":"ListItem","position":1,"name":"Accueil","item":"https:\/\/www.mediumtherapeute.com\/"},{"@type":"ListItem","position":2,"name":"T\u00e9moignages"}]},{"@type":"WebSite","@id":"https:\/\/www.mediumtherapeute.com\/#website","url":"https:\/\/www.mediumtherapeute.com\/","name":"M\u00e9dium-th\u00e9rapeute.com","description":"Medium et formation medium \u00e0 Toulouse","publisher":{"@id":"https:\/\/www.mediumtherapeute.com\/#\/schema\/person\/05ce1992c529ec27907fb7732bcbc37e"},"potentialAction":[{"@type":"SearchAction","target":{"@type":"EntryPoint","urlTemplate":"https:\/\/www.mediumtherapeute.com\/?s={search_term_string}"},"query-input":{"@type":"PropertyValueSpecification","valueRequired":true,"valueName":"search_term_string"}}],"inLanguage":"fr-FR"},{"@type":["Person","Organization"],"@id":"https:\/\/www.mediumtherapeute.com\/#\/schema\/person\/05ce1992c529ec27907fb7732bcbc37e","name":"pegase","image":{"@type":"ImageObject","inLanguage":"fr-FR","@id":"https:\/\/www.mediumtherapeute.com\/wp-content\/uploads\/2024\/04\/LOGO-TB.jpg","url":"https:\/\/www.mediumtherapeute.com\/wp-content\/uploads\/2024\/04\/LOGO-TB.jpg","contentUrl":"https:\/\/www.mediumtherapeute.com\/wp-content\/uploads\/2024\/04\/LOGO-TB.jpg","width":571,"height":606,"caption":"pegase"},"logo":{"@id":"https:\/\/www.mediumtherapeute.com\/wp-content\/uploads\/2024\/04\/LOGO-TB.jpg"}}]}},"_links":{"self":[{"href":"https:\/\/www.mediumtherapeute.com\/index.php\/wp-json\/wp\/v2\/pages\/66","targetHints":{"allow":["GET"]}}],"collection":[{"href":"https:\/\/www.mediumtherapeute.com\/index.php\/wp-json\/wp\/v2\/pages"}],"about":[{"href":"https:\/\/www.mediumtherapeute.com\/index.php\/wp-json\/wp\/v2\/types\/page"}],"author":[{"embeddable":true,"href":"https:\/\/www.mediumtherapeute.com\/index.php\/wp-json\/wp\/v2\/users\/2"}],"replies":[{"embeddable":true,"href":"https:\/\/www.mediumtherapeute.com\/index.php\/wp-json\/wp\/v2\/comments?post=66"}],"version-history":[{"count":12,"href":"https:\/\/www.mediumtherapeute.com\/index.php\/wp-json\/wp\/v2\/pages\/66\/revisions"}],"predecessor-version":[{"id":5201,"href":"https:\/\/www.mediumtherapeute.com\/index.php\/wp-json\/wp\/v2\/pages\/66\/revisions\/5201"}],"wp:featuredmedia":[{"embeddable":true,"href":"https:\/\/www.mediumtherapeute.com\/index.php\/wp-json\/"}],"wp:attachment":[{"href":"https:\/\/www.mediumtherapeute.com\/index.php\/wp-json\/wp\/v2\/media?parent=66"}],"curies":[{"name":"wp","href":"https:\/\/api.w.org\/{rel}","templated":true}]}}