{"id":5372,"date":"2025-02-11T21:46:42","date_gmt":"2025-02-11T20:46:42","guid":{"rendered":"https:\/\/www.mediumtherapeute.com\/?page_id=5372"},"modified":"2025-02-11T22:04:13","modified_gmt":"2025-02-11T21:04:13","slug":"retraites-spirituelles","status":"publish","type":"page","link":"https:\/\/www.mediumtherapeute.com\/index.php\/retraites-spirituelles\/","title":{"rendered":"Retraites spirituelles"},"content":{"rendered":"\t\t<div data-elementor-type=\"wp-page\" data-elementor-id=\"5372\" class=\"elementor elementor-5372\">\n\t\t\t\t<div class=\"elementor-element elementor-element-5d8b452 e-con-full e-flex e-con e-parent\" data-id=\"5d8b452\" data-element_type=\"container\" data-e-type=\"container\">\n\t\t\t\t<div class=\"elementor-element elementor-element-46fe752 elementor-widget elementor-widget-heading\" data-id=\"46fe752\" data-element_type=\"widget\" data-e-type=\"widget\" data-widget_type=\"heading.default\">\n\t\t\t\t\t<h1 class=\"elementor-heading-title elementor-size-default\">Retraites spirituelles<\/h1>\t\t\t\t<\/div>\n\t\t\t\t<div class=\"elementor-element elementor-element-1b18560 elementor-widget elementor-widget-heading\" data-id=\"1b18560\" data-element_type=\"widget\" data-e-type=\"widget\" data-widget_type=\"heading.default\">\n\t\t\t\t\t<p class=\"elementor-heading-title elementor-size-default\">D\u00e9couvrez nos retraites spirituelles, organis\u00e9es plusieurs fois par an dans des hauts lieux \u00e9nerg\u00e9tiques. Plongez dans une exp\u00e9rience de ressourcement unique, reconnectez-vous avec vous-m\u00eame et trouvez l'harmonie dans un cadre naturel et serein. \n\n\n<\/p>\t\t\t\t<\/div>\n\t\t<div class=\"elementor-element elementor-element-33ce70d e-con-full e-flex e-con e-child\" data-id=\"33ce70d\" data-element_type=\"container\" data-e-type=\"container\">\n\t\t<div class=\"elementor-element elementor-element-42cbc4d e-con-full e-flex e-con e-child\" data-id=\"42cbc4d\" data-element_type=\"container\" data-e-type=\"container\">\n\t\t\t\t<div class=\"elementor-element elementor-element-34577a5 elementor-position-top elementor-widget elementor-widget-image-box\" data-id=\"34577a5\" data-element_type=\"widget\" data-e-type=\"widget\" data-widget_type=\"image-box.default\">\n\t\t\t\t\t<div class=\"elementor-image-box-wrapper\"><figure class=\"elementor-image-box-img\"><a href=\"#\" tabindex=\"-1\"><img fetchpriority=\"high\" decoding=\"async\" width=\"768\" height=\"768\" src=\"https:\/\/www.mediumtherapeute.com\/wp-content\/uploads\/2024\/08\/a340fc2f-4341-4ce6-b5b5-a506fa654f46-768x768.jpeg\" class=\"elementor-animation-grow attachment-medium_large size-medium_large wp-image-5045\" alt=\"m\u00e9ditation mont bugarach\" srcset=\"https:\/\/www.mediumtherapeute.com\/wp-content\/uploads\/2024\/08\/a340fc2f-4341-4ce6-b5b5-a506fa654f46-768x768.jpeg 768w, https:\/\/www.mediumtherapeute.com\/wp-content\/uploads\/2024\/08\/a340fc2f-4341-4ce6-b5b5-a506fa654f46-300x300.jpeg 300w, https:\/\/www.mediumtherapeute.com\/wp-content\/uploads\/2024\/08\/a340fc2f-4341-4ce6-b5b5-a506fa654f46-150x150.jpeg 150w, https:\/\/www.mediumtherapeute.com\/wp-content\/uploads\/2024\/08\/a340fc2f-4341-4ce6-b5b5-a506fa654f46.jpeg 1024w\" sizes=\"(max-width: 768px) 100vw, 768px\" \/><\/a><\/figure><div class=\"elementor-image-box-content\"><h2 class=\"elementor-image-box-title\"><a href=\"#\">Du 4 au 6 avril 2025 Retraite yoga et ascension du Mont Bugarach (Aude - 11)<\/a><\/h2><p class=\"elementor-image-box-description\">D\u00e9couvrez l\u2019ascension du l\u00e9gendaire Mont Bugarach, l\u2019un des sites \u00e9nerg\u00e9tiques les plus puissants de France. \u00c0 l\u2019arriv\u00e9e, profitez de m\u00e9ditations guid\u00e9es pour vous recentrer et vous aider \u00e0 clarifier vos prochains r\u00eaves.\u00a0 Participez \u00e0 des s\u00e9ances de yoga du c\u0153ur et de r\u00e9cup\u00e9ration avec Uma Shakti Yoga. Vivez un week-end revitalisant, riche en belles connexions et en \u00e9nergie positive.<\/p><\/div><\/div>\t\t\t\t<\/div>\n\t\t\t\t<div class=\"elementor-element elementor-element-0d0a346 elementor-widget elementor-widget-button\" data-id=\"0d0a346\" data-element_type=\"widget\" data-e-type=\"widget\" data-widget_type=\"button.default\">\n\t\t\t\t\t\t\t\t\t\t<a class=\"elementor-button elementor-button-link elementor-size-sm\" href=\"https:\/\/www.mediumtherapeute.com\/index.php\/2170-2\/\">\n\t\t\t\t\t\t<span class=\"elementor-button-content-wrapper\">\n\t\t\t\t\t\t\t\t\t<span class=\"elementor-button-text\">360\u20ac \/ tout inclus<\/span>\n\t\t\t\t\t<\/span>\n\t\t\t\t\t<\/a>\n\t\t\t\t\t\t\t\t<\/div>\n\t\t\t\t<\/div>\n\t\t<div class=\"elementor-element elementor-element-6589f0b e-con-full e-flex e-con e-child\" data-id=\"6589f0b\" data-element_type=\"container\" data-e-type=\"container\">\n\t\t\t\t<div class=\"elementor-element elementor-element-3cbe999 elementor-position-top elementor-widget elementor-widget-image-box\" data-id=\"3cbe999\" data-element_type=\"widget\" data-e-type=\"widget\" data-widget_type=\"image-box.default\">\n\t\t\t\t\t<div class=\"elementor-image-box-wrapper\"><figure class=\"elementor-image-box-img\"><a href=\"#\" tabindex=\"-1\"><img decoding=\"async\" width=\"768\" height=\"747\" src=\"https:\/\/www.mediumtherapeute.com\/wp-content\/uploads\/2025\/01\/474842511_593314683322273_8669544308703787260_n-768x747.jpg\" class=\"elementor-animation-grow attachment-medium_large size-medium_large wp-image-5329\" alt=\"retraite mont bugarach\" srcset=\"https:\/\/www.mediumtherapeute.com\/wp-content\/uploads\/2025\/01\/474842511_593314683322273_8669544308703787260_n-768x747.jpg 768w, https:\/\/www.mediumtherapeute.com\/wp-content\/uploads\/2025\/01\/474842511_593314683322273_8669544308703787260_n-300x292.jpg 300w, https:\/\/www.mediumtherapeute.com\/wp-content\/uploads\/2025\/01\/474842511_593314683322273_8669544308703787260_n-1024x997.jpg 1024w, https:\/\/www.mediumtherapeute.com\/wp-content\/uploads\/2025\/01\/474842511_593314683322273_8669544308703787260_n.jpg 1080w\" sizes=\"(max-width: 768px) 100vw, 768px\" \/><\/a><\/figure><div class=\"elementor-image-box-content\"><h4 class=\"elementor-image-box-title\"><a href=\"#\">Du 31\/10 au 02\/11\/25 Retraite bien-\u00eatre et ascension du Mont Bugarach (Aude - 11)<\/a><\/h4><p class=\"elementor-image-box-description\">Profitez d'un week-end bien-\u00eatre pour vous r\u00e9\u00e9nergiser au c\u0153ur de l'Aude dans un g\u00eete luxueux avec piscine int\u00e9rieure, jacuzzi, sauna et vue sur le Mont Bugarach. S\u00e9ance d\u00e9tente, m\u00e9ditations, sonoth\u00e9rapie... Faites l'ascension du c\u00e9l\u00e8bre Mont Bugarach avec des m\u00e9ditations guid\u00e9es vibrantes et r\u00e9\u00e9nergisantes. Un week-end plac\u00e9 sous le signe de la relaxation et de la reconnexion \u00e0 soi. <\/p><\/div><\/div>\t\t\t\t<\/div>\n\t\t\t\t<div class=\"elementor-element elementor-element-1bac131 elementor-widget elementor-widget-button\" data-id=\"1bac131\" data-element_type=\"widget\" data-e-type=\"widget\" data-widget_type=\"button.default\">\n\t\t\t\t\t\t\t\t\t\t<a class=\"elementor-button elementor-button-link elementor-size-sm\" href=\"https:\/\/www.mediumtherapeute.com\/index.php\/2170-2\/\">\n\t\t\t\t\t\t<span class=\"elementor-button-content-wrapper\">\n\t\t\t\t\t\t\t\t\t<span class=\"elementor-button-text\">420\u20ac \/ tout inclus<\/span>\n\t\t\t\t\t<\/span>\n\t\t\t\t\t<\/a>\n\t\t\t\t\t\t\t\t<\/div>\n\t\t\t\t<\/div>\n\t\t<div class=\"elementor-element elementor-element-fba898e e-con-full e-flex e-con e-child\" data-id=\"fba898e\" data-element_type=\"container\" data-e-type=\"container\">\n\t\t\t\t<div class=\"elementor-element elementor-element-2b7c81d elementor-position-top elementor-widget elementor-widget-image-box\" data-id=\"2b7c81d\" data-element_type=\"widget\" data-e-type=\"widget\" data-widget_type=\"image-box.default\">\n\t\t\t\t\t<div class=\"elementor-image-box-wrapper\"><figure class=\"elementor-image-box-img\"><a href=\"#\" tabindex=\"-1\"><img decoding=\"async\" width=\"768\" height=\"747\" src=\"https:\/\/www.mediumtherapeute.com\/wp-content\/uploads\/2025\/01\/474842511_593314683322273_8669544308703787260_n-768x747.jpg\" class=\"elementor-animation-grow attachment-medium_large size-medium_large wp-image-5329\" alt=\"retraite mont bugarach\" srcset=\"https:\/\/www.mediumtherapeute.com\/wp-content\/uploads\/2025\/01\/474842511_593314683322273_8669544308703787260_n-768x747.jpg 768w, https:\/\/www.mediumtherapeute.com\/wp-content\/uploads\/2025\/01\/474842511_593314683322273_8669544308703787260_n-300x292.jpg 300w, https:\/\/www.mediumtherapeute.com\/wp-content\/uploads\/2025\/01\/474842511_593314683322273_8669544308703787260_n-1024x997.jpg 1024w, https:\/\/www.mediumtherapeute.com\/wp-content\/uploads\/2025\/01\/474842511_593314683322273_8669544308703787260_n.jpg 1080w\" sizes=\"(max-width: 768px) 100vw, 768px\" \/><\/a><\/figure><div class=\"elementor-image-box-content\"><h4 class=\"elementor-image-box-title\"><a href=\"#\">Du 31\/10 au 02\/11\/25 Retraite bien-\u00eatre et ascension du Mont Bugarach (Aude - 11)<\/a><\/h4><p class=\"elementor-image-box-description\">Profitez d'un week-end bien-\u00eatre pour vous r\u00e9\u00e9nergiser au c\u0153ur de l'Aude dans un g\u00eete luxueux avec piscine int\u00e9rieure, jacuzzi, sauna et vue sur le Mont Bugarach. S\u00e9ance d\u00e9tente, m\u00e9ditations, sonoth\u00e9rapie... Faites l'ascension du c\u00e9l\u00e8bre Mont Bugarach avec des m\u00e9ditations guid\u00e9es vibrantes et r\u00e9\u00e9nergisantes. Un week-end plac\u00e9 sous le signe de la relaxation et de la reconnexion \u00e0 soi. <\/p><\/div><\/div>\t\t\t\t<\/div>\n\t\t\t\t<div class=\"elementor-element elementor-element-db54d58 elementor-widget elementor-widget-button\" data-id=\"db54d58\" data-element_type=\"widget\" data-e-type=\"widget\" data-widget_type=\"button.default\">\n\t\t\t\t\t\t\t\t\t\t<a class=\"elementor-button elementor-button-link elementor-size-sm\" href=\"https:\/\/www.mediumtherapeute.com\/index.php\/2170-2\/\">\n\t\t\t\t\t\t<span class=\"elementor-button-content-wrapper\">\n\t\t\t\t\t\t\t\t\t<span class=\"elementor-button-text\">420\u20ac \/ tout inclus<\/span>\n\t\t\t\t\t<\/span>\n\t\t\t\t\t<\/a>\n\t\t\t\t\t\t\t\t<\/div>\n\t\t\t\t<\/div>\n\t\t\t\t<\/div>\n\t\t\t\t<\/div>\n\t\t\t\t<\/div>\n\t\t","protected":false},"excerpt":{"rendered":"<p>Retraites spirituelles D\u00e9couvrez nos retraites spirituelles, organis\u00e9es plusieurs fois par an dans des hauts lieux \u00e9nerg\u00e9tiques. Plongez dans une exp\u00e9rience de ressourcement unique, reconnectez-vous avec vous-m\u00eame et trouvez l&rsquo;harmonie dans un cadre naturel et serein. Du 4 au 6 avril 2025 Retraite yoga et ascension du Mont Bugarach (Aude &#8211; 11) D\u00e9couvrez l\u2019ascension du l\u00e9gendaire [&hellip;]<\/p>\n","protected":false},"author":2,"featured_media":0,"parent":0,"menu_order":0,"comment_status":"closed","ping_status":"closed","template":"","meta":{"footnotes":""},"class_list":["post-5372","page","type-page","status-publish","hentry"],"yoast_head":"<!-- This site is optimized with the Yoast SEO plugin v27.4 - https:\/\/yoast.com\/product\/yoast-seo-wordpress\/ -->\n<title>Retraites spirituelles - M\u00e9dium-th\u00e9rapeute.com<\/title>\n<meta name=\"robots\" content=\"index, follow, max-snippet:-1, max-image-preview:large, max-video-preview:-1\" \/>\n<link rel=\"canonical\" href=\"https:\/\/www.mediumtherapeute.com\/index.php\/retraites-spirituelles\/\" \/>\n<meta property=\"og:locale\" content=\"fr_FR\" \/>\n<meta property=\"og:type\" content=\"article\" \/>\n<meta property=\"og:title\" content=\"Retraites spirituelles - M\u00e9dium-th\u00e9rapeute.com\" \/>\n<meta property=\"og:description\" content=\"Retraites spirituelles D\u00e9couvrez nos retraites spirituelles, organis\u00e9es plusieurs fois par an dans des hauts lieux \u00e9nerg\u00e9tiques. Plongez dans une exp\u00e9rience de ressourcement unique, reconnectez-vous avec vous-m\u00eame et trouvez l&rsquo;harmonie dans un cadre naturel et serein. Du 4 au 6 avril 2025 Retraite yoga et ascension du Mont Bugarach (Aude &#8211; 11) D\u00e9couvrez l\u2019ascension du l\u00e9gendaire [&hellip;]\" \/>\n<meta property=\"og:url\" content=\"https:\/\/www.mediumtherapeute.com\/index.php\/retraites-spirituelles\/\" \/>\n<meta property=\"og:site_name\" content=\"M\u00e9dium-th\u00e9rapeute.com\" \/>\n<meta property=\"article:modified_time\" content=\"2025-02-11T21:04:13+00:00\" \/>\n<meta property=\"og:image\" content=\"https:\/\/www.mediumtherapeute.com\/wp-content\/uploads\/2024\/08\/a340fc2f-4341-4ce6-b5b5-a506fa654f46.jpeg\" \/>\n\t<meta property=\"og:image:width\" content=\"1024\" \/>\n\t<meta property=\"og:image:height\" content=\"1024\" \/>\n\t<meta property=\"og:image:type\" content=\"image\/jpeg\" \/>\n<meta name=\"twitter:card\" content=\"summary_large_image\" \/>\n<script type=\"application\/ld+json\" class=\"yoast-schema-graph\">{\"@context\":\"https:\\\/\\\/schema.org\",\"@graph\":[{\"@type\":\"WebPage\",\"@id\":\"https:\\\/\\\/www.mediumtherapeute.com\\\/index.php\\\/retraites-spirituelles\\\/\",\"url\":\"https:\\\/\\\/www.mediumtherapeute.com\\\/index.php\\\/retraites-spirituelles\\\/\",\"name\":\"Retraites spirituelles - M\u00e9dium-th\u00e9rapeute.com\",\"isPartOf\":{\"@id\":\"https:\\\/\\\/www.mediumtherapeute.com\\\/#website\"},\"primaryImageOfPage\":{\"@id\":\"https:\\\/\\\/www.mediumtherapeute.com\\\/index.php\\\/retraites-spirituelles\\\/#primaryimage\"},\"image\":{\"@id\":\"https:\\\/\\\/www.mediumtherapeute.com\\\/index.php\\\/retraites-spirituelles\\\/#primaryimage\"},\"thumbnailUrl\":\"https:\\\/\\\/www.mediumtherapeute.com\\\/wp-content\\\/uploads\\\/2024\\\/08\\\/a340fc2f-4341-4ce6-b5b5-a506fa654f46-768x768.jpeg\",\"datePublished\":\"2025-02-11T20:46:42+00:00\",\"dateModified\":\"2025-02-11T21:04:13+00:00\",\"breadcrumb\":{\"@id\":\"https:\\\/\\\/www.mediumtherapeute.com\\\/index.php\\\/retraites-spirituelles\\\/#breadcrumb\"},\"inLanguage\":\"fr-FR\",\"potentialAction\":[{\"@type\":\"ReadAction\",\"target\":[\"https:\\\/\\\/www.mediumtherapeute.com\\\/index.php\\\/retraites-spirituelles\\\/\"]}]},{\"@type\":\"ImageObject\",\"inLanguage\":\"fr-FR\",\"@id\":\"https:\\\/\\\/www.mediumtherapeute.com\\\/index.php\\\/retraites-spirituelles\\\/#primaryimage\",\"url\":\"https:\\\/\\\/www.mediumtherapeute.com\\\/wp-content\\\/uploads\\\/2024\\\/08\\\/a340fc2f-4341-4ce6-b5b5-a506fa654f46.jpeg\",\"contentUrl\":\"https:\\\/\\\/www.mediumtherapeute.com\\\/wp-content\\\/uploads\\\/2024\\\/08\\\/a340fc2f-4341-4ce6-b5b5-a506fa654f46.jpeg\",\"width\":1024,\"height\":1024,\"caption\":\"m\u00e9ditation mont bugarach\"},{\"@type\":\"BreadcrumbList\",\"@id\":\"https:\\\/\\\/www.mediumtherapeute.com\\\/index.php\\\/retraites-spirituelles\\\/#breadcrumb\",\"itemListElement\":[{\"@type\":\"ListItem\",\"position\":1,\"name\":\"Accueil\",\"item\":\"https:\\\/\\\/www.mediumtherapeute.com\\\/\"},{\"@type\":\"ListItem\",\"position\":2,\"name\":\"Retraites spirituelles\"}]},{\"@type\":\"WebSite\",\"@id\":\"https:\\\/\\\/www.mediumtherapeute.com\\\/#website\",\"url\":\"https:\\\/\\\/www.mediumtherapeute.com\\\/\",\"name\":\"M\u00e9dium-th\u00e9rapeute.com\",\"description\":\"Medium et formation medium \u00e0 Toulouse\",\"publisher\":{\"@id\":\"https:\\\/\\\/www.mediumtherapeute.com\\\/#\\\/schema\\\/person\\\/05ce1992c529ec27907fb7732bcbc37e\"},\"potentialAction\":[{\"@type\":\"SearchAction\",\"target\":{\"@type\":\"EntryPoint\",\"urlTemplate\":\"https:\\\/\\\/www.mediumtherapeute.com\\\/?s={search_term_string}\"},\"query-input\":{\"@type\":\"PropertyValueSpecification\",\"valueRequired\":true,\"valueName\":\"search_term_string\"}}],\"inLanguage\":\"fr-FR\"},{\"@type\":[\"Person\",\"Organization\"],\"@id\":\"https:\\\/\\\/www.mediumtherapeute.com\\\/#\\\/schema\\\/person\\\/05ce1992c529ec27907fb7732bcbc37e\",\"name\":\"pegase\",\"image\":{\"@type\":\"ImageObject\",\"inLanguage\":\"fr-FR\",\"@id\":\"https:\\\/\\\/www.mediumtherapeute.com\\\/wp-content\\\/uploads\\\/2024\\\/04\\\/LOGO-TB.jpg\",\"url\":\"https:\\\/\\\/www.mediumtherapeute.com\\\/wp-content\\\/uploads\\\/2024\\\/04\\\/LOGO-TB.jpg\",\"contentUrl\":\"https:\\\/\\\/www.mediumtherapeute.com\\\/wp-content\\\/uploads\\\/2024\\\/04\\\/LOGO-TB.jpg\",\"width\":571,\"height\":606,\"caption\":\"pegase\"},\"logo\":{\"@id\":\"https:\\\/\\\/www.mediumtherapeute.com\\\/wp-content\\\/uploads\\\/2024\\\/04\\\/LOGO-TB.jpg\"}}]}<\/script>\n<!-- \/ Yoast SEO plugin. -->","yoast_head_json":{"title":"Retraites spirituelles - M\u00e9dium-th\u00e9rapeute.com","robots":{"index":"index","follow":"follow","max-snippet":"max-snippet:-1","max-image-preview":"max-image-preview:large","max-video-preview":"max-video-preview:-1"},"canonical":"https:\/\/www.mediumtherapeute.com\/index.php\/retraites-spirituelles\/","og_locale":"fr_FR","og_type":"article","og_title":"Retraites spirituelles - M\u00e9dium-th\u00e9rapeute.com","og_description":"Retraites spirituelles D\u00e9couvrez nos retraites spirituelles, organis\u00e9es plusieurs fois par an dans des hauts lieux \u00e9nerg\u00e9tiques. Plongez dans une exp\u00e9rience de ressourcement unique, reconnectez-vous avec vous-m\u00eame et trouvez l&rsquo;harmonie dans un cadre naturel et serein. Du 4 au 6 avril 2025 Retraite yoga et ascension du Mont Bugarach (Aude &#8211; 11) D\u00e9couvrez l\u2019ascension du l\u00e9gendaire [&hellip;]","og_url":"https:\/\/www.mediumtherapeute.com\/index.php\/retraites-spirituelles\/","og_site_name":"M\u00e9dium-th\u00e9rapeute.com","article_modified_time":"2025-02-11T21:04:13+00:00","og_image":[{"width":1024,"height":1024,"url":"https:\/\/www.mediumtherapeute.com\/wp-content\/uploads\/2024\/08\/a340fc2f-4341-4ce6-b5b5-a506fa654f46.jpeg","type":"image\/jpeg"}],"twitter_card":"summary_large_image","schema":{"@context":"https:\/\/schema.org","@graph":[{"@type":"WebPage","@id":"https:\/\/www.mediumtherapeute.com\/index.php\/retraites-spirituelles\/","url":"https:\/\/www.mediumtherapeute.com\/index.php\/retraites-spirituelles\/","name":"Retraites spirituelles - M\u00e9dium-th\u00e9rapeute.com","isPartOf":{"@id":"https:\/\/www.mediumtherapeute.com\/#website"},"primaryImageOfPage":{"@id":"https:\/\/www.mediumtherapeute.com\/index.php\/retraites-spirituelles\/#primaryimage"},"image":{"@id":"https:\/\/www.mediumtherapeute.com\/index.php\/retraites-spirituelles\/#primaryimage"},"thumbnailUrl":"https:\/\/www.mediumtherapeute.com\/wp-content\/uploads\/2024\/08\/a340fc2f-4341-4ce6-b5b5-a506fa654f46-768x768.jpeg","datePublished":"2025-02-11T20:46:42+00:00","dateModified":"2025-02-11T21:04:13+00:00","breadcrumb":{"@id":"https:\/\/www.mediumtherapeute.com\/index.php\/retraites-spirituelles\/#breadcrumb"},"inLanguage":"fr-FR","potentialAction":[{"@type":"ReadAction","target":["https:\/\/www.mediumtherapeute.com\/index.php\/retraites-spirituelles\/"]}]},{"@type":"ImageObject","inLanguage":"fr-FR","@id":"https:\/\/www.mediumtherapeute.com\/index.php\/retraites-spirituelles\/#primaryimage","url":"https:\/\/www.mediumtherapeute.com\/wp-content\/uploads\/2024\/08\/a340fc2f-4341-4ce6-b5b5-a506fa654f46.jpeg","contentUrl":"https:\/\/www.mediumtherapeute.com\/wp-content\/uploads\/2024\/08\/a340fc2f-4341-4ce6-b5b5-a506fa654f46.jpeg","width":1024,"height":1024,"caption":"m\u00e9ditation mont bugarach"},{"@type":"BreadcrumbList","@id":"https:\/\/www.mediumtherapeute.com\/index.php\/retraites-spirituelles\/#breadcrumb","itemListElement":[{"@type":"ListItem","position":1,"name":"Accueil","item":"https:\/\/www.mediumtherapeute.com\/"},{"@type":"ListItem","position":2,"name":"Retraites spirituelles"}]},{"@type":"WebSite","@id":"https:\/\/www.mediumtherapeute.com\/#website","url":"https:\/\/www.mediumtherapeute.com\/","name":"M\u00e9dium-th\u00e9rapeute.com","description":"Medium et formation medium \u00e0 Toulouse","publisher":{"@id":"https:\/\/www.mediumtherapeute.com\/#\/schema\/person\/05ce1992c529ec27907fb7732bcbc37e"},"potentialAction":[{"@type":"SearchAction","target":{"@type":"EntryPoint","urlTemplate":"https:\/\/www.mediumtherapeute.com\/?s={search_term_string}"},"query-input":{"@type":"PropertyValueSpecification","valueRequired":true,"valueName":"search_term_string"}}],"inLanguage":"fr-FR"},{"@type":["Person","Organization"],"@id":"https:\/\/www.mediumtherapeute.com\/#\/schema\/person\/05ce1992c529ec27907fb7732bcbc37e","name":"pegase","image":{"@type":"ImageObject","inLanguage":"fr-FR","@id":"https:\/\/www.mediumtherapeute.com\/wp-content\/uploads\/2024\/04\/LOGO-TB.jpg","url":"https:\/\/www.mediumtherapeute.com\/wp-content\/uploads\/2024\/04\/LOGO-TB.jpg","contentUrl":"https:\/\/www.mediumtherapeute.com\/wp-content\/uploads\/2024\/04\/LOGO-TB.jpg","width":571,"height":606,"caption":"pegase"},"logo":{"@id":"https:\/\/www.mediumtherapeute.com\/wp-content\/uploads\/2024\/04\/LOGO-TB.jpg"}}]}},"_links":{"self":[{"href":"https:\/\/www.mediumtherapeute.com\/index.php\/wp-json\/wp\/v2\/pages\/5372","targetHints":{"allow":["GET"]}}],"collection":[{"href":"https:\/\/www.mediumtherapeute.com\/index.php\/wp-json\/wp\/v2\/pages"}],"about":[{"href":"https:\/\/www.mediumtherapeute.com\/index.php\/wp-json\/wp\/v2\/types\/page"}],"author":[{"embeddable":true,"href":"https:\/\/www.mediumtherapeute.com\/index.php\/wp-json\/wp\/v2\/users\/2"}],"replies":[{"embeddable":true,"href":"https:\/\/www.mediumtherapeute.com\/index.php\/wp-json\/wp\/v2\/comments?post=5372"}],"version-history":[{"count":10,"href":"https:\/\/www.mediumtherapeute.com\/index.php\/wp-json\/wp\/v2\/pages\/5372\/revisions"}],"predecessor-version":[{"id":5389,"href":"https:\/\/www.mediumtherapeute.com\/index.php\/wp-json\/wp\/v2\/pages\/5372\/revisions\/5389"}],"wp:attachment":[{"href":"https:\/\/www.mediumtherapeute.com\/index.php\/wp-json\/wp\/v2\/media?parent=5372"}],"curies":[{"name":"wp","href":"https:\/\/api.w.org\/{rel}","templated":true}]}}