{"id":5143,"date":"2024-09-08T17:26:19","date_gmt":"2024-09-08T15:26:19","guid":{"rendered":"https:\/\/www.mediumtherapeute.com\/?page_id=5143"},"modified":"2025-01-23T18:29:50","modified_gmt":"2025-01-23T17:29:50","slug":"elementor-5143","status":"publish","type":"page","link":"https:\/\/www.mediumtherapeute.com\/index.php\/elementor-5143\/","title":{"rendered":"Voyance"},"content":{"rendered":"\t\t<div data-elementor-type=\"wp-page\" data-elementor-id=\"5143\" class=\"elementor elementor-5143\">\n\t\t\t\t<div class=\"elementor-element elementor-element-324e0e72 e-con-full e-flex e-con e-parent\" data-id=\"324e0e72\" data-element_type=\"container\" data-e-type=\"container\" data-settings=\"{&quot;background_background&quot;:&quot;classic&quot;}\">\n\t\t<div class=\"elementor-element elementor-element-3a88ea99 e-con-full e-flex e-con e-child\" data-id=\"3a88ea99\" data-element_type=\"container\" data-e-type=\"container\">\n\t\t\t\t<div class=\"elementor-element elementor-element-47218c34 elementor-widget elementor-widget-heading\" data-id=\"47218c34\" data-element_type=\"widget\" data-e-type=\"widget\" data-widget_type=\"heading.default\">\n\t\t\t\t\t<p class=\"elementor-heading-title elementor-size-default\">services<\/p>\t\t\t\t<\/div>\n\t\t\t\t<div class=\"elementor-element elementor-element-23d2f385 elementor-widget elementor-widget-heading\" data-id=\"23d2f385\" data-element_type=\"widget\" data-e-type=\"widget\" data-widget_type=\"heading.default\">\n\t\t\t\t\t<h2 class=\"elementor-heading-title elementor-size-default\">Voyance par t\u00e9l\u00e9phone<\/h2>\t\t\t\t<\/div>\n\t\t\t\t<div class=\"elementor-element elementor-element-5499e3a9 elementor-widget elementor-widget-text-editor\" data-id=\"5499e3a9\" data-element_type=\"widget\" data-e-type=\"widget\" data-widget_type=\"text-editor.default\">\n\t\t\t\t\t\t\t\t\t<p>Vous avez des questions sur l&rsquo;amour, l&rsquo;argent, ou votre carri\u00e8re? Laissez-nous vous guider avec clart\u00e9 et compassion. Une consultation t\u00e9l\u00e9phonique personnalis\u00e9e pour \u00e9clairer votre chemin et vous apporter des r\u00e9ponses pr\u00e9cises et inspirantes.<\/p>\t\t\t\t\t\t\t\t<\/div>\n\t\t\t\t<div class=\"elementor-element elementor-element-76854585 elementor-align-left elementor-tablet-align-center elementor-widget elementor-widget-button\" data-id=\"76854585\" data-element_type=\"widget\" data-e-type=\"widget\" data-widget_type=\"button.default\">\n\t\t\t\t\t\t\t\t\t\t<a class=\"elementor-button elementor-button-link elementor-size-sm elementor-animation-grow\" href=\"#\">\n\t\t\t\t\t\t<span class=\"elementor-button-content-wrapper\">\n\t\t\t\t\t\t\t\t\t<span class=\"elementor-button-text\">06.60.10.35.11<\/span>\n\t\t\t\t\t<\/span>\n\t\t\t\t\t<\/a>\n\t\t\t\t\t\t\t\t<\/div>\n\t\t\t\t<\/div>\n\t\t\t\t<div class=\"elementor-element elementor-element-5a015300 elementor-widget__width-initial elementor-widget-tablet__width-inherit elementor-widget elementor-widget-image\" data-id=\"5a015300\" data-element_type=\"widget\" data-e-type=\"widget\" data-widget_type=\"image.default\">\n\t\t\t\t\t\t\t\t\t\t\t\t\t\t\t<img fetchpriority=\"high\" decoding=\"async\" width=\"300\" height=\"300\" src=\"https:\/\/www.mediumtherapeute.com\/wp-content\/uploads\/2025\/01\/22fadc70-6075-483f-ab93-b5418190a91e-300x300.jpeg\" class=\"attachment-medium size-medium wp-image-5238\" alt=\"voyance par t\u00e9l\u00e9phone\" srcset=\"https:\/\/www.mediumtherapeute.com\/wp-content\/uploads\/2025\/01\/22fadc70-6075-483f-ab93-b5418190a91e-300x300.jpeg 300w, https:\/\/www.mediumtherapeute.com\/wp-content\/uploads\/2025\/01\/22fadc70-6075-483f-ab93-b5418190a91e-150x150.jpeg 150w, https:\/\/www.mediumtherapeute.com\/wp-content\/uploads\/2025\/01\/22fadc70-6075-483f-ab93-b5418190a91e-768x768.jpeg 768w, https:\/\/www.mediumtherapeute.com\/wp-content\/uploads\/2025\/01\/22fadc70-6075-483f-ab93-b5418190a91e.jpeg 1024w\" sizes=\"(max-width: 300px) 100vw, 300px\" \/>\t\t\t\t\t\t\t\t\t\t\t\t\t\t\t<\/div>\n\t\t\t\t<\/div>\n\t\t<div class=\"elementor-element elementor-element-7358ad1 e-flex e-con-boxed e-con e-parent\" data-id=\"7358ad1\" data-element_type=\"container\" data-e-type=\"container\">\n\t\t\t\t\t<div class=\"e-con-inner\">\n\t\t\t\t<div class=\"elementor-element elementor-element-8cbe5db elementor-widget elementor-widget-text-editor\" data-id=\"8cbe5db\" data-element_type=\"widget\" data-e-type=\"widget\" data-widget_type=\"text-editor.default\">\n\t\t\t\t\t\t\t\t\t<div data-olk-copy-source=\"MailCompose\">\u00c0 la recherche de r\u00e9ponses claires et pr\u00e9cises sur votre avenir personnel, professionnel ou sentimental ? En tant que m\u00e9dium clairvoyante et clairaudiente, je suis ici pour vous guider avec clart\u00e9 et compassion. Gr\u00e2ce \u00e0 ma connexion avec mes guides spirituels et vos annales akashiques, je peux vous offrir des consultations t\u00e9l\u00e9phoniques personnalis\u00e9es qui \u00e9claireront votre chemin de vie.<\/div>\t\t\t\t\t\t\t\t<\/div>\n\t\t\t\t\t<\/div>\n\t\t\t\t<\/div>\n\t\t<div class=\"elementor-element elementor-element-8873977 e-flex e-con-boxed e-con e-parent\" data-id=\"8873977\" data-element_type=\"container\" data-e-type=\"container\">\n\t\t\t\t\t<div class=\"e-con-inner\">\n\t\t\t\t<div class=\"elementor-element elementor-element-02dc22a elementor-widget elementor-widget-heading\" data-id=\"02dc22a\" data-element_type=\"widget\" data-e-type=\"widget\" data-widget_type=\"heading.default\">\n\t\t\t\t\t<h2 class=\"elementor-heading-title elementor-size-default\">Consultations de voyance par t\u00e9l\u00e9phone <\/h2>\t\t\t\t<\/div>\n\t\t\t\t\t<\/div>\n\t\t\t\t<\/div>\n\t\t<div class=\"elementor-element elementor-element-c71b68c e-grid e-con-boxed e-con e-parent\" data-id=\"c71b68c\" data-element_type=\"container\" data-e-type=\"container\">\n\t\t\t\t\t<div class=\"e-con-inner\">\n\t\t\t\t<div class=\"elementor-element elementor-element-5accc95 elementor-widget elementor-widget-text-editor\" data-id=\"5accc95\" data-element_type=\"widget\" data-e-type=\"widget\" data-widget_type=\"text-editor.default\">\n\t\t\t\t\t\t\t\t\t<h3>15 mn \/ 30\u20ac<\/h3><p>Une session rapide et efficace pour r\u00e9pondre \u00e0 vos questions urgentes et vous apporter des \u00e9claircissements imm\u00e9diats.<\/p>\t\t\t\t\t\t\t\t<\/div>\n\t\t\t\t<div class=\"elementor-element elementor-element-ff54517 elementor-widget elementor-widget-text-editor\" data-id=\"ff54517\" data-element_type=\"widget\" data-e-type=\"widget\" data-widget_type=\"text-editor.default\">\n\t\t\t\t\t\t\t\t\t<h3>30 mn \/ 60\u20ac<\/h3><p>Une session plus approfondie pour explorer vos pr\u00e9occupations en d\u00e9tail et recevoir des conseils personnalis\u00e9s.<\/p>\t\t\t\t\t\t\t\t<\/div>\n\t\t\t\t\t<\/div>\n\t\t\t\t<\/div>\n\t\t<div class=\"elementor-element elementor-element-0e045b4 e-flex e-con-boxed e-con e-parent\" data-id=\"0e045b4\" data-element_type=\"container\" data-e-type=\"container\">\n\t\t\t\t\t<div class=\"e-con-inner\">\n\t\t\t\t<div class=\"elementor-element elementor-element-f3715a4 elementor-widget elementor-widget-text-editor\" data-id=\"f3715a4\" data-element_type=\"widget\" data-e-type=\"widget\" data-widget_type=\"text-editor.default\">\n\t\t\t\t\t\t\t\t\t<div><em><b>Qu&rsquo;est-ce que les annales akashiques?<\/b><\/em>\u00a0<\/div><div>\u00a0<\/div><div><em>Les annales akashiques sont un registre spirituel qui contient la connaissance de toutes les exp\u00e9riences de chaque \u00e2me \u00e0 travers le temps. Elles sont souvent d\u00e9crites comme une<\/em> <em>biblioth\u00e8que cosmique o\u00f9 sont enregistr\u00e9s tous les \u00e9v\u00e9nements, actions, pens\u00e9es et \u00e9motions de chaque \u00eatre vivant. En acc\u00e9dant \u00e0 ces archives, je peux vous aider \u00e0 d\u00e9couvrir des aspects cach\u00e9s de votre pass\u00e9, comprendre les le\u00e7ons de votre vie pr\u00e9sente et recevoir des orientations pour votre futur.<\/em><\/div><div>\u00a0<\/div><div>Contactez-moi d\u00e8s aujourd&rsquo;hui pour planifier votre consultation et commencez votre voyage vers un avenir plus \u00e9clair\u00e9.\u00a0<\/div>\t\t\t\t\t\t\t\t<\/div>\n\t\t\t\t\t<\/div>\n\t\t\t\t<\/div>\n\t\t<div class=\"elementor-element elementor-element-79993cd e-flex e-con-boxed e-con e-parent\" data-id=\"79993cd\" data-element_type=\"container\" data-e-type=\"container\">\n\t\t\t\t\t<div class=\"e-con-inner\">\n\t\t<div class=\"elementor-element elementor-element-3008f48 e-con-full e-flex e-con e-child\" data-id=\"3008f48\" data-element_type=\"container\" data-e-type=\"container\">\n\t\t<div class=\"elementor-element elementor-element-7abc2c8 e-con-full e-flex e-con e-child\" data-id=\"7abc2c8\" data-element_type=\"container\" data-e-type=\"container\">\n\t\t\t\t<div class=\"elementor-element elementor-element-9c04465 elementor-widget elementor-widget-heading\" data-id=\"9c04465\" data-element_type=\"widget\" data-e-type=\"widget\" data-widget_type=\"heading.default\">\n\t\t\t\t\t<h3 class=\"elementor-heading-title elementor-size-default\">Prise de rdv par SMS au<\/h3>\t\t\t\t<\/div>\n\t\t\t\t<\/div>\n\t\t<div class=\"elementor-element elementor-element-382e9ce e-con-full e-flex e-con e-child\" data-id=\"382e9ce\" data-element_type=\"container\" data-e-type=\"container\">\n\t\t\t\t<div class=\"elementor-element elementor-element-723795a elementor-widget elementor-widget-button\" data-id=\"723795a\" data-element_type=\"widget\" data-e-type=\"widget\" data-widget_type=\"button.default\">\n\t\t\t\t\t\t\t\t\t\t<a class=\"elementor-button elementor-button-link elementor-size-sm\" href=\"#\">\n\t\t\t\t\t\t<span class=\"elementor-button-content-wrapper\">\n\t\t\t\t\t\t\t\t\t<span class=\"elementor-button-text\">06.60.10.35.11<\/span>\n\t\t\t\t\t<\/span>\n\t\t\t\t\t<\/a>\n\t\t\t\t\t\t\t\t<\/div>\n\t\t\t\t<\/div>\n\t\t\t\t<\/div>\n\t\t\t\t\t<\/div>\n\t\t\t\t<\/div>\n\t\t\t\t<\/div>\n\t\t","protected":false},"excerpt":{"rendered":"<p>services Voyance par t\u00e9l\u00e9phone Vous avez des questions sur l&rsquo;amour, l&rsquo;argent, ou votre carri\u00e8re? Laissez-nous vous guider avec clart\u00e9 et compassion. Une consultation t\u00e9l\u00e9phonique personnalis\u00e9e pour \u00e9clairer votre chemin et vous apporter des r\u00e9ponses pr\u00e9cises et inspirantes. 06.60.10.35.11 \u00c0 la recherche de r\u00e9ponses claires et pr\u00e9cises sur votre avenir personnel, professionnel ou sentimental ? En [&hellip;]<\/p>\n","protected":false},"author":2,"featured_media":0,"parent":0,"menu_order":0,"comment_status":"closed","ping_status":"closed","template":"","meta":{"footnotes":""},"class_list":["post-5143","page","type-page","status-publish","hentry"],"yoast_head":"<!-- This site is optimized with the Yoast SEO plugin v27.4 - https:\/\/yoast.com\/product\/yoast-seo-wordpress\/ -->\n<title>Voyance - M\u00e9dium-th\u00e9rapeute.com<\/title>\n<meta name=\"robots\" content=\"index, follow, max-snippet:-1, max-image-preview:large, max-video-preview:-1\" \/>\n<link rel=\"canonical\" href=\"https:\/\/www.mediumtherapeute.com\/index.php\/elementor-5143\/\" \/>\n<meta property=\"og:locale\" content=\"fr_FR\" \/>\n<meta property=\"og:type\" content=\"article\" \/>\n<meta property=\"og:title\" content=\"Voyance - M\u00e9dium-th\u00e9rapeute.com\" \/>\n<meta property=\"og:description\" content=\"services Voyance par t\u00e9l\u00e9phone Vous avez des questions sur l&rsquo;amour, l&rsquo;argent, ou votre carri\u00e8re? Laissez-nous vous guider avec clart\u00e9 et compassion. Une consultation t\u00e9l\u00e9phonique personnalis\u00e9e pour \u00e9clairer votre chemin et vous apporter des r\u00e9ponses pr\u00e9cises et inspirantes. 06.60.10.35.11 \u00c0 la recherche de r\u00e9ponses claires et pr\u00e9cises sur votre avenir personnel, professionnel ou sentimental ? En [&hellip;]\" \/>\n<meta property=\"og:url\" content=\"https:\/\/www.mediumtherapeute.com\/index.php\/elementor-5143\/\" \/>\n<meta property=\"og:site_name\" content=\"M\u00e9dium-th\u00e9rapeute.com\" \/>\n<meta property=\"article:modified_time\" content=\"2025-01-23T17:29:50+00:00\" \/>\n<meta property=\"og:image\" content=\"https:\/\/www.mediumtherapeute.com\/wp-content\/uploads\/2025\/01\/22fadc70-6075-483f-ab93-b5418190a91e.jpeg\" \/>\n\t<meta property=\"og:image:width\" content=\"1024\" \/>\n\t<meta property=\"og:image:height\" content=\"1024\" \/>\n\t<meta property=\"og:image:type\" content=\"image\/jpeg\" \/>\n<meta name=\"twitter:card\" content=\"summary_large_image\" \/>\n<meta name=\"twitter:label1\" content=\"Dur\u00e9e de lecture estim\u00e9e\" \/>\n\t<meta name=\"twitter:data1\" content=\"2 minutes\" \/>\n<script type=\"application\/ld+json\" class=\"yoast-schema-graph\">{\"@context\":\"https:\\\/\\\/schema.org\",\"@graph\":[{\"@type\":\"WebPage\",\"@id\":\"https:\\\/\\\/www.mediumtherapeute.com\\\/index.php\\\/elementor-5143\\\/\",\"url\":\"https:\\\/\\\/www.mediumtherapeute.com\\\/index.php\\\/elementor-5143\\\/\",\"name\":\"Voyance - M\u00e9dium-th\u00e9rapeute.com\",\"isPartOf\":{\"@id\":\"https:\\\/\\\/www.mediumtherapeute.com\\\/#website\"},\"primaryImageOfPage\":{\"@id\":\"https:\\\/\\\/www.mediumtherapeute.com\\\/index.php\\\/elementor-5143\\\/#primaryimage\"},\"image\":{\"@id\":\"https:\\\/\\\/www.mediumtherapeute.com\\\/index.php\\\/elementor-5143\\\/#primaryimage\"},\"thumbnailUrl\":\"https:\\\/\\\/www.mediumtherapeute.com\\\/wp-content\\\/uploads\\\/2025\\\/01\\\/22fadc70-6075-483f-ab93-b5418190a91e-300x300.jpeg\",\"datePublished\":\"2024-09-08T15:26:19+00:00\",\"dateModified\":\"2025-01-23T17:29:50+00:00\",\"breadcrumb\":{\"@id\":\"https:\\\/\\\/www.mediumtherapeute.com\\\/index.php\\\/elementor-5143\\\/#breadcrumb\"},\"inLanguage\":\"fr-FR\",\"potentialAction\":[{\"@type\":\"ReadAction\",\"target\":[\"https:\\\/\\\/www.mediumtherapeute.com\\\/index.php\\\/elementor-5143\\\/\"]}]},{\"@type\":\"ImageObject\",\"inLanguage\":\"fr-FR\",\"@id\":\"https:\\\/\\\/www.mediumtherapeute.com\\\/index.php\\\/elementor-5143\\\/#primaryimage\",\"url\":\"https:\\\/\\\/www.mediumtherapeute.com\\\/wp-content\\\/uploads\\\/2025\\\/01\\\/22fadc70-6075-483f-ab93-b5418190a91e.jpeg\",\"contentUrl\":\"https:\\\/\\\/www.mediumtherapeute.com\\\/wp-content\\\/uploads\\\/2025\\\/01\\\/22fadc70-6075-483f-ab93-b5418190a91e.jpeg\",\"width\":1024,\"height\":1024,\"caption\":\"voyance par t\u00e9l\u00e9phone\"},{\"@type\":\"BreadcrumbList\",\"@id\":\"https:\\\/\\\/www.mediumtherapeute.com\\\/index.php\\\/elementor-5143\\\/#breadcrumb\",\"itemListElement\":[{\"@type\":\"ListItem\",\"position\":1,\"name\":\"Accueil\",\"item\":\"https:\\\/\\\/www.mediumtherapeute.com\\\/\"},{\"@type\":\"ListItem\",\"position\":2,\"name\":\"Voyance\"}]},{\"@type\":\"WebSite\",\"@id\":\"https:\\\/\\\/www.mediumtherapeute.com\\\/#website\",\"url\":\"https:\\\/\\\/www.mediumtherapeute.com\\\/\",\"name\":\"M\u00e9dium-th\u00e9rapeute.com\",\"description\":\"Medium et formation medium \u00e0 Toulouse\",\"publisher\":{\"@id\":\"https:\\\/\\\/www.mediumtherapeute.com\\\/#\\\/schema\\\/person\\\/05ce1992c529ec27907fb7732bcbc37e\"},\"potentialAction\":[{\"@type\":\"SearchAction\",\"target\":{\"@type\":\"EntryPoint\",\"urlTemplate\":\"https:\\\/\\\/www.mediumtherapeute.com\\\/?s={search_term_string}\"},\"query-input\":{\"@type\":\"PropertyValueSpecification\",\"valueRequired\":true,\"valueName\":\"search_term_string\"}}],\"inLanguage\":\"fr-FR\"},{\"@type\":[\"Person\",\"Organization\"],\"@id\":\"https:\\\/\\\/www.mediumtherapeute.com\\\/#\\\/schema\\\/person\\\/05ce1992c529ec27907fb7732bcbc37e\",\"name\":\"pegase\",\"image\":{\"@type\":\"ImageObject\",\"inLanguage\":\"fr-FR\",\"@id\":\"https:\\\/\\\/www.mediumtherapeute.com\\\/wp-content\\\/uploads\\\/2024\\\/04\\\/LOGO-TB.jpg\",\"url\":\"https:\\\/\\\/www.mediumtherapeute.com\\\/wp-content\\\/uploads\\\/2024\\\/04\\\/LOGO-TB.jpg\",\"contentUrl\":\"https:\\\/\\\/www.mediumtherapeute.com\\\/wp-content\\\/uploads\\\/2024\\\/04\\\/LOGO-TB.jpg\",\"width\":571,\"height\":606,\"caption\":\"pegase\"},\"logo\":{\"@id\":\"https:\\\/\\\/www.mediumtherapeute.com\\\/wp-content\\\/uploads\\\/2024\\\/04\\\/LOGO-TB.jpg\"}}]}<\/script>\n<!-- \/ Yoast SEO plugin. -->","yoast_head_json":{"title":"Voyance - M\u00e9dium-th\u00e9rapeute.com","robots":{"index":"index","follow":"follow","max-snippet":"max-snippet:-1","max-image-preview":"max-image-preview:large","max-video-preview":"max-video-preview:-1"},"canonical":"https:\/\/www.mediumtherapeute.com\/index.php\/elementor-5143\/","og_locale":"fr_FR","og_type":"article","og_title":"Voyance - M\u00e9dium-th\u00e9rapeute.com","og_description":"services Voyance par t\u00e9l\u00e9phone Vous avez des questions sur l&rsquo;amour, l&rsquo;argent, ou votre carri\u00e8re? Laissez-nous vous guider avec clart\u00e9 et compassion. Une consultation t\u00e9l\u00e9phonique personnalis\u00e9e pour \u00e9clairer votre chemin et vous apporter des r\u00e9ponses pr\u00e9cises et inspirantes. 06.60.10.35.11 \u00c0 la recherche de r\u00e9ponses claires et pr\u00e9cises sur votre avenir personnel, professionnel ou sentimental ? En [&hellip;]","og_url":"https:\/\/www.mediumtherapeute.com\/index.php\/elementor-5143\/","og_site_name":"M\u00e9dium-th\u00e9rapeute.com","article_modified_time":"2025-01-23T17:29:50+00:00","og_image":[{"width":1024,"height":1024,"url":"https:\/\/www.mediumtherapeute.com\/wp-content\/uploads\/2025\/01\/22fadc70-6075-483f-ab93-b5418190a91e.jpeg","type":"image\/jpeg"}],"twitter_card":"summary_large_image","twitter_misc":{"Dur\u00e9e de lecture estim\u00e9e":"2 minutes"},"schema":{"@context":"https:\/\/schema.org","@graph":[{"@type":"WebPage","@id":"https:\/\/www.mediumtherapeute.com\/index.php\/elementor-5143\/","url":"https:\/\/www.mediumtherapeute.com\/index.php\/elementor-5143\/","name":"Voyance - M\u00e9dium-th\u00e9rapeute.com","isPartOf":{"@id":"https:\/\/www.mediumtherapeute.com\/#website"},"primaryImageOfPage":{"@id":"https:\/\/www.mediumtherapeute.com\/index.php\/elementor-5143\/#primaryimage"},"image":{"@id":"https:\/\/www.mediumtherapeute.com\/index.php\/elementor-5143\/#primaryimage"},"thumbnailUrl":"https:\/\/www.mediumtherapeute.com\/wp-content\/uploads\/2025\/01\/22fadc70-6075-483f-ab93-b5418190a91e-300x300.jpeg","datePublished":"2024-09-08T15:26:19+00:00","dateModified":"2025-01-23T17:29:50+00:00","breadcrumb":{"@id":"https:\/\/www.mediumtherapeute.com\/index.php\/elementor-5143\/#breadcrumb"},"inLanguage":"fr-FR","potentialAction":[{"@type":"ReadAction","target":["https:\/\/www.mediumtherapeute.com\/index.php\/elementor-5143\/"]}]},{"@type":"ImageObject","inLanguage":"fr-FR","@id":"https:\/\/www.mediumtherapeute.com\/index.php\/elementor-5143\/#primaryimage","url":"https:\/\/www.mediumtherapeute.com\/wp-content\/uploads\/2025\/01\/22fadc70-6075-483f-ab93-b5418190a91e.jpeg","contentUrl":"https:\/\/www.mediumtherapeute.com\/wp-content\/uploads\/2025\/01\/22fadc70-6075-483f-ab93-b5418190a91e.jpeg","width":1024,"height":1024,"caption":"voyance par t\u00e9l\u00e9phone"},{"@type":"BreadcrumbList","@id":"https:\/\/www.mediumtherapeute.com\/index.php\/elementor-5143\/#breadcrumb","itemListElement":[{"@type":"ListItem","position":1,"name":"Accueil","item":"https:\/\/www.mediumtherapeute.com\/"},{"@type":"ListItem","position":2,"name":"Voyance"}]},{"@type":"WebSite","@id":"https:\/\/www.mediumtherapeute.com\/#website","url":"https:\/\/www.mediumtherapeute.com\/","name":"M\u00e9dium-th\u00e9rapeute.com","description":"Medium et formation medium \u00e0 Toulouse","publisher":{"@id":"https:\/\/www.mediumtherapeute.com\/#\/schema\/person\/05ce1992c529ec27907fb7732bcbc37e"},"potentialAction":[{"@type":"SearchAction","target":{"@type":"EntryPoint","urlTemplate":"https:\/\/www.mediumtherapeute.com\/?s={search_term_string}"},"query-input":{"@type":"PropertyValueSpecification","valueRequired":true,"valueName":"search_term_string"}}],"inLanguage":"fr-FR"},{"@type":["Person","Organization"],"@id":"https:\/\/www.mediumtherapeute.com\/#\/schema\/person\/05ce1992c529ec27907fb7732bcbc37e","name":"pegase","image":{"@type":"ImageObject","inLanguage":"fr-FR","@id":"https:\/\/www.mediumtherapeute.com\/wp-content\/uploads\/2024\/04\/LOGO-TB.jpg","url":"https:\/\/www.mediumtherapeute.com\/wp-content\/uploads\/2024\/04\/LOGO-TB.jpg","contentUrl":"https:\/\/www.mediumtherapeute.com\/wp-content\/uploads\/2024\/04\/LOGO-TB.jpg","width":571,"height":606,"caption":"pegase"},"logo":{"@id":"https:\/\/www.mediumtherapeute.com\/wp-content\/uploads\/2024\/04\/LOGO-TB.jpg"}}]}},"_links":{"self":[{"href":"https:\/\/www.mediumtherapeute.com\/index.php\/wp-json\/wp\/v2\/pages\/5143","targetHints":{"allow":["GET"]}}],"collection":[{"href":"https:\/\/www.mediumtherapeute.com\/index.php\/wp-json\/wp\/v2\/pages"}],"about":[{"href":"https:\/\/www.mediumtherapeute.com\/index.php\/wp-json\/wp\/v2\/types\/page"}],"author":[{"embeddable":true,"href":"https:\/\/www.mediumtherapeute.com\/index.php\/wp-json\/wp\/v2\/users\/2"}],"replies":[{"embeddable":true,"href":"https:\/\/www.mediumtherapeute.com\/index.php\/wp-json\/wp\/v2\/comments?post=5143"}],"version-history":[{"count":32,"href":"https:\/\/www.mediumtherapeute.com\/index.php\/wp-json\/wp\/v2\/pages\/5143\/revisions"}],"predecessor-version":[{"id":5288,"href":"https:\/\/www.mediumtherapeute.com\/index.php\/wp-json\/wp\/v2\/pages\/5143\/revisions\/5288"}],"wp:attachment":[{"href":"https:\/\/www.mediumtherapeute.com\/index.php\/wp-json\/wp\/v2\/media?parent=5143"}],"curies":[{"name":"wp","href":"https:\/\/api.w.org\/{rel}","templated":true}]}}