{"id":5116,"date":"2024-09-08T02:05:08","date_gmt":"2024-09-08T00:05:08","guid":{"rendered":"https:\/\/www.mediumtherapeute.com\/?page_id=5116"},"modified":"2026-05-06T13:16:47","modified_gmt":"2026-05-06T11:16:47","slug":"geobiologie-energetique","status":"publish","type":"page","link":"https:\/\/www.mediumtherapeute.com\/index.php\/geobiologie-energetique\/","title":{"rendered":"G\u00e9obiologie \u00e9nerg\u00e9tique"},"content":{"rendered":"\t\t<div data-elementor-type=\"wp-page\" data-elementor-id=\"5116\" class=\"elementor elementor-5116\">\n\t\t\t\t<div class=\"elementor-element elementor-element-49180851 e-con-full e-flex e-con e-parent\" data-id=\"49180851\" data-element_type=\"container\" data-e-type=\"container\" data-settings=\"{&quot;background_background&quot;:&quot;classic&quot;}\">\n\t\t<div class=\"elementor-element elementor-element-585e7e1c e-con-full e-flex e-con e-child\" data-id=\"585e7e1c\" data-element_type=\"container\" data-e-type=\"container\">\n\t\t\t\t<div class=\"elementor-element elementor-element-242aed30 elementor-widget elementor-widget-heading\" data-id=\"242aed30\" data-element_type=\"widget\" data-e-type=\"widget\" data-widget_type=\"heading.default\">\n\t\t\t\t\t<p class=\"elementor-heading-title elementor-size-default\">services<\/p>\t\t\t\t<\/div>\n\t\t\t\t<div class=\"elementor-element elementor-element-6e0a070 elementor-widget elementor-widget-heading\" data-id=\"6e0a070\" data-element_type=\"widget\" data-e-type=\"widget\" data-widget_type=\"heading.default\">\n\t\t\t\t\t<h1 class=\"elementor-heading-title elementor-size-default\">G\u00e9obiologie et nettoyage \u00e9nerg\u00e9tique<\/h1>\t\t\t\t<\/div>\n\t\t\t\t<div class=\"elementor-element elementor-element-421541f8 elementor-widget elementor-widget-text-editor\" data-id=\"421541f8\" data-element_type=\"widget\" data-e-type=\"widget\" data-widget_type=\"text-editor.default\">\n\t\t\t\t\t\t\t\t\t<p>D\u00e9gagement des \u00e9nergies basses<\/p><p>+ harmonisation \u00e9nerg\u00e9tique<\/p><p>+ mise en protection<\/p>\t\t\t\t\t\t\t\t<\/div>\n\t\t\t\t<div class=\"elementor-element elementor-element-587a10d4 elementor-align-left elementor-tablet-align-center elementor-widget elementor-widget-button\" data-id=\"587a10d4\" data-element_type=\"widget\" data-e-type=\"widget\" data-widget_type=\"button.default\">\n\t\t\t\t\t\t\t\t\t\t<a class=\"elementor-button elementor-button-link elementor-size-sm elementor-animation-grow\" href=\"tel:0660103511\">\n\t\t\t\t\t\t<span class=\"elementor-button-content-wrapper\">\n\t\t\t\t\t\t\t\t\t<span class=\"elementor-button-text\">80\u20ac \u00e0 150\u20ac<\/span>\n\t\t\t\t\t<\/span>\n\t\t\t\t\t<\/a>\n\t\t\t\t\t\t\t\t<\/div>\n\t\t\t\t<\/div>\n\t\t\t\t<div class=\"elementor-element elementor-element-45906b02 elementor-widget__width-initial elementor-widget-tablet__width-inherit elementor-widget elementor-widget-image\" data-id=\"45906b02\" data-element_type=\"widget\" data-e-type=\"widget\" data-widget_type=\"image.default\">\n\t\t\t\t\t\t\t\t\t\t\t\t\t\t\t<img fetchpriority=\"high\" decoding=\"async\" width=\"800\" height=\"800\" src=\"https:\/\/www.mediumtherapeute.com\/wp-content\/uploads\/2025\/01\/a7dfe369-c2a0-4da4-b282-1a9d8c2ae325.jpeg\" class=\"attachment-large size-large wp-image-5243\" alt=\"Nettoyage \u00e9nerg\u00e9tique maison\" srcset=\"https:\/\/www.mediumtherapeute.com\/wp-content\/uploads\/2025\/01\/a7dfe369-c2a0-4da4-b282-1a9d8c2ae325.jpeg 1024w, https:\/\/www.mediumtherapeute.com\/wp-content\/uploads\/2025\/01\/a7dfe369-c2a0-4da4-b282-1a9d8c2ae325-300x300.jpeg 300w, https:\/\/www.mediumtherapeute.com\/wp-content\/uploads\/2025\/01\/a7dfe369-c2a0-4da4-b282-1a9d8c2ae325-150x150.jpeg 150w, https:\/\/www.mediumtherapeute.com\/wp-content\/uploads\/2025\/01\/a7dfe369-c2a0-4da4-b282-1a9d8c2ae325-768x768.jpeg 768w\" sizes=\"(max-width: 800px) 100vw, 800px\" \/>\t\t\t\t\t\t\t\t\t\t\t\t\t\t\t<\/div>\n\t\t\t\t<\/div>\n\t\t<div class=\"elementor-element elementor-element-3edbc8f e-flex e-con-boxed e-con e-parent\" data-id=\"3edbc8f\" data-element_type=\"container\" data-e-type=\"container\">\n\t\t\t\t\t<div class=\"e-con-inner\">\n\t\t\t\t<div class=\"elementor-element elementor-element-949d304 elementor-widget elementor-widget-text-editor\" data-id=\"949d304\" data-element_type=\"widget\" data-e-type=\"widget\" data-widget_type=\"text-editor.default\">\n\t\t\t\t\t\t\t\t\t<div class=\"x_elementToProof\">Optimisez l\u2019harmonie de votre espace personnel ou professionnel par un nettoyage \u00e9nerg\u00e9tique cibl\u00e9.<\/div><div class=\"x_elementToProof\"><p>Cette prestation vise \u00e0 purifier en profondeur les \u00e9nergies n\u00e9gatives, qu\u2019elles soient d\u2019origine astrale ou tellurique et \u00e0 r\u00e9tablir l\u2019harmonie du champ \u00e9nerg\u00e9tique du lieu vis\u00e9.<\/p><p>En collaboration avec mon \u00e9quipe astrale, j\u2019interviens pour restaurer l\u2019\u00e9quilibre naturel de votre environnement, favorisant ainsi votre bien-\u00eatre physique, mental et \u00e9motionnel.<\/p><p><img decoding=\"async\" class=\"emoji\" role=\"img\" draggable=\"false\" src=\"https:\/\/s.w.org\/images\/core\/emoji\/16.0.1\/svg\/2705.svg\" alt=\"\u2705\" \/> Neutralisation des influences perturbatrices (magie, entit\u00e9s, \u00e2mes errantes, failles telluriques, chemin\u00e9es cosmo-telluriques, objets charg\u00e9s n\u00e9gativement, cours d&rsquo;eau souterrain&#8230;)<\/p><p><img decoding=\"async\" class=\"emoji\" role=\"img\" draggable=\"false\" src=\"https:\/\/s.w.org\/images\/core\/emoji\/16.0.1\/svg\/2705.svg\" alt=\"\u2705\" \/> R\u00e9\u00e9quilibrage \u00e9nerg\u00e9tique global<\/p><p><img decoding=\"async\" class=\"emoji\" role=\"img\" draggable=\"false\" src=\"https:\/\/s.w.org\/images\/core\/emoji\/16.0.1\/svg\/2705.svg\" alt=\"\u2705\" \/> Mise en protection du lieu (anges, d\u00f4me de protection)<\/p><p>Retrouvez un lieu de vie ou de travail apais\u00e9, propice \u00e0 la s\u00e9r\u00e9nit\u00e9, \u00e0 la concentration et \u00e0 l\u2019\u00e9panouissement.<\/p><\/div><h2>\u00a0<\/h2><h2>\ud83d\udd2e Protocole de G\u00e9obiologie \u00c9nerg\u00e9tique<\/h2><p>La prestation se d\u00e9roule enti\u00e8rement \u00e0 distance en trois \u00e9tapes cl\u00e9s :<\/p><p><strong>1. Prise de rendez-vous<\/strong> : Il suffit de me transmettre l\u2019adresse du lieu, sa typologie (appartement, maison, local professionnel), sa surface, ainsi qu\u2019un plan.<\/p><p><strong>2. Nettoyage \u00e9nerg\u00e9tique et mise en protection<\/strong> : Apr\u00e8s un diagnostic g\u00e9obiologique pr\u00e9cis, j\u2019interviens avec mon \u00e9quipe astrale pour neutraliser les perturbations (entit\u00e9s, m\u00e9moires, r\u00e9seaux telluriques, etc.) et harmoniser le champ vibratoire du lieu. Une protection \u00e9nerg\u00e9tique est ensuite mise en place pour une dur\u00e9e minimale de 15 jours.<\/p><p><strong>3. Rapport personnalis\u00e9<\/strong> : Un compte rendu par t\u00e9l\u00e9phone vous est transmis \u00e0 l\u2019issue de la s\u00e9ance, vous permettant de comprendre les actions r\u00e9alis\u00e9es et les b\u00e9n\u00e9fices observ\u00e9s.<\/p>\t\t\t\t\t\t\t\t<\/div>\n\t\t\t\t\t<\/div>\n\t\t\t\t<\/div>\n\t\t<div class=\"elementor-element elementor-element-733528c e-flex e-con-boxed e-con e-parent\" data-id=\"733528c\" data-element_type=\"container\" data-e-type=\"container\">\n\t\t\t\t\t<div class=\"e-con-inner\">\n\t\t\t\t<div class=\"elementor-element elementor-element-72a6a75 elementor-widget__width-initial elementor-widget elementor-widget-text-editor\" data-id=\"72a6a75\" data-element_type=\"widget\" data-e-type=\"widget\" data-widget_type=\"text-editor.default\">\n\t\t\t\t\t\t\t\t\t<h2><img decoding=\"async\" class=\"emoji\" role=\"img\" draggable=\"false\" src=\"https:\/\/s.w.org\/images\/core\/emoji\/16.0.1\/svg\/1f4b0.svg\" alt=\"\ud83d\udcb0\" \/>\u00a0Tarifs des Prestations en G\u00e9obiologie \u00c9nerg\u00e9tique<\/h2><ul><li><p><strong>Appartement &#8211; de 60m2<\/strong> : 80\u20ac<\/p><\/li><li><p><strong>Apt + de 60m2 ou Maison individuelle avec terrain<\/strong> : 100\u20ac \u00e0 150\u20ac<\/p><\/li><li><p><strong>Locaux professionnels<\/strong>\u00a0: tarif sur devis personnalis\u00e9, selon la surface et les besoins sp\u00e9cifiques<\/p><\/li><\/ul><p>Pour toute demande ou question, n\u2019h\u00e9sitez pas \u00e0 me contacter afin d\u2019\u00e9tablir une proposition adapt\u00e9e \u00e0 votre lieu.<\/p>\t\t\t\t\t\t\t\t<\/div>\n\t\t\t\t\t<\/div>\n\t\t\t\t<\/div>\n\t\t<div class=\"elementor-element elementor-element-3c7e5f1 e-flex e-con-boxed e-con e-parent\" data-id=\"3c7e5f1\" data-element_type=\"container\" data-e-type=\"container\">\n\t\t\t\t\t<div class=\"e-con-inner\">\n\t\t\t\t<div class=\"elementor-element elementor-element-409351a elementor-widget elementor-widget-text-editor\" data-id=\"409351a\" data-element_type=\"widget\" data-e-type=\"widget\" data-widget_type=\"text-editor.default\">\n\t\t\t\t\t\t\t\t\t<h2>\ud83d\udcde <strong>Besoin d\u2019un nettoyage \u00e9nerg\u00e9tique de votre lieu de vie ?<\/strong><\/h2><p>Je suis \u00e0 votre \u00e9coute pour r\u00e9pondre \u00e0 vos questions et vous proposer la prestation la mieux adapt\u00e9e \u00e0 votre lieu et \u00e0 vos besoins. Envoyez-moi d\u00e8s maintenant un SMS au <strong>06 60 10 35 11<\/strong>\u00a0pour \u00e9changer et planifier votre s\u00e9ance.<\/p>\t\t\t\t\t\t\t\t<\/div>\n\t\t\t\t\t<\/div>\n\t\t\t\t<\/div>\n\t\t<div class=\"elementor-element elementor-element-4a6575e3 e-flex e-con-boxed e-con e-parent\" data-id=\"4a6575e3\" data-element_type=\"container\" data-e-type=\"container\">\n\t\t\t\t\t<div class=\"e-con-inner\">\n\t\t\t\t<div class=\"elementor-element elementor-element-1cd42667 elementor-widget elementor-widget-heading\" data-id=\"1cd42667\" data-element_type=\"widget\" data-e-type=\"widget\" data-widget_type=\"heading.default\">\n\t\t\t\t\t<h2 class=\"elementor-heading-title elementor-size-default\">T\u00e9moignages clients<\/h2>\t\t\t\t<\/div>\n\t\t<div class=\"elementor-element elementor-element-2af13d0d e-con-full e-flex e-con e-child\" data-id=\"2af13d0d\" data-element_type=\"container\" data-e-type=\"container\">\n\t\t<div class=\"elementor-element elementor-element-7ae0207d e-con-full e-flex e-con e-child\" data-id=\"7ae0207d\" data-element_type=\"container\" data-e-type=\"container\" data-settings=\"{&quot;animation_tablet&quot;:&quot;fadeIn&quot;}\">\n\t\t\t\t<div class=\"elementor-element elementor-element-60ba6123 elementor-widget elementor-widget-testimonial\" data-id=\"60ba6123\" data-element_type=\"widget\" data-e-type=\"widget\" data-widget_type=\"testimonial.default\">\n\t\t\t\t\t\t\t<div class=\"elementor-testimonial-wrapper\">\n\t\t\t\t\t\t\t<div class=\"elementor-testimonial-content\">\"Peggy a r\u00e9alis\u00e9 tr\u00e8s rapidement le nettoyage de ma maison et de notre terrain et une mise en protection. Son diagnostic \u00e9tait juste, elle a vu de suite ce qu'il y avait. Depuis sont intervention, Toute la famille se sent beaucoup mieux. Peggy est d'une grande efficacit\u00e9 et tr\u00e8s compl\u00e8te et ses prix sont plus int\u00e9ressants que les g\u00e9obiologues traditionnels. Merci pour ton \u00e9coute et ta rapidit\u00e9.\"<\/div>\n\t\t\t\n\t\t\t\t\t\t<div class=\"elementor-testimonial-meta elementor-has-image elementor-testimonial-image-position-aside\">\n\t\t\t\t<div class=\"elementor-testimonial-meta-inner\">\n\t\t\t\t\t\t\t\t\t\t\t<div class=\"elementor-testimonial-image\">\n\t\t\t\t\t\t\t<img decoding=\"async\" src=\"https:\/\/gene-2697.live.strattic.io\/wp-content\/uploads\/2024\/02\/wireframe-img.png\" title=\"\" alt=\"\" loading=\"lazy\" \/>\t\t\t\t\t\t<\/div>\n\t\t\t\t\t\n\t\t\t\t\t\t\t\t\t\t<div class=\"elementor-testimonial-details\">\n\t\t\t\t\t\t\t\t\t\t\t\t\t\t<div class=\"elementor-testimonial-name\">St\u00e9phanie M.<\/div>\n\t\t\t\t\t\t\t\t\t\t\t\t\t\t\t\t\t\t\t\t\t\t<div class=\"elementor-testimonial-job\">31, Toulouse<\/div>\n\t\t\t\t\t\t\t\t\t\t\t\t\t<\/div>\n\t\t\t\t\t\t\t\t\t<\/div>\n\t\t\t<\/div>\n\t\t\t\t\t<\/div>\n\t\t\t\t\t\t<\/div>\n\t\t\t\t<\/div>\n\t\t<div class=\"elementor-element elementor-element-49678df8 e-con-full e-flex e-con e-child\" data-id=\"49678df8\" data-element_type=\"container\" data-e-type=\"container\" data-settings=\"{&quot;animation_tablet&quot;:&quot;fadeIn&quot;}\">\n\t\t\t\t<div class=\"elementor-element elementor-element-2b220caa elementor-widget elementor-widget-testimonial\" data-id=\"2b220caa\" data-element_type=\"widget\" data-e-type=\"widget\" data-widget_type=\"testimonial.default\">\n\t\t\t\t\t\t\t<div class=\"elementor-testimonial-wrapper\">\n\t\t\t\t\t\t\t<div class=\"elementor-testimonial-content\">\u201cJ'ai fait appel \u00e0 Peggy dans un premier temps \u00e0 titre personnel et son aide a \u00e9t\u00e9 pr\u00e9cieuse.\nElle a \u00e9galement pris en charge le nettoyage \u00e9nerg\u00e9tique et l'harmonisation des trois boutiques de vente et du si\u00e8ge social. Les am\u00e9liorations ont \u00e9t\u00e9 quasi imm\u00e9diates.\nJe ne peux que recommander ses prestations !\n\u201d<\/div>\n\t\t\t\n\t\t\t\t\t\t<div class=\"elementor-testimonial-meta elementor-has-image elementor-testimonial-image-position-aside\">\n\t\t\t\t<div class=\"elementor-testimonial-meta-inner\">\n\t\t\t\t\t\t\t\t\t\t\t<div class=\"elementor-testimonial-image\">\n\t\t\t\t\t\t\t<img decoding=\"async\" src=\"https:\/\/gene-2697.live.strattic.io\/wp-content\/uploads\/2024\/02\/wireframe-img.png\" title=\"\" alt=\"\" loading=\"lazy\" \/>\t\t\t\t\t\t<\/div>\n\t\t\t\t\t\n\t\t\t\t\t\t\t\t\t\t<div class=\"elementor-testimonial-details\">\n\t\t\t\t\t\t\t\t\t\t\t\t\t\t<div class=\"elementor-testimonial-name\">Pascal B.<\/div>\n\t\t\t\t\t\t\t\t\t\t\t\t\t\t\t\t\t\t\t\t\t\t<div class=\"elementor-testimonial-job\">86, Poitiers<\/div>\n\t\t\t\t\t\t\t\t\t\t\t\t\t<\/div>\n\t\t\t\t\t\t\t\t\t<\/div>\n\t\t\t<\/div>\n\t\t\t\t\t<\/div>\n\t\t\t\t\t\t<\/div>\n\t\t\t\t<\/div>\n\t\t<div class=\"elementor-element elementor-element-46764c38 e-con-full e-flex e-con e-child\" data-id=\"46764c38\" data-element_type=\"container\" data-e-type=\"container\" data-settings=\"{&quot;animation_tablet&quot;:&quot;fadeIn&quot;}\">\n\t\t\t\t<div class=\"elementor-element elementor-element-51b35e5 elementor-widget elementor-widget-testimonial\" data-id=\"51b35e5\" data-element_type=\"widget\" data-e-type=\"widget\" data-widget_type=\"testimonial.default\">\n\t\t\t\t\t\t\t<div class=\"elementor-testimonial-wrapper\">\n\t\t\t\t\t\t\t<div class=\"elementor-testimonial-content\">J'ai fait appel \u00e0 Peggy pour un nettoyage \u00e9nerg\u00e9tique de mes usines, l'ambiance est bien meilleure depuis, merci.\u201d<\/div>\n\t\t\t\n\t\t\t\t\t\t<div class=\"elementor-testimonial-meta elementor-has-image elementor-testimonial-image-position-aside\">\n\t\t\t\t<div class=\"elementor-testimonial-meta-inner\">\n\t\t\t\t\t\t\t\t\t\t\t<div class=\"elementor-testimonial-image\">\n\t\t\t\t\t\t\t<img decoding=\"async\" src=\"https:\/\/gene-2697.live.strattic.io\/wp-content\/uploads\/2024\/02\/wireframe-img.png\" title=\"\" alt=\"\" loading=\"lazy\" \/>\t\t\t\t\t\t<\/div>\n\t\t\t\t\t\n\t\t\t\t\t\t\t\t\t\t<div class=\"elementor-testimonial-details\">\n\t\t\t\t\t\t\t\t\t\t\t\t\t\t<div class=\"elementor-testimonial-name\">Jean-Paul G.<\/div>\n\t\t\t\t\t\t\t\t\t\t\t\t\t\t\t\t\t\t\t\t\t\t<div class=\"elementor-testimonial-job\">Occitanie<\/div>\n\t\t\t\t\t\t\t\t\t\t\t\t\t<\/div>\n\t\t\t\t\t\t\t\t\t<\/div>\n\t\t\t<\/div>\n\t\t\t\t\t<\/div>\n\t\t\t\t\t\t<\/div>\n\t\t\t\t<\/div>\n\t\t\t\t<\/div>\n\t\t\t\t\t<\/div>\n\t\t\t\t<\/div>\n\t\t\t\t<\/div>\n\t\t","protected":false},"excerpt":{"rendered":"<p>services G\u00e9obiologie et nettoyage \u00e9nerg\u00e9tique D\u00e9gagement des \u00e9nergies basses + harmonisation \u00e9nerg\u00e9tique + mise en protection 80\u20ac \u00e0 150\u20ac Optimisez l\u2019harmonie de votre espace personnel ou professionnel par un nettoyage \u00e9nerg\u00e9tique cibl\u00e9. Cette prestation vise \u00e0 purifier en profondeur les \u00e9nergies n\u00e9gatives, qu\u2019elles soient d\u2019origine astrale ou tellurique et \u00e0 r\u00e9tablir l\u2019harmonie du champ \u00e9nerg\u00e9tique [&hellip;]<\/p>\n","protected":false},"author":2,"featured_media":0,"parent":0,"menu_order":0,"comment_status":"closed","ping_status":"closed","template":"","meta":{"footnotes":""},"class_list":["post-5116","page","type-page","status-publish","hentry"],"yoast_head":"<!-- This site is optimized with the Yoast SEO plugin v27.5 - https:\/\/yoast.com\/product\/yoast-seo-wordpress\/ -->\n<title>G\u00e9obiologie \u00e9nerg\u00e9tique - M\u00e9dium-th\u00e9rapeute.com<\/title>\n<meta name=\"description\" content=\"D\u00e9gagement et nettoyage des \u00e9nergies basses, harmonisation des \u00e9nergies et mise en protection du lieu...\" \/>\n<meta name=\"robots\" content=\"index, follow, max-snippet:-1, max-image-preview:large, max-video-preview:-1\" \/>\n<link rel=\"canonical\" href=\"https:\/\/www.mediumtherapeute.com\/index.php\/geobiologie-energetique\/\" \/>\n<meta property=\"og:locale\" content=\"fr_FR\" \/>\n<meta property=\"og:type\" content=\"article\" \/>\n<meta property=\"og:title\" content=\"G\u00e9obiologie \u00e9nerg\u00e9tique - M\u00e9dium-th\u00e9rapeute.com\" \/>\n<meta property=\"og:description\" content=\"D\u00e9gagement et nettoyage des \u00e9nergies basses, harmonisation des \u00e9nergies et mise en protection du lieu...\" \/>\n<meta property=\"og:url\" content=\"https:\/\/www.mediumtherapeute.com\/index.php\/geobiologie-energetique\/\" \/>\n<meta property=\"og:site_name\" content=\"M\u00e9dium-th\u00e9rapeute.com\" \/>\n<meta property=\"article:modified_time\" content=\"2026-05-06T11:16:47+00:00\" \/>\n<meta property=\"og:image\" content=\"https:\/\/www.mediumtherapeute.com\/wp-content\/uploads\/2025\/01\/a7dfe369-c2a0-4da4-b282-1a9d8c2ae325.jpeg\" \/>\n<meta name=\"twitter:card\" content=\"summary_large_image\" \/>\n<meta name=\"twitter:label1\" content=\"Dur\u00e9e de lecture estim\u00e9e\" \/>\n\t<meta name=\"twitter:data1\" content=\"5 minutes\" \/>\n<script type=\"application\/ld+json\" class=\"yoast-schema-graph\">{\"@context\":\"https:\\\/\\\/schema.org\",\"@graph\":[{\"@type\":\"WebPage\",\"@id\":\"https:\\\/\\\/www.mediumtherapeute.com\\\/index.php\\\/geobiologie-energetique\\\/\",\"url\":\"https:\\\/\\\/www.mediumtherapeute.com\\\/index.php\\\/geobiologie-energetique\\\/\",\"name\":\"G\u00e9obiologie \u00e9nerg\u00e9tique - M\u00e9dium-th\u00e9rapeute.com\",\"isPartOf\":{\"@id\":\"https:\\\/\\\/www.mediumtherapeute.com\\\/#website\"},\"primaryImageOfPage\":{\"@id\":\"https:\\\/\\\/www.mediumtherapeute.com\\\/index.php\\\/geobiologie-energetique\\\/#primaryimage\"},\"image\":{\"@id\":\"https:\\\/\\\/www.mediumtherapeute.com\\\/index.php\\\/geobiologie-energetique\\\/#primaryimage\"},\"thumbnailUrl\":\"https:\\\/\\\/www.mediumtherapeute.com\\\/wp-content\\\/uploads\\\/2025\\\/01\\\/a7dfe369-c2a0-4da4-b282-1a9d8c2ae325.jpeg\",\"datePublished\":\"2024-09-08T00:05:08+00:00\",\"dateModified\":\"2026-05-06T11:16:47+00:00\",\"description\":\"D\u00e9gagement et nettoyage des \u00e9nergies basses, harmonisation des \u00e9nergies et mise en protection du lieu...\",\"breadcrumb\":{\"@id\":\"https:\\\/\\\/www.mediumtherapeute.com\\\/index.php\\\/geobiologie-energetique\\\/#breadcrumb\"},\"inLanguage\":\"fr-FR\",\"potentialAction\":[{\"@type\":\"ReadAction\",\"target\":[\"https:\\\/\\\/www.mediumtherapeute.com\\\/index.php\\\/geobiologie-energetique\\\/\"]}]},{\"@type\":\"ImageObject\",\"inLanguage\":\"fr-FR\",\"@id\":\"https:\\\/\\\/www.mediumtherapeute.com\\\/index.php\\\/geobiologie-energetique\\\/#primaryimage\",\"url\":\"https:\\\/\\\/www.mediumtherapeute.com\\\/wp-content\\\/uploads\\\/2025\\\/01\\\/a7dfe369-c2a0-4da4-b282-1a9d8c2ae325.jpeg\",\"contentUrl\":\"https:\\\/\\\/www.mediumtherapeute.com\\\/wp-content\\\/uploads\\\/2025\\\/01\\\/a7dfe369-c2a0-4da4-b282-1a9d8c2ae325.jpeg\",\"width\":1024,\"height\":1024,\"caption\":\"Nettoyage \u00e9nerg\u00e9tique maison\"},{\"@type\":\"BreadcrumbList\",\"@id\":\"https:\\\/\\\/www.mediumtherapeute.com\\\/index.php\\\/geobiologie-energetique\\\/#breadcrumb\",\"itemListElement\":[{\"@type\":\"ListItem\",\"position\":1,\"name\":\"Accueil\",\"item\":\"https:\\\/\\\/www.mediumtherapeute.com\\\/\"},{\"@type\":\"ListItem\",\"position\":2,\"name\":\"G\u00e9obiologie \u00e9nerg\u00e9tique\"}]},{\"@type\":\"WebSite\",\"@id\":\"https:\\\/\\\/www.mediumtherapeute.com\\\/#website\",\"url\":\"https:\\\/\\\/www.mediumtherapeute.com\\\/\",\"name\":\"M\u00e9dium-th\u00e9rapeute.com\",\"description\":\"Medium et formation medium \u00e0 Toulouse\",\"publisher\":{\"@id\":\"https:\\\/\\\/www.mediumtherapeute.com\\\/#\\\/schema\\\/person\\\/05ce1992c529ec27907fb7732bcbc37e\"},\"potentialAction\":[{\"@type\":\"SearchAction\",\"target\":{\"@type\":\"EntryPoint\",\"urlTemplate\":\"https:\\\/\\\/www.mediumtherapeute.com\\\/?s={search_term_string}\"},\"query-input\":{\"@type\":\"PropertyValueSpecification\",\"valueRequired\":true,\"valueName\":\"search_term_string\"}}],\"inLanguage\":\"fr-FR\"},{\"@type\":[\"Person\",\"Organization\"],\"@id\":\"https:\\\/\\\/www.mediumtherapeute.com\\\/#\\\/schema\\\/person\\\/05ce1992c529ec27907fb7732bcbc37e\",\"name\":\"pegase\",\"image\":{\"@type\":\"ImageObject\",\"inLanguage\":\"fr-FR\",\"@id\":\"https:\\\/\\\/www.mediumtherapeute.com\\\/wp-content\\\/uploads\\\/2024\\\/04\\\/LOGO-TB.jpg\",\"url\":\"https:\\\/\\\/www.mediumtherapeute.com\\\/wp-content\\\/uploads\\\/2024\\\/04\\\/LOGO-TB.jpg\",\"contentUrl\":\"https:\\\/\\\/www.mediumtherapeute.com\\\/wp-content\\\/uploads\\\/2024\\\/04\\\/LOGO-TB.jpg\",\"width\":571,\"height\":606,\"caption\":\"pegase\"},\"logo\":{\"@id\":\"https:\\\/\\\/www.mediumtherapeute.com\\\/wp-content\\\/uploads\\\/2024\\\/04\\\/LOGO-TB.jpg\"}}]}<\/script>\n<!-- \/ Yoast SEO plugin. -->","yoast_head_json":{"title":"G\u00e9obiologie \u00e9nerg\u00e9tique - M\u00e9dium-th\u00e9rapeute.com","description":"D\u00e9gagement et nettoyage des \u00e9nergies basses, harmonisation des \u00e9nergies et mise en protection du lieu...","robots":{"index":"index","follow":"follow","max-snippet":"max-snippet:-1","max-image-preview":"max-image-preview:large","max-video-preview":"max-video-preview:-1"},"canonical":"https:\/\/www.mediumtherapeute.com\/index.php\/geobiologie-energetique\/","og_locale":"fr_FR","og_type":"article","og_title":"G\u00e9obiologie \u00e9nerg\u00e9tique - M\u00e9dium-th\u00e9rapeute.com","og_description":"D\u00e9gagement et nettoyage des \u00e9nergies basses, harmonisation des \u00e9nergies et mise en protection du lieu...","og_url":"https:\/\/www.mediumtherapeute.com\/index.php\/geobiologie-energetique\/","og_site_name":"M\u00e9dium-th\u00e9rapeute.com","article_modified_time":"2026-05-06T11:16:47+00:00","og_image":[{"url":"https:\/\/www.mediumtherapeute.com\/wp-content\/uploads\/2025\/01\/a7dfe369-c2a0-4da4-b282-1a9d8c2ae325.jpeg","type":"","width":"","height":""}],"twitter_card":"summary_large_image","twitter_misc":{"Dur\u00e9e de lecture estim\u00e9e":"5 minutes"},"schema":{"@context":"https:\/\/schema.org","@graph":[{"@type":"WebPage","@id":"https:\/\/www.mediumtherapeute.com\/index.php\/geobiologie-energetique\/","url":"https:\/\/www.mediumtherapeute.com\/index.php\/geobiologie-energetique\/","name":"G\u00e9obiologie \u00e9nerg\u00e9tique - M\u00e9dium-th\u00e9rapeute.com","isPartOf":{"@id":"https:\/\/www.mediumtherapeute.com\/#website"},"primaryImageOfPage":{"@id":"https:\/\/www.mediumtherapeute.com\/index.php\/geobiologie-energetique\/#primaryimage"},"image":{"@id":"https:\/\/www.mediumtherapeute.com\/index.php\/geobiologie-energetique\/#primaryimage"},"thumbnailUrl":"https:\/\/www.mediumtherapeute.com\/wp-content\/uploads\/2025\/01\/a7dfe369-c2a0-4da4-b282-1a9d8c2ae325.jpeg","datePublished":"2024-09-08T00:05:08+00:00","dateModified":"2026-05-06T11:16:47+00:00","description":"D\u00e9gagement et nettoyage des \u00e9nergies basses, harmonisation des \u00e9nergies et mise en protection du lieu...","breadcrumb":{"@id":"https:\/\/www.mediumtherapeute.com\/index.php\/geobiologie-energetique\/#breadcrumb"},"inLanguage":"fr-FR","potentialAction":[{"@type":"ReadAction","target":["https:\/\/www.mediumtherapeute.com\/index.php\/geobiologie-energetique\/"]}]},{"@type":"ImageObject","inLanguage":"fr-FR","@id":"https:\/\/www.mediumtherapeute.com\/index.php\/geobiologie-energetique\/#primaryimage","url":"https:\/\/www.mediumtherapeute.com\/wp-content\/uploads\/2025\/01\/a7dfe369-c2a0-4da4-b282-1a9d8c2ae325.jpeg","contentUrl":"https:\/\/www.mediumtherapeute.com\/wp-content\/uploads\/2025\/01\/a7dfe369-c2a0-4da4-b282-1a9d8c2ae325.jpeg","width":1024,"height":1024,"caption":"Nettoyage \u00e9nerg\u00e9tique maison"},{"@type":"BreadcrumbList","@id":"https:\/\/www.mediumtherapeute.com\/index.php\/geobiologie-energetique\/#breadcrumb","itemListElement":[{"@type":"ListItem","position":1,"name":"Accueil","item":"https:\/\/www.mediumtherapeute.com\/"},{"@type":"ListItem","position":2,"name":"G\u00e9obiologie \u00e9nerg\u00e9tique"}]},{"@type":"WebSite","@id":"https:\/\/www.mediumtherapeute.com\/#website","url":"https:\/\/www.mediumtherapeute.com\/","name":"M\u00e9dium-th\u00e9rapeute.com","description":"Medium et formation medium \u00e0 Toulouse","publisher":{"@id":"https:\/\/www.mediumtherapeute.com\/#\/schema\/person\/05ce1992c529ec27907fb7732bcbc37e"},"potentialAction":[{"@type":"SearchAction","target":{"@type":"EntryPoint","urlTemplate":"https:\/\/www.mediumtherapeute.com\/?s={search_term_string}"},"query-input":{"@type":"PropertyValueSpecification","valueRequired":true,"valueName":"search_term_string"}}],"inLanguage":"fr-FR"},{"@type":["Person","Organization"],"@id":"https:\/\/www.mediumtherapeute.com\/#\/schema\/person\/05ce1992c529ec27907fb7732bcbc37e","name":"pegase","image":{"@type":"ImageObject","inLanguage":"fr-FR","@id":"https:\/\/www.mediumtherapeute.com\/wp-content\/uploads\/2024\/04\/LOGO-TB.jpg","url":"https:\/\/www.mediumtherapeute.com\/wp-content\/uploads\/2024\/04\/LOGO-TB.jpg","contentUrl":"https:\/\/www.mediumtherapeute.com\/wp-content\/uploads\/2024\/04\/LOGO-TB.jpg","width":571,"height":606,"caption":"pegase"},"logo":{"@id":"https:\/\/www.mediumtherapeute.com\/wp-content\/uploads\/2024\/04\/LOGO-TB.jpg"}}]}},"_links":{"self":[{"href":"https:\/\/www.mediumtherapeute.com\/index.php\/wp-json\/wp\/v2\/pages\/5116","targetHints":{"allow":["GET"]}}],"collection":[{"href":"https:\/\/www.mediumtherapeute.com\/index.php\/wp-json\/wp\/v2\/pages"}],"about":[{"href":"https:\/\/www.mediumtherapeute.com\/index.php\/wp-json\/wp\/v2\/types\/page"}],"author":[{"embeddable":true,"href":"https:\/\/www.mediumtherapeute.com\/index.php\/wp-json\/wp\/v2\/users\/2"}],"replies":[{"embeddable":true,"href":"https:\/\/www.mediumtherapeute.com\/index.php\/wp-json\/wp\/v2\/comments?post=5116"}],"version-history":[{"count":71,"href":"https:\/\/www.mediumtherapeute.com\/index.php\/wp-json\/wp\/v2\/pages\/5116\/revisions"}],"predecessor-version":[{"id":5711,"href":"https:\/\/www.mediumtherapeute.com\/index.php\/wp-json\/wp\/v2\/pages\/5116\/revisions\/5711"}],"wp:attachment":[{"href":"https:\/\/www.mediumtherapeute.com\/index.php\/wp-json\/wp\/v2\/media?parent=5116"}],"curies":[{"name":"wp","href":"https:\/\/api.w.org\/{rel}","templated":true}]}}