{"id":4191,"date":"2024-01-12T17:35:22","date_gmt":"2024-01-12T16:35:22","guid":{"rendered":"https:\/\/www.mediumtherapeute.com\/?page_id=4191"},"modified":"2025-01-23T18:29:17","modified_gmt":"2025-01-23T17:29:17","slug":"consulting","status":"publish","type":"page","link":"https:\/\/www.mediumtherapeute.com\/index.php\/consulting\/","title":{"rendered":"Accompagnement pour th\u00e9rapeute"},"content":{"rendered":"\t\t<div data-elementor-type=\"wp-page\" data-elementor-id=\"4191\" class=\"elementor elementor-4191\">\n\t\t\t\t<div class=\"elementor-element elementor-element-7591e39d e-con-full e-flex e-con e-parent\" data-id=\"7591e39d\" data-element_type=\"container\" data-e-type=\"container\" data-settings=\"{&quot;background_background&quot;:&quot;classic&quot;}\">\n\t\t<div class=\"elementor-element elementor-element-15c37c47 e-con-full e-flex e-con e-child\" data-id=\"15c37c47\" data-element_type=\"container\" data-e-type=\"container\">\n\t\t\t\t<div class=\"elementor-element elementor-element-eb4b7e1 elementor-widget elementor-widget-heading\" data-id=\"eb4b7e1\" data-element_type=\"widget\" data-e-type=\"widget\" data-widget_type=\"heading.default\">\n\t\t\t\t\t<p class=\"elementor-heading-title elementor-size-default\">services<\/p>\t\t\t\t<\/div>\n\t\t\t\t<div class=\"elementor-element elementor-element-47baaa38 elementor-widget elementor-widget-heading\" data-id=\"47baaa38\" data-element_type=\"widget\" data-e-type=\"widget\" data-widget_type=\"heading.default\">\n\t\t\t\t\t<h2 class=\"elementor-heading-title elementor-size-default\">Accompagnement pour th\u00e9rapeute<\/h2>\t\t\t\t<\/div>\n\t\t\t\t<div class=\"elementor-element elementor-element-6e7dc4de elementor-widget elementor-widget-text-editor\" data-id=\"6e7dc4de\" data-element_type=\"widget\" data-e-type=\"widget\" data-widget_type=\"text-editor.default\">\n\t\t\t\t\t\t\t\t\t<p><b>Gr\u00e2ce \u00e0 ma m\u00e9diumnit\u00e9 et mes comp\u00e9tences, je suis capable de vous accompagner et de vous guider \u00e9galement au niveau professionnel.<\/b><\/p>\t\t\t\t\t\t\t\t<\/div>\n\t\t\t\t<div class=\"elementor-element elementor-element-1d3dea8d elementor-align-left elementor-tablet-align-center elementor-widget elementor-widget-button\" data-id=\"1d3dea8d\" data-element_type=\"widget\" data-e-type=\"widget\" data-widget_type=\"button.default\">\n\t\t\t\t\t\t\t\t\t\t<a class=\"elementor-button elementor-button-link elementor-size-sm elementor-animation-grow\" href=\"#\">\n\t\t\t\t\t\t<span class=\"elementor-button-content-wrapper\">\n\t\t\t\t\t\t\t\t\t<span class=\"elementor-button-text\">1h \/ 80\u20ac<\/span>\n\t\t\t\t\t<\/span>\n\t\t\t\t\t<\/a>\n\t\t\t\t\t\t\t\t<\/div>\n\t\t\t\t<\/div>\n\t\t\t\t<div class=\"elementor-element elementor-element-662feee9 elementor-widget__width-initial elementor-widget-tablet__width-inherit elementor-widget elementor-widget-image\" data-id=\"662feee9\" data-element_type=\"widget\" data-e-type=\"widget\" data-widget_type=\"image.default\">\n\t\t\t\t\t\t\t\t\t\t\t\t\t\t\t<img fetchpriority=\"high\" decoding=\"async\" width=\"768\" height=\"768\" src=\"https:\/\/www.mediumtherapeute.com\/wp-content\/uploads\/2024\/07\/dcebf083-f13c-4cbb-a068-159368111054-768x768.jpeg\" class=\"attachment-medium_large size-medium_large wp-image-4620\" alt=\"Accompagnement pourth\u00e9rapeute\" srcset=\"https:\/\/www.mediumtherapeute.com\/wp-content\/uploads\/2024\/07\/dcebf083-f13c-4cbb-a068-159368111054-768x768.jpeg 768w, https:\/\/www.mediumtherapeute.com\/wp-content\/uploads\/2024\/07\/dcebf083-f13c-4cbb-a068-159368111054-300x300.jpeg 300w, https:\/\/www.mediumtherapeute.com\/wp-content\/uploads\/2024\/07\/dcebf083-f13c-4cbb-a068-159368111054-150x150.jpeg 150w, https:\/\/www.mediumtherapeute.com\/wp-content\/uploads\/2024\/07\/dcebf083-f13c-4cbb-a068-159368111054.jpeg 1024w\" sizes=\"(max-width: 768px) 100vw, 768px\" \/>\t\t\t\t\t\t\t\t\t\t\t\t\t\t\t<\/div>\n\t\t\t\t<\/div>\n\t\t<div class=\"elementor-element elementor-element-73eb2d5e e-con-full e-flex e-con e-parent\" data-id=\"73eb2d5e\" data-element_type=\"container\" data-e-type=\"container\">\n\t\t\t\t<div class=\"elementor-element elementor-element-304d706b elementor-widget elementor-widget-text-editor\" data-id=\"304d706b\" data-element_type=\"widget\" data-e-type=\"widget\" data-widget_type=\"text-editor.default\">\n\t\t\t\t\t\t\t\t\t<p><\/p>\n<div>\n<p><strong>Cet accompagnement personnalis\u00e9 est con\u00e7u pour vous aider \u00e0 d\u00e9velopper votre activit\u00e9 tout en vous alignant avec votre c\u0153ur.\u00a0<\/strong><\/p>\n<p>Notre service d\u2019accompagnement pour th\u00e9rapeutes est sp\u00e9cialement con\u00e7u pour vous aider \u00e0 atteindre l&rsquo;harmonie entre votre vie professionnelle et votre mission de vie. En vous aidant \u00e0 \u00e9couter la voix de votre c\u0153ur, nous vous permettrons de prendre des d\u00e9cisions \u00e9clair\u00e9es et align\u00e9es avec votre v\u00e9ritable essence. Cette clart\u00e9 int\u00e9rieure se traduira par des choix strat\u00e9giques et un marketing cibl\u00e9, vous assurant ainsi une r\u00e9ussite financi\u00e8re durable. Vous apprendrez \u00e0 d\u00e9finir clairement votre client\u00e8le et l\u2019\u00e9tendue de vos services, \u00e0 d\u00e9velopper des strat\u00e9gies de marketing qui refl\u00e8tent authentiquement qui vous \u00eates, \u00a0afin que vous puissiez offrir des soins qui r\u00e9sonnent profond\u00e9ment avec vos valeurs et votre mission.<\/p>\n<p><strong>Nous augmenterons votre taux vibratoire pour am\u00e9liorer la puissance et l\u2019efficacit\u00e9 de vos soins.\u00a0<\/strong><\/p>\n<p>En augmentant votre taux vibratoire, vous serez en mesure de d\u00e9livrer des soins plus puissants, rapides et efficaces. Nous vous guiderons pour vous connecter \u00e0 des \u00e9nergies sup\u00e9rieures, vous permettant ainsi de recevoir de nouveaux pouvoirs de gu\u00e9rison et des protections astrales. Ces nouvelles capacit\u00e9s renforceront votre pratique et vous permettront d\u2019offrir des soins de qualit\u00e9 sup\u00e9rieure \u00e0 vos clients.<\/p>\n<p><strong>Nous vous conseillerons sur les aspects commerciaux, marketing et marketing digital pour clarifier votre offre et renforcer votre confiance.<\/strong><\/p>\n<p>En plus de l\u2019accompagnement spirituel et \u00e9nerg\u00e9tique, nous vous fournirons des conseils pratiques sur les aspects commerciaux et marketing de votre activit\u00e9. Vous apprendrez \u00e0 clarifier votre offre, \u00e0 renforcer votre pr\u00e9sence en ligne et \u00e0 utiliser les outils de marketing digital pour attirer et fid\u00e9liser votre client\u00e8le.\u00a0<\/p>\n<p><strong>Vous pourrez \u00e9galement partager vos questionnements sur tous les domaines li\u00e9s \u00e0 votre activit\u00e9 et les d\u00e9fis que vous rencontrez.\u00a0<\/strong><\/p>\n<p>En guidance, vous pourrez poser toutes les questions relatives \u00e0 votre m\u00e9tier, que ce soit au niveau juridique, financier ou strat\u00e9gies de d\u00e9veloppement. De plus, notre accompagnement offre un espace s\u00e9curis\u00e9 et bienveillant o\u00f9 vous pourrez exprimer vos doutes et vos d\u00e9fis. Nous travaillerons ensemble pour identifier et \u00e9liminer les blocages et les freins qui vous emp\u00eachent de progresser. Gr\u00e2ce \u00e0 des techniques de d\u00e9veloppement personnel et spirituel, vous serez en mesure de surmonter les obstacles et de lib\u00e9rer tout votre potentiel.<\/p>\n<p><strong>En conclusion, notre service d\u2019accompagnement pour th\u00e9rapeutes est un atout inestimable pour votre croissance personnelle et professionnelle.<\/strong> En vous aidant \u00e0 aligner votre activit\u00e9 avec votre c\u0153ur et votre \u00e2me, nous vous permettons de cr\u00e9er une entreprise prosp\u00e8re et \u00e9panouissante. Vous d\u00e9couvrirez une nouvelle cr\u00e9ativit\u00e9, une plus grande clart\u00e9 et un bien-\u00eatre professionnel accru, vous permettant ainsi de vivre pleinement votre mission de vie.<\/p>\n<\/div>\n<p><\/p>\t\t\t\t\t\t\t\t<\/div>\n\t\t\t\t<\/div>\n\t\t\t\t<\/div>\n\t\t","protected":false},"excerpt":{"rendered":"<p>services Accompagnement pour th\u00e9rapeute Gr\u00e2ce \u00e0 ma m\u00e9diumnit\u00e9 et mes comp\u00e9tences, je suis capable de vous accompagner et de vous guider \u00e9galement au niveau professionnel. 1h \/ 80\u20ac Cet accompagnement personnalis\u00e9 est con\u00e7u pour vous aider \u00e0 d\u00e9velopper votre activit\u00e9 tout en vous alignant avec votre c\u0153ur.\u00a0 Notre service d\u2019accompagnement pour th\u00e9rapeutes est sp\u00e9cialement con\u00e7u [&hellip;]<\/p>\n","protected":false},"author":2,"featured_media":0,"parent":0,"menu_order":0,"comment_status":"closed","ping_status":"closed","template":"","meta":{"footnotes":""},"class_list":["post-4191","page","type-page","status-publish","hentry"],"yoast_head":"<!-- This site is optimized with the Yoast SEO plugin v27.5 - https:\/\/yoast.com\/product\/yoast-seo-wordpress\/ -->\n<title>Accompagnement pour th\u00e9rapeute - M\u00e9dium-th\u00e9rapeute.com<\/title>\n<meta name=\"robots\" content=\"index, follow, max-snippet:-1, max-image-preview:large, max-video-preview:-1\" \/>\n<link rel=\"canonical\" href=\"https:\/\/www.mediumtherapeute.com\/index.php\/consulting\/\" \/>\n<meta property=\"og:locale\" content=\"fr_FR\" \/>\n<meta property=\"og:type\" content=\"article\" \/>\n<meta property=\"og:title\" content=\"Accompagnement pour th\u00e9rapeute - M\u00e9dium-th\u00e9rapeute.com\" \/>\n<meta property=\"og:description\" content=\"services Accompagnement pour th\u00e9rapeute Gr\u00e2ce \u00e0 ma m\u00e9diumnit\u00e9 et mes comp\u00e9tences, je suis capable de vous accompagner et de vous guider \u00e9galement au niveau professionnel. 1h \/ 80\u20ac Cet accompagnement personnalis\u00e9 est con\u00e7u pour vous aider \u00e0 d\u00e9velopper votre activit\u00e9 tout en vous alignant avec votre c\u0153ur.\u00a0 Notre service d\u2019accompagnement pour th\u00e9rapeutes est sp\u00e9cialement con\u00e7u [&hellip;]\" \/>\n<meta property=\"og:url\" content=\"https:\/\/www.mediumtherapeute.com\/index.php\/consulting\/\" \/>\n<meta property=\"og:site_name\" content=\"M\u00e9dium-th\u00e9rapeute.com\" \/>\n<meta property=\"article:modified_time\" content=\"2025-01-23T17:29:17+00:00\" \/>\n<meta property=\"og:image\" content=\"https:\/\/www.mediumtherapeute.com\/wp-content\/uploads\/2024\/07\/dcebf083-f13c-4cbb-a068-159368111054.jpeg\" \/>\n\t<meta property=\"og:image:width\" content=\"1024\" \/>\n\t<meta property=\"og:image:height\" content=\"1024\" \/>\n\t<meta property=\"og:image:type\" content=\"image\/jpeg\" \/>\n<meta name=\"twitter:card\" content=\"summary_large_image\" \/>\n<meta name=\"twitter:label1\" content=\"Dur\u00e9e de lecture estim\u00e9e\" \/>\n\t<meta name=\"twitter:data1\" content=\"3 minutes\" \/>\n<script type=\"application\/ld+json\" class=\"yoast-schema-graph\">{\"@context\":\"https:\\\/\\\/schema.org\",\"@graph\":[{\"@type\":\"WebPage\",\"@id\":\"https:\\\/\\\/www.mediumtherapeute.com\\\/index.php\\\/consulting\\\/\",\"url\":\"https:\\\/\\\/www.mediumtherapeute.com\\\/index.php\\\/consulting\\\/\",\"name\":\"Accompagnement pour th\u00e9rapeute - M\u00e9dium-th\u00e9rapeute.com\",\"isPartOf\":{\"@id\":\"https:\\\/\\\/www.mediumtherapeute.com\\\/#website\"},\"primaryImageOfPage\":{\"@id\":\"https:\\\/\\\/www.mediumtherapeute.com\\\/index.php\\\/consulting\\\/#primaryimage\"},\"image\":{\"@id\":\"https:\\\/\\\/www.mediumtherapeute.com\\\/index.php\\\/consulting\\\/#primaryimage\"},\"thumbnailUrl\":\"https:\\\/\\\/www.mediumtherapeute.com\\\/wp-content\\\/uploads\\\/2024\\\/07\\\/dcebf083-f13c-4cbb-a068-159368111054-768x768.jpeg\",\"datePublished\":\"2024-01-12T16:35:22+00:00\",\"dateModified\":\"2025-01-23T17:29:17+00:00\",\"breadcrumb\":{\"@id\":\"https:\\\/\\\/www.mediumtherapeute.com\\\/index.php\\\/consulting\\\/#breadcrumb\"},\"inLanguage\":\"fr-FR\",\"potentialAction\":[{\"@type\":\"ReadAction\",\"target\":[\"https:\\\/\\\/www.mediumtherapeute.com\\\/index.php\\\/consulting\\\/\"]}]},{\"@type\":\"ImageObject\",\"inLanguage\":\"fr-FR\",\"@id\":\"https:\\\/\\\/www.mediumtherapeute.com\\\/index.php\\\/consulting\\\/#primaryimage\",\"url\":\"https:\\\/\\\/www.mediumtherapeute.com\\\/wp-content\\\/uploads\\\/2024\\\/07\\\/dcebf083-f13c-4cbb-a068-159368111054.jpeg\",\"contentUrl\":\"https:\\\/\\\/www.mediumtherapeute.com\\\/wp-content\\\/uploads\\\/2024\\\/07\\\/dcebf083-f13c-4cbb-a068-159368111054.jpeg\",\"width\":1024,\"height\":1024,\"caption\":\"Accompagnement pourth\u00e9rapeute\"},{\"@type\":\"BreadcrumbList\",\"@id\":\"https:\\\/\\\/www.mediumtherapeute.com\\\/index.php\\\/consulting\\\/#breadcrumb\",\"itemListElement\":[{\"@type\":\"ListItem\",\"position\":1,\"name\":\"Accueil\",\"item\":\"https:\\\/\\\/www.mediumtherapeute.com\\\/\"},{\"@type\":\"ListItem\",\"position\":2,\"name\":\"Accompagnement pour th\u00e9rapeute\"}]},{\"@type\":\"WebSite\",\"@id\":\"https:\\\/\\\/www.mediumtherapeute.com\\\/#website\",\"url\":\"https:\\\/\\\/www.mediumtherapeute.com\\\/\",\"name\":\"M\u00e9dium-th\u00e9rapeute.com\",\"description\":\"Medium et formation medium \u00e0 Toulouse\",\"publisher\":{\"@id\":\"https:\\\/\\\/www.mediumtherapeute.com\\\/#\\\/schema\\\/person\\\/05ce1992c529ec27907fb7732bcbc37e\"},\"potentialAction\":[{\"@type\":\"SearchAction\",\"target\":{\"@type\":\"EntryPoint\",\"urlTemplate\":\"https:\\\/\\\/www.mediumtherapeute.com\\\/?s={search_term_string}\"},\"query-input\":{\"@type\":\"PropertyValueSpecification\",\"valueRequired\":true,\"valueName\":\"search_term_string\"}}],\"inLanguage\":\"fr-FR\"},{\"@type\":[\"Person\",\"Organization\"],\"@id\":\"https:\\\/\\\/www.mediumtherapeute.com\\\/#\\\/schema\\\/person\\\/05ce1992c529ec27907fb7732bcbc37e\",\"name\":\"pegase\",\"image\":{\"@type\":\"ImageObject\",\"inLanguage\":\"fr-FR\",\"@id\":\"https:\\\/\\\/www.mediumtherapeute.com\\\/wp-content\\\/uploads\\\/2024\\\/04\\\/LOGO-TB.jpg\",\"url\":\"https:\\\/\\\/www.mediumtherapeute.com\\\/wp-content\\\/uploads\\\/2024\\\/04\\\/LOGO-TB.jpg\",\"contentUrl\":\"https:\\\/\\\/www.mediumtherapeute.com\\\/wp-content\\\/uploads\\\/2024\\\/04\\\/LOGO-TB.jpg\",\"width\":571,\"height\":606,\"caption\":\"pegase\"},\"logo\":{\"@id\":\"https:\\\/\\\/www.mediumtherapeute.com\\\/wp-content\\\/uploads\\\/2024\\\/04\\\/LOGO-TB.jpg\"}}]}<\/script>\n<!-- \/ Yoast SEO plugin. -->","yoast_head_json":{"title":"Accompagnement pour th\u00e9rapeute - M\u00e9dium-th\u00e9rapeute.com","robots":{"index":"index","follow":"follow","max-snippet":"max-snippet:-1","max-image-preview":"max-image-preview:large","max-video-preview":"max-video-preview:-1"},"canonical":"https:\/\/www.mediumtherapeute.com\/index.php\/consulting\/","og_locale":"fr_FR","og_type":"article","og_title":"Accompagnement pour th\u00e9rapeute - M\u00e9dium-th\u00e9rapeute.com","og_description":"services Accompagnement pour th\u00e9rapeute Gr\u00e2ce \u00e0 ma m\u00e9diumnit\u00e9 et mes comp\u00e9tences, je suis capable de vous accompagner et de vous guider \u00e9galement au niveau professionnel. 1h \/ 80\u20ac Cet accompagnement personnalis\u00e9 est con\u00e7u pour vous aider \u00e0 d\u00e9velopper votre activit\u00e9 tout en vous alignant avec votre c\u0153ur.\u00a0 Notre service d\u2019accompagnement pour th\u00e9rapeutes est sp\u00e9cialement con\u00e7u [&hellip;]","og_url":"https:\/\/www.mediumtherapeute.com\/index.php\/consulting\/","og_site_name":"M\u00e9dium-th\u00e9rapeute.com","article_modified_time":"2025-01-23T17:29:17+00:00","og_image":[{"width":1024,"height":1024,"url":"https:\/\/www.mediumtherapeute.com\/wp-content\/uploads\/2024\/07\/dcebf083-f13c-4cbb-a068-159368111054.jpeg","type":"image\/jpeg"}],"twitter_card":"summary_large_image","twitter_misc":{"Dur\u00e9e de lecture estim\u00e9e":"3 minutes"},"schema":{"@context":"https:\/\/schema.org","@graph":[{"@type":"WebPage","@id":"https:\/\/www.mediumtherapeute.com\/index.php\/consulting\/","url":"https:\/\/www.mediumtherapeute.com\/index.php\/consulting\/","name":"Accompagnement pour th\u00e9rapeute - M\u00e9dium-th\u00e9rapeute.com","isPartOf":{"@id":"https:\/\/www.mediumtherapeute.com\/#website"},"primaryImageOfPage":{"@id":"https:\/\/www.mediumtherapeute.com\/index.php\/consulting\/#primaryimage"},"image":{"@id":"https:\/\/www.mediumtherapeute.com\/index.php\/consulting\/#primaryimage"},"thumbnailUrl":"https:\/\/www.mediumtherapeute.com\/wp-content\/uploads\/2024\/07\/dcebf083-f13c-4cbb-a068-159368111054-768x768.jpeg","datePublished":"2024-01-12T16:35:22+00:00","dateModified":"2025-01-23T17:29:17+00:00","breadcrumb":{"@id":"https:\/\/www.mediumtherapeute.com\/index.php\/consulting\/#breadcrumb"},"inLanguage":"fr-FR","potentialAction":[{"@type":"ReadAction","target":["https:\/\/www.mediumtherapeute.com\/index.php\/consulting\/"]}]},{"@type":"ImageObject","inLanguage":"fr-FR","@id":"https:\/\/www.mediumtherapeute.com\/index.php\/consulting\/#primaryimage","url":"https:\/\/www.mediumtherapeute.com\/wp-content\/uploads\/2024\/07\/dcebf083-f13c-4cbb-a068-159368111054.jpeg","contentUrl":"https:\/\/www.mediumtherapeute.com\/wp-content\/uploads\/2024\/07\/dcebf083-f13c-4cbb-a068-159368111054.jpeg","width":1024,"height":1024,"caption":"Accompagnement pourth\u00e9rapeute"},{"@type":"BreadcrumbList","@id":"https:\/\/www.mediumtherapeute.com\/index.php\/consulting\/#breadcrumb","itemListElement":[{"@type":"ListItem","position":1,"name":"Accueil","item":"https:\/\/www.mediumtherapeute.com\/"},{"@type":"ListItem","position":2,"name":"Accompagnement pour th\u00e9rapeute"}]},{"@type":"WebSite","@id":"https:\/\/www.mediumtherapeute.com\/#website","url":"https:\/\/www.mediumtherapeute.com\/","name":"M\u00e9dium-th\u00e9rapeute.com","description":"Medium et formation medium \u00e0 Toulouse","publisher":{"@id":"https:\/\/www.mediumtherapeute.com\/#\/schema\/person\/05ce1992c529ec27907fb7732bcbc37e"},"potentialAction":[{"@type":"SearchAction","target":{"@type":"EntryPoint","urlTemplate":"https:\/\/www.mediumtherapeute.com\/?s={search_term_string}"},"query-input":{"@type":"PropertyValueSpecification","valueRequired":true,"valueName":"search_term_string"}}],"inLanguage":"fr-FR"},{"@type":["Person","Organization"],"@id":"https:\/\/www.mediumtherapeute.com\/#\/schema\/person\/05ce1992c529ec27907fb7732bcbc37e","name":"pegase","image":{"@type":"ImageObject","inLanguage":"fr-FR","@id":"https:\/\/www.mediumtherapeute.com\/wp-content\/uploads\/2024\/04\/LOGO-TB.jpg","url":"https:\/\/www.mediumtherapeute.com\/wp-content\/uploads\/2024\/04\/LOGO-TB.jpg","contentUrl":"https:\/\/www.mediumtherapeute.com\/wp-content\/uploads\/2024\/04\/LOGO-TB.jpg","width":571,"height":606,"caption":"pegase"},"logo":{"@id":"https:\/\/www.mediumtherapeute.com\/wp-content\/uploads\/2024\/04\/LOGO-TB.jpg"}}]}},"_links":{"self":[{"href":"https:\/\/www.mediumtherapeute.com\/index.php\/wp-json\/wp\/v2\/pages\/4191","targetHints":{"allow":["GET"]}}],"collection":[{"href":"https:\/\/www.mediumtherapeute.com\/index.php\/wp-json\/wp\/v2\/pages"}],"about":[{"href":"https:\/\/www.mediumtherapeute.com\/index.php\/wp-json\/wp\/v2\/types\/page"}],"author":[{"embeddable":true,"href":"https:\/\/www.mediumtherapeute.com\/index.php\/wp-json\/wp\/v2\/users\/2"}],"replies":[{"embeddable":true,"href":"https:\/\/www.mediumtherapeute.com\/index.php\/wp-json\/wp\/v2\/comments?post=4191"}],"version-history":[{"count":58,"href":"https:\/\/www.mediumtherapeute.com\/index.php\/wp-json\/wp\/v2\/pages\/4191\/revisions"}],"predecessor-version":[{"id":5285,"href":"https:\/\/www.mediumtherapeute.com\/index.php\/wp-json\/wp\/v2\/pages\/4191\/revisions\/5285"}],"wp:attachment":[{"href":"https:\/\/www.mediumtherapeute.com\/index.php\/wp-json\/wp\/v2\/media?parent=4191"}],"curies":[{"name":"wp","href":"https:\/\/api.w.org\/{rel}","templated":true}]}}