{"id":2170,"date":"2019-01-22T16:24:07","date_gmt":"2019-01-22T15:24:07","guid":{"rendered":"https:\/\/www.mediumtherapeute.com\/?page_id=2170"},"modified":"2025-08-12T23:38:16","modified_gmt":"2025-08-12T21:38:16","slug":"2170-2","status":"publish","type":"page","link":"https:\/\/www.mediumtherapeute.com\/index.php\/2170-2\/","title":{"rendered":"Coaching m\u00e9diumnique"},"content":{"rendered":"\t\t<div data-elementor-type=\"wp-page\" data-elementor-id=\"2170\" class=\"elementor elementor-2170\">\n\t\t\t\t<div class=\"elementor-element elementor-element-6c1c970b e-con-full e-flex e-con e-parent\" data-id=\"6c1c970b\" data-element_type=\"container\" data-e-type=\"container\" data-settings=\"{&quot;background_background&quot;:&quot;classic&quot;}\">\n\t\t<div class=\"elementor-element elementor-element-2b81914c e-con-full e-flex e-con e-child\" data-id=\"2b81914c\" data-element_type=\"container\" data-e-type=\"container\">\n\t\t\t\t<div class=\"elementor-element elementor-element-72bd0020 elementor-widget elementor-widget-heading\" data-id=\"72bd0020\" data-element_type=\"widget\" data-e-type=\"widget\" data-widget_type=\"heading.default\">\n\t\t\t\t\t<p class=\"elementor-heading-title elementor-size-default\">services<\/p>\t\t\t\t<\/div>\n\t\t\t\t<div class=\"elementor-element elementor-element-18374890 elementor-widget elementor-widget-heading\" data-id=\"18374890\" data-element_type=\"widget\" data-e-type=\"widget\" data-widget_type=\"heading.default\">\n\t\t\t\t\t<h2 class=\"elementor-heading-title elementor-size-default\">Coaching m\u00e9diumnique<\/h2>\t\t\t\t<\/div>\n\t\t\t\t<div class=\"elementor-element elementor-element-58f940c1 elementor-widget elementor-widget-text-editor\" data-id=\"58f940c1\" data-element_type=\"widget\" data-e-type=\"widget\" data-widget_type=\"text-editor.default\">\n\t\t\t\t\t\t\t\t\t<p>D\u00e9veloppez toutes vos claircapacit\u00e9s, communiquez avec votre \u00e2me, vos guides et voyagez dans l&rsquo;astral en toute s\u00e9curit\u00e9.<\/p>\t\t\t\t\t\t\t\t<\/div>\n\t\t\t\t<div class=\"elementor-element elementor-element-7d2af29a elementor-align-left elementor-tablet-align-center elementor-widget elementor-widget-button\" data-id=\"7d2af29a\" data-element_type=\"widget\" data-e-type=\"widget\" data-widget_type=\"button.default\">\n\t\t\t\t\t\t\t\t\t\t<a class=\"elementor-button elementor-button-link elementor-size-sm elementor-animation-grow\" href=\"#\">\n\t\t\t\t\t\t<span class=\"elementor-button-content-wrapper\">\n\t\t\t\t\t\t\t\t\t<span class=\"elementor-button-text\">1h30 \/ 85\u20ac<\/span>\n\t\t\t\t\t<\/span>\n\t\t\t\t\t<\/a>\n\t\t\t\t\t\t\t\t<\/div>\n\t\t\t\t<\/div>\n\t\t\t\t<div class=\"elementor-element elementor-element-7de7c4d6 elementor-widget__width-initial elementor-widget-tablet__width-inherit elementor-widget elementor-widget-image\" data-id=\"7de7c4d6\" data-element_type=\"widget\" data-e-type=\"widget\" data-widget_type=\"image.default\">\n\t\t\t\t\t\t\t\t\t\t\t\t\t\t\t<img fetchpriority=\"high\" decoding=\"async\" width=\"300\" height=\"300\" src=\"https:\/\/www.mediumtherapeute.com\/wp-content\/uploads\/2024\/04\/d1c5efda-0bc3-40c7-ae40-4e81e4e386bd-300x300.jpg\" class=\"attachment-medium size-medium wp-image-4299\" alt=\"Connexion avec un guide spirituel\" srcset=\"https:\/\/www.mediumtherapeute.com\/wp-content\/uploads\/2024\/04\/d1c5efda-0bc3-40c7-ae40-4e81e4e386bd-300x300.jpg 300w, https:\/\/www.mediumtherapeute.com\/wp-content\/uploads\/2024\/04\/d1c5efda-0bc3-40c7-ae40-4e81e4e386bd-150x150.jpg 150w, https:\/\/www.mediumtherapeute.com\/wp-content\/uploads\/2024\/04\/d1c5efda-0bc3-40c7-ae40-4e81e4e386bd-768x768.jpg 768w, https:\/\/www.mediumtherapeute.com\/wp-content\/uploads\/2024\/04\/d1c5efda-0bc3-40c7-ae40-4e81e4e386bd.jpg 1024w\" sizes=\"(max-width: 300px) 100vw, 300px\" \/>\t\t\t\t\t\t\t\t\t\t\t\t\t\t\t<\/div>\n\t\t\t\t<\/div>\n\t\t<div class=\"elementor-element elementor-element-UQ2nHVT e-flex e-con-boxed e-con e-parent\" data-id=\"UQ2nHVT\" data-element_type=\"container\" data-e-type=\"container\">\n\t\t\t\t\t<div class=\"e-con-inner\">\n\t\t<div class=\"elementor-element elementor-element-2cAaZwG e-flex e-con-boxed e-con e-child\" data-id=\"2cAaZwG\" data-element_type=\"container\" data-e-type=\"container\">\n\t\t\t\t\t<div class=\"e-con-inner\">\n\t\t\t\t<div class=\"elementor-element elementor-element-XjoExrw elementor-widget-tablet__width-inherit elementor-widget elementor-widget-text-editor\" data-id=\"XjoExrw\" data-element_type=\"widget\" data-e-type=\"widget\" data-widget_type=\"text-editor.default\">\n\t\t\t\t\t\t\t\t\t<h2>\ud83d\udd2e Coaching M\u00e9diumnique\u00a0<\/h2><p>Explorez et d\u00e9veloppez vos capacit\u00e9s m\u00e9diumniques gr\u00e2ce \u00e0 un accompagnement sur mesure, con\u00e7u pour vous faire progresser \u00e0 votre rythme. Ce programme de coaching personnalis\u00e9 vous offre les outils, les protocoles de protection et les conseils essentiels pour renforcer votre clairsentience, clairvoyance et clairaudience, tout en \u00e9tablissant une communication s\u00e9curis\u00e9e avec les plans subtils.<\/p><p>Vous apprendrez \u00e0 vous connecter profond\u00e9ment \u00e0 votre \u00e2me, \u00e0 maintenir une relation claire avec vos guides spirituels, et \u00e0 accueillir les \u00e9ventuelles facult\u00e9s de gu\u00e9rison qui \u00e9mergent au fil de votre \u00e9volution. En tant que m\u00e9dium exp\u00e9riment\u00e9e, je vous accompagne pour d\u00e9passer les blocages, lever les r\u00e9sistances et r\u00e9v\u00e9ler votre plein potentiel.<\/p><p>Ce coaching vous permet d\u2019acc\u00e9der \u00e0 une r\u00e9alit\u00e9 multidimensionnelle, d\u2019entrer en contact avec vos guides, votre animal totem, et d\u2019affiner votre intuition de mani\u00e8re rapide et durable. Que votre d\u00e9marche soit personnelle ou professionnelle, nous travaillons ensemble pour atteindre vos objectifs spirituels avec clart\u00e9, puissance et bienveillance.<\/p>\t\t\t\t\t\t\t\t<\/div>\n\t\t\t\t\t<\/div>\n\t\t\t\t<\/div>\n\t\t\t\t\t<\/div>\n\t\t\t\t<\/div>\n\t\t<div class=\"elementor-element elementor-element-bOeNuSR e-flex e-con-boxed e-con e-parent\" data-id=\"bOeNuSR\" data-element_type=\"container\" data-e-type=\"container\">\n\t\t\t\t\t<div class=\"e-con-inner\">\n\t\t\t\t<div class=\"elementor-element elementor-element-CRKgnmf elementor-widget elementor-widget-heading\" data-id=\"CRKgnmf\" data-element_type=\"widget\" data-e-type=\"widget\" data-widget_type=\"heading.default\">\n\t\t\t\t\t<h2 class=\"elementor-heading-title elementor-size-default\">T\u00e9moignages clients<\/h2>\t\t\t\t<\/div>\n\t\t<div class=\"elementor-element elementor-element-eh9Vdiq e-con-full e-flex e-con e-child\" data-id=\"eh9Vdiq\" data-element_type=\"container\" data-e-type=\"container\">\n\t\t<div class=\"elementor-element elementor-element-2g5EAVt e-con-full e-flex e-con e-child\" data-id=\"2g5EAVt\" data-element_type=\"container\" data-e-type=\"container\" data-settings=\"{&quot;animation_tablet&quot;:&quot;fadeIn&quot;}\">\n\t\t\t\t<div class=\"elementor-element elementor-element-MULdKOd elementor-widget elementor-widget-testimonial\" data-id=\"MULdKOd\" data-element_type=\"widget\" data-e-type=\"widget\" data-widget_type=\"testimonial.default\">\n\t\t\t\t\t\t\t<div class=\"elementor-testimonial-wrapper\">\n\t\t\t\t\t\t\t<div class=\"elementor-testimonial-content\">\u201cG\u00e9obiologue et \u00e9nerg\u00e9ticien depuis qqs ann\u00e9es, je pratiquais par passion, sans forc\u00e9ment prendre pleinement conscience de ce qua \u00e7a impliquait.\nPeggy m\u2019a permis d\u2019acqu\u00e9rir les outils pour cheminer plus sereinement sur la voie du c\u0153ur. Elle m\u2019a permis de m\u2019ouvrir \u00e0 un potentiel que je ne soup\u00e7onnais pas.\nMerci encore Peggy!\u201d<\/div>\n\t\t\t\n\t\t\t\t\t\t<div class=\"elementor-testimonial-meta elementor-has-image elementor-testimonial-image-position-aside\">\n\t\t\t\t<div class=\"elementor-testimonial-meta-inner\">\n\t\t\t\t\t\t\t\t\t\t\t<div class=\"elementor-testimonial-image\">\n\t\t\t\t\t\t\t<img decoding=\"async\" src=\"https:\/\/gene-2697.live.strattic.io\/wp-content\/uploads\/2024\/02\/wireframe-img.png\" title=\"\" alt=\"\" loading=\"lazy\" \/>\t\t\t\t\t\t<\/div>\n\t\t\t\t\t\n\t\t\t\t\t\t\t\t\t\t<div class=\"elementor-testimonial-details\">\n\t\t\t\t\t\t\t\t\t\t\t\t\t\t<div class=\"elementor-testimonial-name\">J-Baptiste M.<\/div>\n\t\t\t\t\t\t\t\t\t\t\t\t\t\t\t\t\t\t\t\t\t\t<div class=\"elementor-testimonial-job\">Rouen<\/div>\n\t\t\t\t\t\t\t\t\t\t\t\t\t<\/div>\n\t\t\t\t\t\t\t\t\t<\/div>\n\t\t\t<\/div>\n\t\t\t\t\t<\/div>\n\t\t\t\t\t\t<\/div>\n\t\t\t\t<\/div>\n\t\t<div class=\"elementor-element elementor-element-GcSFNQ3 e-con-full e-flex e-con e-child\" data-id=\"GcSFNQ3\" data-element_type=\"container\" data-e-type=\"container\" data-settings=\"{&quot;animation_tablet&quot;:&quot;fadeIn&quot;}\">\n\t\t\t\t<div class=\"elementor-element elementor-element-XXpii3D elementor-widget elementor-widget-testimonial\" data-id=\"XXpii3D\" data-element_type=\"widget\" data-e-type=\"widget\" data-widget_type=\"testimonial.default\">\n\t\t\t\t\t\t\t<div class=\"elementor-testimonial-wrapper\">\n\t\t\t\t\t\t\t<div class=\"elementor-testimonial-content\">\u201cJ'\u2019avais besoin de raccorder les \u00e9l\u00e9ments entre eux, comprendre ce qui m\u2019arrivait et ne plus le subir, plut\u00f4t l\u2019incarner. C\u2019est chose faite. Merci mille fois Peggy, pour ton accompagnement, la justesse et la puissance de tes guidances, et pour l\u2019autonomie qui est la mienne aujourd\u2019hui. Je suis venue tourn\u00e9e vers le monde subtil en qu\u00eate d\u2019apaisement, et je suis d\u00e9sormais bien ancr\u00e9e ici, decid\u00e9e \u00e0 construire dans le concret ma vie de lumi\u00e8re !<\/div>\n\t\t\t\n\t\t\t\t\t\t<div class=\"elementor-testimonial-meta elementor-has-image elementor-testimonial-image-position-aside\">\n\t\t\t\t<div class=\"elementor-testimonial-meta-inner\">\n\t\t\t\t\t\t\t\t\t\t\t<div class=\"elementor-testimonial-image\">\n\t\t\t\t\t\t\t<img decoding=\"async\" src=\"https:\/\/gene-2697.live.strattic.io\/wp-content\/uploads\/2024\/02\/wireframe-img.png\" title=\"\" alt=\"\" loading=\"lazy\" \/>\t\t\t\t\t\t<\/div>\n\t\t\t\t\t\n\t\t\t\t\t\t\t\t\t\t<div class=\"elementor-testimonial-details\">\n\t\t\t\t\t\t\t\t\t\t\t\t\t\t<div class=\"elementor-testimonial-name\">Laure K.<\/div>\n\t\t\t\t\t\t\t\t\t\t\t\t\t\t\t\t\t\t\t\t\t\t<div class=\"elementor-testimonial-job\">Toulouse<\/div>\n\t\t\t\t\t\t\t\t\t\t\t\t\t<\/div>\n\t\t\t\t\t\t\t\t\t<\/div>\n\t\t\t<\/div>\n\t\t\t\t\t<\/div>\n\t\t\t\t\t\t<\/div>\n\t\t\t\t<\/div>\n\t\t<div class=\"elementor-element elementor-element-kLHcvbA e-con-full e-flex e-con e-child\" data-id=\"kLHcvbA\" data-element_type=\"container\" data-e-type=\"container\" data-settings=\"{&quot;animation_tablet&quot;:&quot;fadeIn&quot;}\">\n\t\t\t\t<div class=\"elementor-element elementor-element-kBqVYsc elementor-widget elementor-widget-testimonial\" data-id=\"kBqVYsc\" data-element_type=\"widget\" data-e-type=\"widget\" data-widget_type=\"testimonial.default\">\n\t\t\t\t\t\t\t<div class=\"elementor-testimonial-wrapper\">\n\t\t\t\t\t\t\t<div class=\"elementor-testimonial-content\">\"J\u2019\u00e9tais compl\u00e8tement perdue et sursollicit\u00e9e par mes claircapacites. J\u2019\u00e9tais \u00e0 bout, fatigu\u00e9e et la peur commen\u00e7ait \u00e0 m\u2019envahir.\nD\u00e8s les premiers instants, je me suis sentie apais\u00e9e et lib\u00e9r\u00e9e. Gr\u00e2ce \u00e0 l\u2019accompagnement clair, tout en douceur et \u00e0 l\u2019attention de Peggy, je suis aujourd\u2019hui \u00e9panouie, je sais o\u00f9 est ma place, ma peur s\u2019est \u00e9teinte et une force nouvelle a grandi en moi.\" <\/div>\n\t\t\t\n\t\t\t\t\t\t<div class=\"elementor-testimonial-meta elementor-has-image elementor-testimonial-image-position-aside\">\n\t\t\t\t<div class=\"elementor-testimonial-meta-inner\">\n\t\t\t\t\t\t\t\t\t\t\t<div class=\"elementor-testimonial-image\">\n\t\t\t\t\t\t\t<img decoding=\"async\" src=\"https:\/\/gene-2697.live.strattic.io\/wp-content\/uploads\/2024\/02\/wireframe-img.png\" title=\"\" alt=\"\" loading=\"lazy\" \/>\t\t\t\t\t\t<\/div>\n\t\t\t\t\t\n\t\t\t\t\t\t\t\t\t\t<div class=\"elementor-testimonial-details\">\n\t\t\t\t\t\t\t\t\t\t\t\t\t\t<div class=\"elementor-testimonial-name\">Maud B.<\/div>\n\t\t\t\t\t\t\t\t\t\t\t\t\t\t\t\t\t\t\t\t\t\t<div class=\"elementor-testimonial-job\">Tarbes<\/div>\n\t\t\t\t\t\t\t\t\t\t\t\t\t<\/div>\n\t\t\t\t\t\t\t\t\t<\/div>\n\t\t\t<\/div>\n\t\t\t\t\t<\/div>\n\t\t\t\t\t\t<\/div>\n\t\t\t\t<\/div>\n\t\t\t\t<\/div>\n\t\t\t\t\t<\/div>\n\t\t\t\t<\/div>\n\t\t<div class=\"elementor-element elementor-element-94dd3d8 e-flex e-con-boxed e-con e-parent\" data-id=\"94dd3d8\" data-element_type=\"container\" data-e-type=\"container\">\n\t\t\t\t\t<div class=\"e-con-inner\">\n\t\t\t\t<div class=\"elementor-element elementor-element-2965bae elementor-widget__width-initial elementor-widget elementor-widget-heading\" data-id=\"2965bae\" data-element_type=\"widget\" data-e-type=\"widget\" data-widget_type=\"heading.default\">\n\t\t\t\t\t<h3 class=\"elementor-heading-title elementor-size-default\">Consultation Coaching M\u00e9diumnique 1h30 \/85\u20ac <\/h3>\t\t\t\t<\/div>\n\t\t\t\t\t<\/div>\n\t\t\t\t<\/div>\n\t\t<div class=\"elementor-element elementor-element-fb751cc e-flex e-con-boxed e-con e-parent\" data-id=\"fb751cc\" data-element_type=\"container\" data-e-type=\"container\">\n\t\t\t\t\t<div class=\"e-con-inner\">\n\t\t<div class=\"elementor-element elementor-element-392ba81 e-con-full e-flex e-con e-child\" data-id=\"392ba81\" data-element_type=\"container\" data-e-type=\"container\">\n\t\t<div class=\"elementor-element elementor-element-dc1b665 e-con-full e-flex e-con e-child\" data-id=\"dc1b665\" data-element_type=\"container\" data-e-type=\"container\">\n\t\t<div class=\"elementor-element elementor-element-4a12055 e-con-full e-flex e-con e-child\" data-id=\"4a12055\" data-element_type=\"container\" data-e-type=\"container\">\n\t\t\t\t<div class=\"elementor-element elementor-element-2062db6 elementor-widget elementor-widget-heading\" data-id=\"2062db6\" data-element_type=\"widget\" data-e-type=\"widget\" data-widget_type=\"heading.default\">\n\t\t\t\t\t<h2 class=\"elementor-heading-title elementor-size-default\">Prise de rdv par SMS au<\/h2>\t\t\t\t<\/div>\n\t\t\t\t<\/div>\n\t\t<div class=\"elementor-element elementor-element-6249fa1 e-con-full e-flex e-con e-child\" data-id=\"6249fa1\" data-element_type=\"container\" data-e-type=\"container\">\n\t\t\t\t<div class=\"elementor-element elementor-element-dd5b413 elementor-widget elementor-widget-button\" data-id=\"dd5b413\" data-element_type=\"widget\" data-e-type=\"widget\" data-widget_type=\"button.default\">\n\t\t\t\t\t\t\t\t\t\t<a class=\"elementor-button elementor-button-link elementor-size-sm\" href=\"#\">\n\t\t\t\t\t\t<span class=\"elementor-button-content-wrapper\">\n\t\t\t\t\t\t\t\t\t<span class=\"elementor-button-text\">06.60.10.35.11<\/span>\n\t\t\t\t\t<\/span>\n\t\t\t\t\t<\/a>\n\t\t\t\t\t\t\t\t<\/div>\n\t\t\t\t<\/div>\n\t\t<div class=\"elementor-element elementor-element-dc8db8c e-con-full e-flex e-con e-child\" data-id=\"dc8db8c\" data-element_type=\"container\" data-e-type=\"container\">\n\t\t\t\t<\/div>\n\t\t\t\t<\/div>\n\t\t\t\t<\/div>\n\t\t\t\t\t<\/div>\n\t\t\t\t<\/div>\n\t\t<div class=\"elementor-element elementor-element-3a6a675 e-flex e-con-boxed e-con e-parent\" data-id=\"3a6a675\" data-element_type=\"container\" data-e-type=\"container\">\n\t\t\t\t\t<div class=\"e-con-inner\">\n\t\t\t\t\t<\/div>\n\t\t\t\t<\/div>\n\t\t\t\t<\/div>\n\t\t","protected":false},"excerpt":{"rendered":"<p>services Coaching m\u00e9diumnique D\u00e9veloppez toutes vos claircapacit\u00e9s, communiquez avec votre \u00e2me, vos guides et voyagez dans l&rsquo;astral en toute s\u00e9curit\u00e9. 1h30 \/ 85\u20ac \ud83d\udd2e Coaching M\u00e9diumnique\u00a0 Explorez et d\u00e9veloppez vos capacit\u00e9s m\u00e9diumniques gr\u00e2ce \u00e0 un accompagnement sur mesure, con\u00e7u pour vous faire progresser \u00e0 votre rythme. Ce programme de coaching personnalis\u00e9 vous offre les outils, [&hellip;]<\/p>\n","protected":false},"author":2,"featured_media":0,"parent":0,"menu_order":0,"comment_status":"closed","ping_status":"closed","template":"","meta":{"footnotes":""},"class_list":["post-2170","page","type-page","status-publish","hentry"],"yoast_head":"<!-- This site is optimized with the Yoast SEO plugin v27.4 - https:\/\/yoast.com\/product\/yoast-seo-wordpress\/ -->\n<title>Coaching m\u00e9diumnique - M\u00e9dium-th\u00e9rapeute.com<\/title>\n<meta name=\"description\" content=\"Coaching m\u00e9diumnique : D\u00e9veloppez vos claircapacit\u00e9s, communiquez avec votre \u00e2me et vos guides, voyagez dans l&#039;astral. SMS au 06.60.10.35.11.\" \/>\n<meta name=\"robots\" content=\"index, follow, max-snippet:-1, max-image-preview:large, max-video-preview:-1\" \/>\n<link rel=\"canonical\" href=\"https:\/\/www.mediumtherapeute.com\/index.php\/2170-2\/\" \/>\n<meta property=\"og:locale\" content=\"fr_FR\" \/>\n<meta property=\"og:type\" content=\"article\" \/>\n<meta property=\"og:title\" content=\"Coaching m\u00e9diumnique - M\u00e9dium-th\u00e9rapeute.com\" \/>\n<meta property=\"og:description\" content=\"Coaching m\u00e9diumnique : D\u00e9veloppez vos claircapacit\u00e9s, communiquez avec votre \u00e2me et vos guides, voyagez dans l&#039;astral. SMS au 06.60.10.35.11.\" \/>\n<meta property=\"og:url\" content=\"https:\/\/www.mediumtherapeute.com\/index.php\/2170-2\/\" \/>\n<meta property=\"og:site_name\" content=\"M\u00e9dium-th\u00e9rapeute.com\" \/>\n<meta property=\"article:modified_time\" content=\"2025-08-12T21:38:16+00:00\" \/>\n<meta property=\"og:image\" content=\"https:\/\/www.mediumtherapeute.com\/wp-content\/uploads\/2024\/04\/d1c5efda-0bc3-40c7-ae40-4e81e4e386bd.jpg\" \/>\n\t<meta property=\"og:image:width\" content=\"1024\" \/>\n\t<meta property=\"og:image:height\" content=\"1024\" \/>\n\t<meta property=\"og:image:type\" content=\"image\/jpeg\" \/>\n<meta name=\"twitter:card\" content=\"summary_large_image\" \/>\n<meta name=\"twitter:label1\" content=\"Dur\u00e9e de lecture estim\u00e9e\" \/>\n\t<meta name=\"twitter:data1\" content=\"3 minutes\" \/>\n<script type=\"application\/ld+json\" class=\"yoast-schema-graph\">{\"@context\":\"https:\\\/\\\/schema.org\",\"@graph\":[{\"@type\":\"WebPage\",\"@id\":\"https:\\\/\\\/www.mediumtherapeute.com\\\/index.php\\\/2170-2\\\/\",\"url\":\"https:\\\/\\\/www.mediumtherapeute.com\\\/index.php\\\/2170-2\\\/\",\"name\":\"Coaching m\u00e9diumnique - M\u00e9dium-th\u00e9rapeute.com\",\"isPartOf\":{\"@id\":\"https:\\\/\\\/www.mediumtherapeute.com\\\/#website\"},\"primaryImageOfPage\":{\"@id\":\"https:\\\/\\\/www.mediumtherapeute.com\\\/index.php\\\/2170-2\\\/#primaryimage\"},\"image\":{\"@id\":\"https:\\\/\\\/www.mediumtherapeute.com\\\/index.php\\\/2170-2\\\/#primaryimage\"},\"thumbnailUrl\":\"https:\\\/\\\/www.mediumtherapeute.com\\\/wp-content\\\/uploads\\\/2024\\\/04\\\/d1c5efda-0bc3-40c7-ae40-4e81e4e386bd-300x300.jpg\",\"datePublished\":\"2019-01-22T15:24:07+00:00\",\"dateModified\":\"2025-08-12T21:38:16+00:00\",\"description\":\"Coaching m\u00e9diumnique : D\u00e9veloppez vos claircapacit\u00e9s, communiquez avec votre \u00e2me et vos guides, voyagez dans l'astral. SMS au 06.60.10.35.11.\",\"breadcrumb\":{\"@id\":\"https:\\\/\\\/www.mediumtherapeute.com\\\/index.php\\\/2170-2\\\/#breadcrumb\"},\"inLanguage\":\"fr-FR\",\"potentialAction\":[{\"@type\":\"ReadAction\",\"target\":[\"https:\\\/\\\/www.mediumtherapeute.com\\\/index.php\\\/2170-2\\\/\"]}]},{\"@type\":\"ImageObject\",\"inLanguage\":\"fr-FR\",\"@id\":\"https:\\\/\\\/www.mediumtherapeute.com\\\/index.php\\\/2170-2\\\/#primaryimage\",\"url\":\"https:\\\/\\\/www.mediumtherapeute.com\\\/wp-content\\\/uploads\\\/2024\\\/04\\\/d1c5efda-0bc3-40c7-ae40-4e81e4e386bd.jpg\",\"contentUrl\":\"https:\\\/\\\/www.mediumtherapeute.com\\\/wp-content\\\/uploads\\\/2024\\\/04\\\/d1c5efda-0bc3-40c7-ae40-4e81e4e386bd.jpg\",\"width\":1024,\"height\":1024,\"caption\":\"Connexion avec un guide spirituel\"},{\"@type\":\"BreadcrumbList\",\"@id\":\"https:\\\/\\\/www.mediumtherapeute.com\\\/index.php\\\/2170-2\\\/#breadcrumb\",\"itemListElement\":[{\"@type\":\"ListItem\",\"position\":1,\"name\":\"Accueil\",\"item\":\"https:\\\/\\\/www.mediumtherapeute.com\\\/\"},{\"@type\":\"ListItem\",\"position\":2,\"name\":\"Coaching m\u00e9diumnique\"}]},{\"@type\":\"WebSite\",\"@id\":\"https:\\\/\\\/www.mediumtherapeute.com\\\/#website\",\"url\":\"https:\\\/\\\/www.mediumtherapeute.com\\\/\",\"name\":\"M\u00e9dium-th\u00e9rapeute.com\",\"description\":\"Medium et formation medium \u00e0 Toulouse\",\"publisher\":{\"@id\":\"https:\\\/\\\/www.mediumtherapeute.com\\\/#\\\/schema\\\/person\\\/05ce1992c529ec27907fb7732bcbc37e\"},\"potentialAction\":[{\"@type\":\"SearchAction\",\"target\":{\"@type\":\"EntryPoint\",\"urlTemplate\":\"https:\\\/\\\/www.mediumtherapeute.com\\\/?s={search_term_string}\"},\"query-input\":{\"@type\":\"PropertyValueSpecification\",\"valueRequired\":true,\"valueName\":\"search_term_string\"}}],\"inLanguage\":\"fr-FR\"},{\"@type\":[\"Person\",\"Organization\"],\"@id\":\"https:\\\/\\\/www.mediumtherapeute.com\\\/#\\\/schema\\\/person\\\/05ce1992c529ec27907fb7732bcbc37e\",\"name\":\"pegase\",\"image\":{\"@type\":\"ImageObject\",\"inLanguage\":\"fr-FR\",\"@id\":\"https:\\\/\\\/www.mediumtherapeute.com\\\/wp-content\\\/uploads\\\/2024\\\/04\\\/LOGO-TB.jpg\",\"url\":\"https:\\\/\\\/www.mediumtherapeute.com\\\/wp-content\\\/uploads\\\/2024\\\/04\\\/LOGO-TB.jpg\",\"contentUrl\":\"https:\\\/\\\/www.mediumtherapeute.com\\\/wp-content\\\/uploads\\\/2024\\\/04\\\/LOGO-TB.jpg\",\"width\":571,\"height\":606,\"caption\":\"pegase\"},\"logo\":{\"@id\":\"https:\\\/\\\/www.mediumtherapeute.com\\\/wp-content\\\/uploads\\\/2024\\\/04\\\/LOGO-TB.jpg\"}}]}<\/script>\n<!-- \/ Yoast SEO plugin. -->","yoast_head_json":{"title":"Coaching m\u00e9diumnique - M\u00e9dium-th\u00e9rapeute.com","description":"Coaching m\u00e9diumnique : D\u00e9veloppez vos claircapacit\u00e9s, communiquez avec votre \u00e2me et vos guides, voyagez dans l'astral. SMS au 06.60.10.35.11.","robots":{"index":"index","follow":"follow","max-snippet":"max-snippet:-1","max-image-preview":"max-image-preview:large","max-video-preview":"max-video-preview:-1"},"canonical":"https:\/\/www.mediumtherapeute.com\/index.php\/2170-2\/","og_locale":"fr_FR","og_type":"article","og_title":"Coaching m\u00e9diumnique - M\u00e9dium-th\u00e9rapeute.com","og_description":"Coaching m\u00e9diumnique : D\u00e9veloppez vos claircapacit\u00e9s, communiquez avec votre \u00e2me et vos guides, voyagez dans l'astral. SMS au 06.60.10.35.11.","og_url":"https:\/\/www.mediumtherapeute.com\/index.php\/2170-2\/","og_site_name":"M\u00e9dium-th\u00e9rapeute.com","article_modified_time":"2025-08-12T21:38:16+00:00","og_image":[{"width":1024,"height":1024,"url":"https:\/\/www.mediumtherapeute.com\/wp-content\/uploads\/2024\/04\/d1c5efda-0bc3-40c7-ae40-4e81e4e386bd.jpg","type":"image\/jpeg"}],"twitter_card":"summary_large_image","twitter_misc":{"Dur\u00e9e de lecture estim\u00e9e":"3 minutes"},"schema":{"@context":"https:\/\/schema.org","@graph":[{"@type":"WebPage","@id":"https:\/\/www.mediumtherapeute.com\/index.php\/2170-2\/","url":"https:\/\/www.mediumtherapeute.com\/index.php\/2170-2\/","name":"Coaching m\u00e9diumnique - M\u00e9dium-th\u00e9rapeute.com","isPartOf":{"@id":"https:\/\/www.mediumtherapeute.com\/#website"},"primaryImageOfPage":{"@id":"https:\/\/www.mediumtherapeute.com\/index.php\/2170-2\/#primaryimage"},"image":{"@id":"https:\/\/www.mediumtherapeute.com\/index.php\/2170-2\/#primaryimage"},"thumbnailUrl":"https:\/\/www.mediumtherapeute.com\/wp-content\/uploads\/2024\/04\/d1c5efda-0bc3-40c7-ae40-4e81e4e386bd-300x300.jpg","datePublished":"2019-01-22T15:24:07+00:00","dateModified":"2025-08-12T21:38:16+00:00","description":"Coaching m\u00e9diumnique : D\u00e9veloppez vos claircapacit\u00e9s, communiquez avec votre \u00e2me et vos guides, voyagez dans l'astral. SMS au 06.60.10.35.11.","breadcrumb":{"@id":"https:\/\/www.mediumtherapeute.com\/index.php\/2170-2\/#breadcrumb"},"inLanguage":"fr-FR","potentialAction":[{"@type":"ReadAction","target":["https:\/\/www.mediumtherapeute.com\/index.php\/2170-2\/"]}]},{"@type":"ImageObject","inLanguage":"fr-FR","@id":"https:\/\/www.mediumtherapeute.com\/index.php\/2170-2\/#primaryimage","url":"https:\/\/www.mediumtherapeute.com\/wp-content\/uploads\/2024\/04\/d1c5efda-0bc3-40c7-ae40-4e81e4e386bd.jpg","contentUrl":"https:\/\/www.mediumtherapeute.com\/wp-content\/uploads\/2024\/04\/d1c5efda-0bc3-40c7-ae40-4e81e4e386bd.jpg","width":1024,"height":1024,"caption":"Connexion avec un guide spirituel"},{"@type":"BreadcrumbList","@id":"https:\/\/www.mediumtherapeute.com\/index.php\/2170-2\/#breadcrumb","itemListElement":[{"@type":"ListItem","position":1,"name":"Accueil","item":"https:\/\/www.mediumtherapeute.com\/"},{"@type":"ListItem","position":2,"name":"Coaching m\u00e9diumnique"}]},{"@type":"WebSite","@id":"https:\/\/www.mediumtherapeute.com\/#website","url":"https:\/\/www.mediumtherapeute.com\/","name":"M\u00e9dium-th\u00e9rapeute.com","description":"Medium et formation medium \u00e0 Toulouse","publisher":{"@id":"https:\/\/www.mediumtherapeute.com\/#\/schema\/person\/05ce1992c529ec27907fb7732bcbc37e"},"potentialAction":[{"@type":"SearchAction","target":{"@type":"EntryPoint","urlTemplate":"https:\/\/www.mediumtherapeute.com\/?s={search_term_string}"},"query-input":{"@type":"PropertyValueSpecification","valueRequired":true,"valueName":"search_term_string"}}],"inLanguage":"fr-FR"},{"@type":["Person","Organization"],"@id":"https:\/\/www.mediumtherapeute.com\/#\/schema\/person\/05ce1992c529ec27907fb7732bcbc37e","name":"pegase","image":{"@type":"ImageObject","inLanguage":"fr-FR","@id":"https:\/\/www.mediumtherapeute.com\/wp-content\/uploads\/2024\/04\/LOGO-TB.jpg","url":"https:\/\/www.mediumtherapeute.com\/wp-content\/uploads\/2024\/04\/LOGO-TB.jpg","contentUrl":"https:\/\/www.mediumtherapeute.com\/wp-content\/uploads\/2024\/04\/LOGO-TB.jpg","width":571,"height":606,"caption":"pegase"},"logo":{"@id":"https:\/\/www.mediumtherapeute.com\/wp-content\/uploads\/2024\/04\/LOGO-TB.jpg"}}]}},"_links":{"self":[{"href":"https:\/\/www.mediumtherapeute.com\/index.php\/wp-json\/wp\/v2\/pages\/2170","targetHints":{"allow":["GET"]}}],"collection":[{"href":"https:\/\/www.mediumtherapeute.com\/index.php\/wp-json\/wp\/v2\/pages"}],"about":[{"href":"https:\/\/www.mediumtherapeute.com\/index.php\/wp-json\/wp\/v2\/types\/page"}],"author":[{"embeddable":true,"href":"https:\/\/www.mediumtherapeute.com\/index.php\/wp-json\/wp\/v2\/users\/2"}],"replies":[{"embeddable":true,"href":"https:\/\/www.mediumtherapeute.com\/index.php\/wp-json\/wp\/v2\/comments?post=2170"}],"version-history":[{"count":96,"href":"https:\/\/www.mediumtherapeute.com\/index.php\/wp-json\/wp\/v2\/pages\/2170\/revisions"}],"predecessor-version":[{"id":5495,"href":"https:\/\/www.mediumtherapeute.com\/index.php\/wp-json\/wp\/v2\/pages\/2170\/revisions\/5495"}],"wp:attachment":[{"href":"https:\/\/www.mediumtherapeute.com\/index.php\/wp-json\/wp\/v2\/media?parent=2170"}],"curies":[{"name":"wp","href":"https:\/\/api.w.org\/{rel}","templated":true}]}}