{"id":1967,"date":"2018-01-09T00:09:51","date_gmt":"2018-01-08T23:09:51","guid":{"rendered":"https:\/\/www.mediumtherapeute.com\/?page_id=1967"},"modified":"2024-03-20T14:44:21","modified_gmt":"2024-03-20T13:44:21","slug":"formation-therapeute","status":"publish","type":"page","link":"https:\/\/www.mediumtherapeute.com\/index.php\/formation-therapeute\/","title":{"rendered":"Formation"},"content":{"rendered":"<div style=\"text-align: center;\">Quelque soit votre niveau, je vous propose un accompagnement personnalis\u00e9,<\/div>\n<div style=\"text-align: center;\">seul \u00e0 distance ou en groupe en pr\u00e9sentiel.<\/div>\n<div>\u00a0<\/div>\n<div>\u00a0<\/div>\n<div><strong>Formation m\u00e9diumnit\u00e9 \u00e0 Toulouse<\/strong><\/div>\n<div>\u00a0<\/div>\n<div>Je vous propose de vous accompagner \u00e0 d\u00e9ployer vos ailes lors de cette formation qui se d\u00e9roule sur trois week-ends \u00e0 Muret (31). Vous trouverez dans le contenu de cette formation tous les apprentissages de base pour parfaire votre m\u00e9diumnit\u00e9 et vos claircapacit\u00e9s.\u00a0<\/div>\n<div>Nous essaierons \u00e0 travers de nombreux exercices pratiques de trouver votre mission spirituelle et vous recevrez en fonction tous les pouvoirs de gu\u00e9rison li\u00e9s \u00e0 cette mission.<\/div>\n<div>\u00a0<\/div>\n\n\n<p><strong>Formation m\u00e9diumnit\u00e9 \u00e0 distance<\/strong><\/p>\n\n\n\n<p>Si vous ne pouvez vous d\u00e9placer pour participer aux formations en pr\u00e9sentiel, je vous propose de recevoir mes enseignements \u00e0 distance. Moins th\u00e9orique et plus personnalis\u00e9e que la formation en pr\u00e9sentiel, cette formation a l&rsquo;avantage de vous faire progresser \u00e0 votre rythme et de cibler directement vos besoins en fonction de votre mission. Toutefois, comme pour les formations en pr\u00e9sentiel un pr\u00e9requis de nettoyage \u00e9nerg\u00e9tique est essentiel avant de commencer tout enseignement pour fluidifier la mont\u00e9e vibratoire.<\/p>\n\n\n\n<p><strong>Accompagnement pour th\u00e9rapeute<\/strong><\/p>\n\n\n\n<p>Nouveau ou ancien \u00e9l\u00e8ve, n&rsquo;h\u00e9sitez pas \u00e0 me contacter si vous ressentez un besoin de parfaire votre discipline ou si vous avez besoin de recevoir des cl\u00e9s dans votre mission. Parfois, les marches sont plus faciles \u00e0 gravir lorsque l&rsquo;on est accompagn\u00e9.  <\/p>\n","protected":false},"excerpt":{"rendered":"<p>Quelque soit votre niveau, je vous propose un accompagnement personnalis\u00e9, seul \u00e0 distance ou en groupe en pr\u00e9sentiel. \u00a0 \u00a0 Formation m\u00e9diumnit\u00e9 \u00e0 Toulouse \u00a0 Je vous propose de vous accompagner \u00e0 d\u00e9ployer vos ailes lors de cette formation qui se d\u00e9roule sur trois week-ends \u00e0 Muret (31). Vous trouverez dans le contenu de cette [&hellip;]<\/p>\n","protected":false},"author":2,"featured_media":1970,"parent":0,"menu_order":0,"comment_status":"closed","ping_status":"closed","template":"","meta":{"footnotes":""},"class_list":["post-1967","page","type-page","status-publish","has-post-thumbnail","hentry"],"yoast_head":"<!-- This site is optimized with the Yoast SEO plugin v27.5 - https:\/\/yoast.com\/product\/yoast-seo-wordpress\/ -->\n<title>Formation - M\u00e9dium-th\u00e9rapeute.com<\/title>\n<meta name=\"description\" content=\"Formation m\u00e9dium th\u00e9rapeute compl\u00e8te en 3 sessions sur 3 mois cons\u00e9cutifs (\u00e9nerg\u00e9tique, gu\u00e9rison, \u00e9motionnel, d\u00e9gagement...)\" \/>\n<meta name=\"robots\" content=\"index, follow, max-snippet:-1, max-image-preview:large, max-video-preview:-1\" \/>\n<link rel=\"canonical\" href=\"https:\/\/www.mediumtherapeute.com\/index.php\/formation-therapeute\/\" \/>\n<meta property=\"og:locale\" content=\"fr_FR\" \/>\n<meta property=\"og:type\" content=\"article\" \/>\n<meta property=\"og:title\" content=\"Formation - M\u00e9dium-th\u00e9rapeute.com\" \/>\n<meta property=\"og:description\" content=\"Formation m\u00e9dium th\u00e9rapeute compl\u00e8te en 3 sessions sur 3 mois cons\u00e9cutifs (\u00e9nerg\u00e9tique, gu\u00e9rison, \u00e9motionnel, d\u00e9gagement...)\" \/>\n<meta property=\"og:url\" content=\"https:\/\/www.mediumtherapeute.com\/index.php\/formation-therapeute\/\" \/>\n<meta property=\"og:site_name\" content=\"M\u00e9dium-th\u00e9rapeute.com\" \/>\n<meta property=\"article:modified_time\" content=\"2024-03-20T13:44:21+00:00\" \/>\n<meta name=\"twitter:card\" content=\"summary_large_image\" \/>\n<meta name=\"twitter:label1\" content=\"Dur\u00e9e de lecture estim\u00e9e\" \/>\n\t<meta name=\"twitter:data1\" content=\"1 minute\" \/>\n<script type=\"application\/ld+json\" class=\"yoast-schema-graph\">{\"@context\":\"https:\\\/\\\/schema.org\",\"@graph\":[{\"@type\":\"WebPage\",\"@id\":\"https:\\\/\\\/www.mediumtherapeute.com\\\/index.php\\\/formation-therapeute\\\/\",\"url\":\"https:\\\/\\\/www.mediumtherapeute.com\\\/index.php\\\/formation-therapeute\\\/\",\"name\":\"Formation - M\u00e9dium-th\u00e9rapeute.com\",\"isPartOf\":{\"@id\":\"https:\\\/\\\/www.mediumtherapeute.com\\\/#website\"},\"primaryImageOfPage\":{\"@id\":\"https:\\\/\\\/www.mediumtherapeute.com\\\/index.php\\\/formation-therapeute\\\/#primaryimage\"},\"image\":{\"@id\":\"https:\\\/\\\/www.mediumtherapeute.com\\\/index.php\\\/formation-therapeute\\\/#primaryimage\"},\"thumbnailUrl\":\"\",\"datePublished\":\"2018-01-08T23:09:51+00:00\",\"dateModified\":\"2024-03-20T13:44:21+00:00\",\"description\":\"Formation m\u00e9dium th\u00e9rapeute compl\u00e8te en 3 sessions sur 3 mois cons\u00e9cutifs (\u00e9nerg\u00e9tique, gu\u00e9rison, \u00e9motionnel, d\u00e9gagement...)\",\"breadcrumb\":{\"@id\":\"https:\\\/\\\/www.mediumtherapeute.com\\\/index.php\\\/formation-therapeute\\\/#breadcrumb\"},\"inLanguage\":\"fr-FR\",\"potentialAction\":[{\"@type\":\"ReadAction\",\"target\":[\"https:\\\/\\\/www.mediumtherapeute.com\\\/index.php\\\/formation-therapeute\\\/\"]}]},{\"@type\":\"ImageObject\",\"inLanguage\":\"fr-FR\",\"@id\":\"https:\\\/\\\/www.mediumtherapeute.com\\\/index.php\\\/formation-therapeute\\\/#primaryimage\",\"url\":\"\",\"contentUrl\":\"\"},{\"@type\":\"BreadcrumbList\",\"@id\":\"https:\\\/\\\/www.mediumtherapeute.com\\\/index.php\\\/formation-therapeute\\\/#breadcrumb\",\"itemListElement\":[{\"@type\":\"ListItem\",\"position\":1,\"name\":\"Accueil\",\"item\":\"https:\\\/\\\/www.mediumtherapeute.com\\\/\"},{\"@type\":\"ListItem\",\"position\":2,\"name\":\"Formation\"}]},{\"@type\":\"WebSite\",\"@id\":\"https:\\\/\\\/www.mediumtherapeute.com\\\/#website\",\"url\":\"https:\\\/\\\/www.mediumtherapeute.com\\\/\",\"name\":\"M\u00e9dium-th\u00e9rapeute.com\",\"description\":\"Medium et formation medium \u00e0 Toulouse\",\"publisher\":{\"@id\":\"https:\\\/\\\/www.mediumtherapeute.com\\\/#\\\/schema\\\/person\\\/05ce1992c529ec27907fb7732bcbc37e\"},\"potentialAction\":[{\"@type\":\"SearchAction\",\"target\":{\"@type\":\"EntryPoint\",\"urlTemplate\":\"https:\\\/\\\/www.mediumtherapeute.com\\\/?s={search_term_string}\"},\"query-input\":{\"@type\":\"PropertyValueSpecification\",\"valueRequired\":true,\"valueName\":\"search_term_string\"}}],\"inLanguage\":\"fr-FR\"},{\"@type\":[\"Person\",\"Organization\"],\"@id\":\"https:\\\/\\\/www.mediumtherapeute.com\\\/#\\\/schema\\\/person\\\/05ce1992c529ec27907fb7732bcbc37e\",\"name\":\"pegase\",\"image\":{\"@type\":\"ImageObject\",\"inLanguage\":\"fr-FR\",\"@id\":\"https:\\\/\\\/www.mediumtherapeute.com\\\/wp-content\\\/uploads\\\/2024\\\/04\\\/LOGO-TB.jpg\",\"url\":\"https:\\\/\\\/www.mediumtherapeute.com\\\/wp-content\\\/uploads\\\/2024\\\/04\\\/LOGO-TB.jpg\",\"contentUrl\":\"https:\\\/\\\/www.mediumtherapeute.com\\\/wp-content\\\/uploads\\\/2024\\\/04\\\/LOGO-TB.jpg\",\"width\":571,\"height\":606,\"caption\":\"pegase\"},\"logo\":{\"@id\":\"https:\\\/\\\/www.mediumtherapeute.com\\\/wp-content\\\/uploads\\\/2024\\\/04\\\/LOGO-TB.jpg\"}}]}<\/script>\n<!-- \/ Yoast SEO plugin. -->","yoast_head_json":{"title":"Formation - M\u00e9dium-th\u00e9rapeute.com","description":"Formation m\u00e9dium th\u00e9rapeute compl\u00e8te en 3 sessions sur 3 mois cons\u00e9cutifs (\u00e9nerg\u00e9tique, gu\u00e9rison, \u00e9motionnel, d\u00e9gagement...)","robots":{"index":"index","follow":"follow","max-snippet":"max-snippet:-1","max-image-preview":"max-image-preview:large","max-video-preview":"max-video-preview:-1"},"canonical":"https:\/\/www.mediumtherapeute.com\/index.php\/formation-therapeute\/","og_locale":"fr_FR","og_type":"article","og_title":"Formation - M\u00e9dium-th\u00e9rapeute.com","og_description":"Formation m\u00e9dium th\u00e9rapeute compl\u00e8te en 3 sessions sur 3 mois cons\u00e9cutifs (\u00e9nerg\u00e9tique, gu\u00e9rison, \u00e9motionnel, d\u00e9gagement...)","og_url":"https:\/\/www.mediumtherapeute.com\/index.php\/formation-therapeute\/","og_site_name":"M\u00e9dium-th\u00e9rapeute.com","article_modified_time":"2024-03-20T13:44:21+00:00","twitter_card":"summary_large_image","twitter_misc":{"Dur\u00e9e de lecture estim\u00e9e":"1 minute"},"schema":{"@context":"https:\/\/schema.org","@graph":[{"@type":"WebPage","@id":"https:\/\/www.mediumtherapeute.com\/index.php\/formation-therapeute\/","url":"https:\/\/www.mediumtherapeute.com\/index.php\/formation-therapeute\/","name":"Formation - M\u00e9dium-th\u00e9rapeute.com","isPartOf":{"@id":"https:\/\/www.mediumtherapeute.com\/#website"},"primaryImageOfPage":{"@id":"https:\/\/www.mediumtherapeute.com\/index.php\/formation-therapeute\/#primaryimage"},"image":{"@id":"https:\/\/www.mediumtherapeute.com\/index.php\/formation-therapeute\/#primaryimage"},"thumbnailUrl":"","datePublished":"2018-01-08T23:09:51+00:00","dateModified":"2024-03-20T13:44:21+00:00","description":"Formation m\u00e9dium th\u00e9rapeute compl\u00e8te en 3 sessions sur 3 mois cons\u00e9cutifs (\u00e9nerg\u00e9tique, gu\u00e9rison, \u00e9motionnel, d\u00e9gagement...)","breadcrumb":{"@id":"https:\/\/www.mediumtherapeute.com\/index.php\/formation-therapeute\/#breadcrumb"},"inLanguage":"fr-FR","potentialAction":[{"@type":"ReadAction","target":["https:\/\/www.mediumtherapeute.com\/index.php\/formation-therapeute\/"]}]},{"@type":"ImageObject","inLanguage":"fr-FR","@id":"https:\/\/www.mediumtherapeute.com\/index.php\/formation-therapeute\/#primaryimage","url":"","contentUrl":""},{"@type":"BreadcrumbList","@id":"https:\/\/www.mediumtherapeute.com\/index.php\/formation-therapeute\/#breadcrumb","itemListElement":[{"@type":"ListItem","position":1,"name":"Accueil","item":"https:\/\/www.mediumtherapeute.com\/"},{"@type":"ListItem","position":2,"name":"Formation"}]},{"@type":"WebSite","@id":"https:\/\/www.mediumtherapeute.com\/#website","url":"https:\/\/www.mediumtherapeute.com\/","name":"M\u00e9dium-th\u00e9rapeute.com","description":"Medium et formation medium \u00e0 Toulouse","publisher":{"@id":"https:\/\/www.mediumtherapeute.com\/#\/schema\/person\/05ce1992c529ec27907fb7732bcbc37e"},"potentialAction":[{"@type":"SearchAction","target":{"@type":"EntryPoint","urlTemplate":"https:\/\/www.mediumtherapeute.com\/?s={search_term_string}"},"query-input":{"@type":"PropertyValueSpecification","valueRequired":true,"valueName":"search_term_string"}}],"inLanguage":"fr-FR"},{"@type":["Person","Organization"],"@id":"https:\/\/www.mediumtherapeute.com\/#\/schema\/person\/05ce1992c529ec27907fb7732bcbc37e","name":"pegase","image":{"@type":"ImageObject","inLanguage":"fr-FR","@id":"https:\/\/www.mediumtherapeute.com\/wp-content\/uploads\/2024\/04\/LOGO-TB.jpg","url":"https:\/\/www.mediumtherapeute.com\/wp-content\/uploads\/2024\/04\/LOGO-TB.jpg","contentUrl":"https:\/\/www.mediumtherapeute.com\/wp-content\/uploads\/2024\/04\/LOGO-TB.jpg","width":571,"height":606,"caption":"pegase"},"logo":{"@id":"https:\/\/www.mediumtherapeute.com\/wp-content\/uploads\/2024\/04\/LOGO-TB.jpg"}}]}},"_links":{"self":[{"href":"https:\/\/www.mediumtherapeute.com\/index.php\/wp-json\/wp\/v2\/pages\/1967","targetHints":{"allow":["GET"]}}],"collection":[{"href":"https:\/\/www.mediumtherapeute.com\/index.php\/wp-json\/wp\/v2\/pages"}],"about":[{"href":"https:\/\/www.mediumtherapeute.com\/index.php\/wp-json\/wp\/v2\/types\/page"}],"author":[{"embeddable":true,"href":"https:\/\/www.mediumtherapeute.com\/index.php\/wp-json\/wp\/v2\/users\/2"}],"replies":[{"embeddable":true,"href":"https:\/\/www.mediumtherapeute.com\/index.php\/wp-json\/wp\/v2\/comments?post=1967"}],"version-history":[{"count":81,"href":"https:\/\/www.mediumtherapeute.com\/index.php\/wp-json\/wp\/v2\/pages\/1967\/revisions"}],"predecessor-version":[{"id":4218,"href":"https:\/\/www.mediumtherapeute.com\/index.php\/wp-json\/wp\/v2\/pages\/1967\/revisions\/4218"}],"wp:featuredmedia":[{"embeddable":true,"href":"https:\/\/www.mediumtherapeute.com\/index.php\/wp-json\/"}],"wp:attachment":[{"href":"https:\/\/www.mediumtherapeute.com\/index.php\/wp-json\/wp\/v2\/media?parent=1967"}],"curies":[{"name":"wp","href":"https:\/\/api.w.org\/{rel}","templated":true}]}}