{"id":152,"date":"2014-09-05T09:09:04","date_gmt":"2014-09-05T08:09:04","guid":{"rendered":"http:\/\/mediumtherapeute.com\/?page_id=152"},"modified":"2024-07-10T22:36:35","modified_gmt":"2024-07-10T20:36:35","slug":"liens","status":"publish","type":"page","link":"https:\/\/www.mediumtherapeute.com\/index.php\/liens\/","title":{"rendered":"Bio"},"content":{"rendered":"\t\t<div data-elementor-type=\"wp-page\" data-elementor-id=\"152\" class=\"elementor elementor-152\">\n\t\t\t\t<div class=\"elementor-element elementor-element-c45fc34 e-flex e-con-boxed e-con e-parent\" data-id=\"c45fc34\" data-element_type=\"container\" data-e-type=\"container\">\n\t\t\t\t\t<div class=\"e-con-inner\">\n\t\t<div class=\"elementor-element elementor-element-c04ec68 e-con-full e-flex e-con e-child\" data-id=\"c04ec68\" data-element_type=\"container\" data-e-type=\"container\">\n\t\t\t\t<div class=\"elementor-element elementor-element-1765232 elementor-widget__width-initial elementor-widget elementor-widget-image\" data-id=\"1765232\" data-element_type=\"widget\" data-e-type=\"widget\" data-widget_type=\"image.default\">\n\t\t\t\t\t\t\t\t\t\t\t\t\t\t\t<img fetchpriority=\"high\" decoding=\"async\" width=\"768\" height=\"994\" src=\"https:\/\/www.mediumtherapeute.com\/wp-content\/uploads\/2024\/07\/Peggy-1111218-1-768x994.jpg\" class=\"attachment-medium_large size-medium_large wp-image-4671\" alt=\"Peggy Sanchez\" srcset=\"https:\/\/www.mediumtherapeute.com\/wp-content\/uploads\/2024\/07\/Peggy-1111218-1-768x994.jpg 768w, https:\/\/www.mediumtherapeute.com\/wp-content\/uploads\/2024\/07\/Peggy-1111218-1-232x300.jpg 232w, https:\/\/www.mediumtherapeute.com\/wp-content\/uploads\/2024\/07\/Peggy-1111218-1-791x1024.jpg 791w, https:\/\/www.mediumtherapeute.com\/wp-content\/uploads\/2024\/07\/Peggy-1111218-1-1187x1536.jpg 1187w, https:\/\/www.mediumtherapeute.com\/wp-content\/uploads\/2024\/07\/Peggy-1111218-1-1583x2048.jpg 1583w, https:\/\/www.mediumtherapeute.com\/wp-content\/uploads\/2024\/07\/Peggy-1111218-1-scaled.jpg 1978w\" sizes=\"(max-width: 768px) 100vw, 768px\" \/>\t\t\t\t\t\t\t\t\t\t\t\t\t\t\t<\/div>\n\t\t\t\t<\/div>\n\t\t<div class=\"elementor-element elementor-element-f15cdfe e-con-full e-flex e-con e-child\" data-id=\"f15cdfe\" data-element_type=\"container\" data-e-type=\"container\">\n\t\t\t\t<div class=\"elementor-element elementor-element-01dd5ef elementor-widget elementor-widget-text-editor\" data-id=\"01dd5ef\" data-element_type=\"widget\" data-e-type=\"widget\" data-widget_type=\"text-editor.default\">\n\t\t\t\t\t\t\t\t\t<div>D\u00e8s mon plus jeune \u00e2ge, j&rsquo;ai \u00e9t\u00e9 initi\u00e9e au monde mystique par ma m\u00e8re qui nous emmenait, mes s\u0153urs et moi, chez une voyante et gu\u00e9risseuse. Les pr\u00e9dictions de cette derni\u00e8re se sont av\u00e9r\u00e9es exactes avec le temps, renfor\u00e7ant ainsi ma conscience pour le paranormal.\u00a0<\/div>\n<div>\u00c0 l&rsquo;\u00e2ge de sept ans, j&rsquo;ai per\u00e7u pour la premi\u00e8re fois le prana autour de moi (\u00e9nergie astrale reliant les plans entre eux). Trois ans plus tard, j&rsquo;ai tent\u00e9 l&rsquo;\u00e9criture automatique, sans succ\u00e8s. \u00c0 l&rsquo;adolescence, j&rsquo;ai \u00e9t\u00e9 confront\u00e9e \u00e0 la perte de mon p\u00e8re et de mon meilleur ami, ce qui m&rsquo;a pouss\u00e9e \u00e0 m&rsquo;interroger sur l&rsquo;existence de la vie apr\u00e8s la mort. Un an apr\u00e8s son d\u00e9part, mon ami d\u00e9funt est venu me r\u00e9conforter \u00ab\u00a0d&rsquo;une main sur l&rsquo;\u00e9paule\u00a0\u00bb, me donnant ainsi une preuve tangible de l&rsquo;existence de l&rsquo;au-del\u00e0.<\/div>\n<div>Passionn\u00e9e par les arts divinatoires, j&rsquo;ai explor\u00e9 diverses pratiques telles que la cartomancie, l&rsquo;astrologie et la radiesth\u00e9sie. J&rsquo;ai \u00e9galement d\u00e9couvert les pouvoirs de l&rsquo;inconscient et de la loi d&rsquo;attraction gr\u00e2ce \u00e0 des techniques de visualisation et d&rsquo;auto-hypnose. \u00c0 l&rsquo;\u00e2ge de 17 ans, j&rsquo;ai notamment exp\u00e9riment\u00e9 l&rsquo;hypnose r\u00e9gressive et ai pu revisiter deux de mes vies ant\u00e9rieures. Je me suis m\u00eame entra\u00een\u00e9e par la suite \u00e0 reproduire l&rsquo;exp\u00e9rience avec des amis, avec succ\u00e8s.<\/div>\t\t\t\t\t\t\t\t<\/div>\n\t\t\t\t<\/div>\n\t\t\t\t\t<\/div>\n\t\t\t\t<\/div>\n\t\t<div class=\"elementor-element elementor-element-73adff21 e-flex e-con-boxed e-con e-parent\" data-id=\"73adff21\" data-element_type=\"container\" data-e-type=\"container\">\n\t\t\t\t\t<div class=\"e-con-inner\">\n\t\t\t\t<div class=\"elementor-element elementor-element-39faf9c9 elementor-widget elementor-widget-text-editor\" data-id=\"39faf9c9\" data-element_type=\"widget\" data-e-type=\"widget\" data-widget_type=\"text-editor.default\">\n\t\t\t\t\t\t\t\t\t\n<p>En 2013, j&rsquo;ai re\u00e7u, fascin\u00e9e, mes premi\u00e8res consultations m\u00e9diumniques et soins \u00e9nerg\u00e9tiques. J&rsquo;ai commenc\u00e9 \u00e0 pratiquer la m\u00e9ditation et \u00e0 suivre des stages de reiki pour ouvrir mon canal. J&rsquo;ai re\u00e7u mes premi\u00e8res intuitions, abord\u00e9 les synchronicit\u00e9s avec plus de clart\u00e9. J&rsquo;ai appris de nombreuses techniques tels que l&rsquo;EFT, Hoponopono, la lithoth\u00e9rapie, et le pouvoir des pri\u00e8res et des flammes sacr\u00e9es&#8230; J&rsquo;ai \u00e9galement commenc\u00e9 \u00e0 tirer les oracles et \u00e0 accompagner les personnes qui se pr\u00e9sentaient \u00e0 moi, pour \u00eatre \u00e9clair\u00e9es. Deux moments marquants resteront grav\u00e9s \u00e0 jamais : l&rsquo;ouverture de mon troisi\u00e8me \u0153il et la visite de \u00ab\u00a0J\u00e9sus\u00a0\u00bb. D\u00e9but 2014, mon guide spirituel s&rsquo;est manifest\u00e9 et m&rsquo;aide \u00e0 faire mes premi\u00e8res guidances et soins \u00e9motionnels.<\/p>\n\n<p>En octobre 2014, j&rsquo;ai lanc\u00e9 mon activit\u00e9 de m\u00e9dium-th\u00e9rapeute et deux ateliers pour \u00ab\u00a0se connecter \u00e0 son \u00e2me\u00a0\u00bb et \u00ab\u00a0ses guides\u00a0\u00bb. Avec un groupe d&rsquo;amis \u00e9nerg\u00e9ticiens, nous avons travaill\u00e9 \u00e0 d\u00e9velopper notre m\u00e9diumnit\u00e9 et avons exp\u00e9riment\u00e9 les voyages astraux. Chaque ann\u00e9e, j&rsquo;ai enrichi mon panel de soins en apprenant de nouvelles techniques et de nouveaux protocoles de soin. En voyageant dans l&rsquo;astral, je me suis connect\u00e9e \u00e0 diff\u00e9rentes plan\u00e8tes intergalactiques. J&rsquo;ai rencontr\u00e9 de nombreux \u00eatres de\u00a0divers plans (Anc\u00eatres, \u00catres de la Nature, \u00catres de Lumi\u00e8re, Ma\u00eetres ascensionn\u00e9s, guides intergalactiques, etc)\u00a0et j&rsquo;ai pu recevoir divers outils astraux de gu\u00e9rison. Mon importante ascension vibratoire a permis de d\u00e9cupler ma force et la qualit\u00e9 de mes prestations.<\/p>\n\n<p>Depuis dix ans, je suis heureuse d&rsquo;accompagner les \u00e2mes sur leur chemin et depuis cinq ans, de former de nouveaux praticiens dans l&rsquo;ouverture de leur m\u00e9diumnit\u00e9 et de leur pouvoir de gu\u00e9rison.<\/p>\n\n<div class=\"wp-block-media-text is-stacked-on-mobile\" style=\"grid-template-columns: 24% auto;\">\n<figure class=\"wp-block-media-text__media\"><img decoding=\"async\" class=\"wp-image-4511  alignright\" src=\"https:\/\/www.mediumtherapeute.com\/wp-content\/uploads\/2024\/05\/image-1024x358.png\" alt=\"\" width=\"179\" height=\"63\" srcset=\"https:\/\/www.mediumtherapeute.com\/wp-content\/uploads\/2024\/05\/image-1024x358.png 1024w, https:\/\/www.mediumtherapeute.com\/wp-content\/uploads\/2024\/05\/image-300x105.png 300w, https:\/\/www.mediumtherapeute.com\/wp-content\/uploads\/2024\/05\/image-768x269.png 768w, https:\/\/www.mediumtherapeute.com\/wp-content\/uploads\/2024\/05\/image.png 1500w\" sizes=\"(max-width: 179px) 100vw, 179px\" \/><\/figure>\n<div class=\"wp-block-media-text__content\">\n<p>\u00a0<\/p>\n<\/div>\n<\/div>\n\n<blockquote>\n<h3><strong>Mes Partenaires<\/strong><\/h3>\n<ul>\n<li>V\u00e9ronique Paret, <a href=\"https:\/\/www.veroniqueparet-medium.fr\/accueil\">m\u00e9dium-th\u00e9rapeute &amp; d\u00e9senvo\u00fbtrice<\/a> &#8211; <em>07.87.49.74.54 <\/em>\u00a0(Auterive)<\/li>\n<li>Fatima El Yacoubi, <a href=\"https:\/\/www.fatimaharmony.com\/\">th\u00e9rapeute \u00e9nerg\u00e9tique<\/a> &#8211; 06.08.58.84.28 (Tarbes)<\/li>\n<\/ul>\n<\/blockquote>\n<blockquote>\n<ul>\n<li>Nutrimenthe, <a href=\"https:\/\/www.nutrimenthe-muret.com\/\">parapharmacie bio et naturelle<\/a> &#8211; (Muret)<\/li>\n<li>Axel Ange, boutique \u00e9sot\u00e9rique (31, rue Matabiau &#8211; Toulouse)<\/li>\n<li>Bacane, <a href=\"https:\/\/www.facebook.com\/Bacane-bijoux-et-accessoires-124388367749519\/\">bijoux \u00e9nerg\u00e9tiques et cr\u00e9ation sur mesure<\/a> (Ari\u00e8ge)<\/li>\n<\/ul>\n<\/blockquote>\t\t\t\t\t\t\t\t<\/div>\n\t\t\t\t\t<\/div>\n\t\t\t\t<\/div>\n\t\t\t\t<\/div>\n\t\t","protected":false},"excerpt":{"rendered":"<p>D\u00e8s mon plus jeune \u00e2ge, j&rsquo;ai \u00e9t\u00e9 initi\u00e9e au monde mystique par ma m\u00e8re qui nous emmenait, mes s\u0153urs et moi, chez une voyante et gu\u00e9risseuse. Les pr\u00e9dictions de cette derni\u00e8re se sont av\u00e9r\u00e9es exactes avec le temps, renfor\u00e7ant ainsi ma conscience pour le paranormal.\u00a0 \u00c0 l&rsquo;\u00e2ge de sept ans, j&rsquo;ai per\u00e7u pour la premi\u00e8re [&hellip;]<\/p>\n","protected":false},"author":2,"featured_media":0,"parent":0,"menu_order":0,"comment_status":"closed","ping_status":"closed","template":"","meta":{"footnotes":""},"class_list":["post-152","page","type-page","status-publish","hentry"],"yoast_head":"<!-- This site is optimized with the Yoast SEO plugin v27.4 - https:\/\/yoast.com\/product\/yoast-seo-wordpress\/ -->\n<title>Bio - M\u00e9dium-th\u00e9rapeute.com<\/title>\n<meta name=\"robots\" content=\"index, follow, max-snippet:-1, max-image-preview:large, max-video-preview:-1\" \/>\n<link rel=\"canonical\" href=\"https:\/\/www.mediumtherapeute.com\/index.php\/liens\/\" \/>\n<meta property=\"og:locale\" content=\"fr_FR\" \/>\n<meta property=\"og:type\" content=\"article\" \/>\n<meta property=\"og:title\" content=\"Bio - M\u00e9dium-th\u00e9rapeute.com\" \/>\n<meta property=\"og:description\" content=\"D\u00e8s mon plus jeune \u00e2ge, j&rsquo;ai \u00e9t\u00e9 initi\u00e9e au monde mystique par ma m\u00e8re qui nous emmenait, mes s\u0153urs et moi, chez une voyante et gu\u00e9risseuse. Les pr\u00e9dictions de cette derni\u00e8re se sont av\u00e9r\u00e9es exactes avec le temps, renfor\u00e7ant ainsi ma conscience pour le paranormal.\u00a0 \u00c0 l&rsquo;\u00e2ge de sept ans, j&rsquo;ai per\u00e7u pour la premi\u00e8re [&hellip;]\" \/>\n<meta property=\"og:url\" content=\"https:\/\/www.mediumtherapeute.com\/index.php\/liens\/\" \/>\n<meta property=\"og:site_name\" content=\"M\u00e9dium-th\u00e9rapeute.com\" \/>\n<meta property=\"article:modified_time\" content=\"2024-07-10T20:36:35+00:00\" \/>\n<meta property=\"og:image\" content=\"https:\/\/www.mediumtherapeute.com\/wp-content\/uploads\/2024\/07\/Peggy-1111218-1-768x994.jpg\" \/>\n<meta name=\"twitter:card\" content=\"summary_large_image\" \/>\n<meta name=\"twitter:label1\" content=\"Dur\u00e9e de lecture estim\u00e9e\" \/>\n\t<meta name=\"twitter:data1\" content=\"3 minutes\" \/>\n<script type=\"application\/ld+json\" class=\"yoast-schema-graph\">{\"@context\":\"https:\\\/\\\/schema.org\",\"@graph\":[{\"@type\":\"WebPage\",\"@id\":\"https:\\\/\\\/www.mediumtherapeute.com\\\/index.php\\\/liens\\\/\",\"url\":\"https:\\\/\\\/www.mediumtherapeute.com\\\/index.php\\\/liens\\\/\",\"name\":\"Bio - M\u00e9dium-th\u00e9rapeute.com\",\"isPartOf\":{\"@id\":\"https:\\\/\\\/www.mediumtherapeute.com\\\/#website\"},\"primaryImageOfPage\":{\"@id\":\"https:\\\/\\\/www.mediumtherapeute.com\\\/index.php\\\/liens\\\/#primaryimage\"},\"image\":{\"@id\":\"https:\\\/\\\/www.mediumtherapeute.com\\\/index.php\\\/liens\\\/#primaryimage\"},\"thumbnailUrl\":\"http:\\\/\\\/www.mediumtherapeute.com\\\/wp-content\\\/uploads\\\/2024\\\/07\\\/Peggy-1111218-1-768x994.jpg\",\"datePublished\":\"2014-09-05T08:09:04+00:00\",\"dateModified\":\"2024-07-10T20:36:35+00:00\",\"breadcrumb\":{\"@id\":\"https:\\\/\\\/www.mediumtherapeute.com\\\/index.php\\\/liens\\\/#breadcrumb\"},\"inLanguage\":\"fr-FR\",\"potentialAction\":[{\"@type\":\"ReadAction\",\"target\":[\"https:\\\/\\\/www.mediumtherapeute.com\\\/index.php\\\/liens\\\/\"]}]},{\"@type\":\"ImageObject\",\"inLanguage\":\"fr-FR\",\"@id\":\"https:\\\/\\\/www.mediumtherapeute.com\\\/index.php\\\/liens\\\/#primaryimage\",\"url\":\"https:\\\/\\\/www.mediumtherapeute.com\\\/wp-content\\\/uploads\\\/2024\\\/07\\\/Peggy-1111218-1-scaled.jpg\",\"contentUrl\":\"https:\\\/\\\/www.mediumtherapeute.com\\\/wp-content\\\/uploads\\\/2024\\\/07\\\/Peggy-1111218-1-scaled.jpg\",\"width\":1978,\"height\":2560,\"caption\":\"Peggy Sanchez\"},{\"@type\":\"BreadcrumbList\",\"@id\":\"https:\\\/\\\/www.mediumtherapeute.com\\\/index.php\\\/liens\\\/#breadcrumb\",\"itemListElement\":[{\"@type\":\"ListItem\",\"position\":1,\"name\":\"Accueil\",\"item\":\"https:\\\/\\\/www.mediumtherapeute.com\\\/\"},{\"@type\":\"ListItem\",\"position\":2,\"name\":\"Bio\"}]},{\"@type\":\"WebSite\",\"@id\":\"https:\\\/\\\/www.mediumtherapeute.com\\\/#website\",\"url\":\"https:\\\/\\\/www.mediumtherapeute.com\\\/\",\"name\":\"M\u00e9dium-th\u00e9rapeute.com\",\"description\":\"Medium et formation medium \u00e0 Toulouse\",\"publisher\":{\"@id\":\"https:\\\/\\\/www.mediumtherapeute.com\\\/#\\\/schema\\\/person\\\/05ce1992c529ec27907fb7732bcbc37e\"},\"potentialAction\":[{\"@type\":\"SearchAction\",\"target\":{\"@type\":\"EntryPoint\",\"urlTemplate\":\"https:\\\/\\\/www.mediumtherapeute.com\\\/?s={search_term_string}\"},\"query-input\":{\"@type\":\"PropertyValueSpecification\",\"valueRequired\":true,\"valueName\":\"search_term_string\"}}],\"inLanguage\":\"fr-FR\"},{\"@type\":[\"Person\",\"Organization\"],\"@id\":\"https:\\\/\\\/www.mediumtherapeute.com\\\/#\\\/schema\\\/person\\\/05ce1992c529ec27907fb7732bcbc37e\",\"name\":\"pegase\",\"image\":{\"@type\":\"ImageObject\",\"inLanguage\":\"fr-FR\",\"@id\":\"https:\\\/\\\/www.mediumtherapeute.com\\\/wp-content\\\/uploads\\\/2024\\\/04\\\/LOGO-TB.jpg\",\"url\":\"https:\\\/\\\/www.mediumtherapeute.com\\\/wp-content\\\/uploads\\\/2024\\\/04\\\/LOGO-TB.jpg\",\"contentUrl\":\"https:\\\/\\\/www.mediumtherapeute.com\\\/wp-content\\\/uploads\\\/2024\\\/04\\\/LOGO-TB.jpg\",\"width\":571,\"height\":606,\"caption\":\"pegase\"},\"logo\":{\"@id\":\"https:\\\/\\\/www.mediumtherapeute.com\\\/wp-content\\\/uploads\\\/2024\\\/04\\\/LOGO-TB.jpg\"}}]}<\/script>\n<!-- \/ Yoast SEO plugin. -->","yoast_head_json":{"title":"Bio - M\u00e9dium-th\u00e9rapeute.com","robots":{"index":"index","follow":"follow","max-snippet":"max-snippet:-1","max-image-preview":"max-image-preview:large","max-video-preview":"max-video-preview:-1"},"canonical":"https:\/\/www.mediumtherapeute.com\/index.php\/liens\/","og_locale":"fr_FR","og_type":"article","og_title":"Bio - M\u00e9dium-th\u00e9rapeute.com","og_description":"D\u00e8s mon plus jeune \u00e2ge, j&rsquo;ai \u00e9t\u00e9 initi\u00e9e au monde mystique par ma m\u00e8re qui nous emmenait, mes s\u0153urs et moi, chez une voyante et gu\u00e9risseuse. Les pr\u00e9dictions de cette derni\u00e8re se sont av\u00e9r\u00e9es exactes avec le temps, renfor\u00e7ant ainsi ma conscience pour le paranormal.\u00a0 \u00c0 l&rsquo;\u00e2ge de sept ans, j&rsquo;ai per\u00e7u pour la premi\u00e8re [&hellip;]","og_url":"https:\/\/www.mediumtherapeute.com\/index.php\/liens\/","og_site_name":"M\u00e9dium-th\u00e9rapeute.com","article_modified_time":"2024-07-10T20:36:35+00:00","og_image":[{"url":"https:\/\/www.mediumtherapeute.com\/wp-content\/uploads\/2024\/07\/Peggy-1111218-1-768x994.jpg","type":"","width":"","height":""}],"twitter_card":"summary_large_image","twitter_misc":{"Dur\u00e9e de lecture estim\u00e9e":"3 minutes"},"schema":{"@context":"https:\/\/schema.org","@graph":[{"@type":"WebPage","@id":"https:\/\/www.mediumtherapeute.com\/index.php\/liens\/","url":"https:\/\/www.mediumtherapeute.com\/index.php\/liens\/","name":"Bio - M\u00e9dium-th\u00e9rapeute.com","isPartOf":{"@id":"https:\/\/www.mediumtherapeute.com\/#website"},"primaryImageOfPage":{"@id":"https:\/\/www.mediumtherapeute.com\/index.php\/liens\/#primaryimage"},"image":{"@id":"https:\/\/www.mediumtherapeute.com\/index.php\/liens\/#primaryimage"},"thumbnailUrl":"https:\/\/www.mediumtherapeute.com\/wp-content\/uploads\/2024\/07\/Peggy-1111218-1-768x994.jpg","datePublished":"2014-09-05T08:09:04+00:00","dateModified":"2024-07-10T20:36:35+00:00","breadcrumb":{"@id":"https:\/\/www.mediumtherapeute.com\/index.php\/liens\/#breadcrumb"},"inLanguage":"fr-FR","potentialAction":[{"@type":"ReadAction","target":["https:\/\/www.mediumtherapeute.com\/index.php\/liens\/"]}]},{"@type":"ImageObject","inLanguage":"fr-FR","@id":"https:\/\/www.mediumtherapeute.com\/index.php\/liens\/#primaryimage","url":"https:\/\/www.mediumtherapeute.com\/wp-content\/uploads\/2024\/07\/Peggy-1111218-1-scaled.jpg","contentUrl":"https:\/\/www.mediumtherapeute.com\/wp-content\/uploads\/2024\/07\/Peggy-1111218-1-scaled.jpg","width":1978,"height":2560,"caption":"Peggy Sanchez"},{"@type":"BreadcrumbList","@id":"https:\/\/www.mediumtherapeute.com\/index.php\/liens\/#breadcrumb","itemListElement":[{"@type":"ListItem","position":1,"name":"Accueil","item":"https:\/\/www.mediumtherapeute.com\/"},{"@type":"ListItem","position":2,"name":"Bio"}]},{"@type":"WebSite","@id":"https:\/\/www.mediumtherapeute.com\/#website","url":"https:\/\/www.mediumtherapeute.com\/","name":"M\u00e9dium-th\u00e9rapeute.com","description":"Medium et formation medium \u00e0 Toulouse","publisher":{"@id":"https:\/\/www.mediumtherapeute.com\/#\/schema\/person\/05ce1992c529ec27907fb7732bcbc37e"},"potentialAction":[{"@type":"SearchAction","target":{"@type":"EntryPoint","urlTemplate":"https:\/\/www.mediumtherapeute.com\/?s={search_term_string}"},"query-input":{"@type":"PropertyValueSpecification","valueRequired":true,"valueName":"search_term_string"}}],"inLanguage":"fr-FR"},{"@type":["Person","Organization"],"@id":"https:\/\/www.mediumtherapeute.com\/#\/schema\/person\/05ce1992c529ec27907fb7732bcbc37e","name":"pegase","image":{"@type":"ImageObject","inLanguage":"fr-FR","@id":"https:\/\/www.mediumtherapeute.com\/wp-content\/uploads\/2024\/04\/LOGO-TB.jpg","url":"https:\/\/www.mediumtherapeute.com\/wp-content\/uploads\/2024\/04\/LOGO-TB.jpg","contentUrl":"https:\/\/www.mediumtherapeute.com\/wp-content\/uploads\/2024\/04\/LOGO-TB.jpg","width":571,"height":606,"caption":"pegase"},"logo":{"@id":"https:\/\/www.mediumtherapeute.com\/wp-content\/uploads\/2024\/04\/LOGO-TB.jpg"}}]}},"_links":{"self":[{"href":"https:\/\/www.mediumtherapeute.com\/index.php\/wp-json\/wp\/v2\/pages\/152","targetHints":{"allow":["GET"]}}],"collection":[{"href":"https:\/\/www.mediumtherapeute.com\/index.php\/wp-json\/wp\/v2\/pages"}],"about":[{"href":"https:\/\/www.mediumtherapeute.com\/index.php\/wp-json\/wp\/v2\/types\/page"}],"author":[{"embeddable":true,"href":"https:\/\/www.mediumtherapeute.com\/index.php\/wp-json\/wp\/v2\/users\/2"}],"replies":[{"embeddable":true,"href":"https:\/\/www.mediumtherapeute.com\/index.php\/wp-json\/wp\/v2\/comments?post=152"}],"version-history":[{"count":164,"href":"https:\/\/www.mediumtherapeute.com\/index.php\/wp-json\/wp\/v2\/pages\/152\/revisions"}],"predecessor-version":[{"id":4695,"href":"https:\/\/www.mediumtherapeute.com\/index.php\/wp-json\/wp\/v2\/pages\/152\/revisions\/4695"}],"wp:attachment":[{"href":"https:\/\/www.mediumtherapeute.com\/index.php\/wp-json\/wp\/v2\/media?parent=152"}],"curies":[{"name":"wp","href":"https:\/\/api.w.org\/{rel}","templated":true}]}}